{"id":43066,"date":"2026-04-28T22:29:40","date_gmt":"2026-04-28T19:29:40","guid":{"rendered":"https:\/\/www.gasia.com.tr\/?post_type=product&#038;p=43066"},"modified":"2026-04-29T14:17:52","modified_gmt":"2026-04-29T11:17:52","slug":"siyah-elmas-detayli-altin-halka-kolye","status":"publish","type":"product","link":"https:\/\/www.gasia.com.tr\/en\/collections\/siyah-elmas-detayli-altin-halka-kolye\/","title":{"rendered":"Siyah Elmas Detayl\u0131 Alt\u0131n Halka Kolye"},"content":{"rendered":"<p>Minimal formun g\u00fc\u00e7l\u00fc bir dokunu\u015fla bulu\u015ftu\u011fu bu \u00f6zel kolye, merkezinde yer alan siyah elmas detay\u0131yla dikkat \u00e7eker. Alt\u0131n boncuklardan olu\u015fan halka form, \u0131\u015f\u0131\u011f\u0131 farkl\u0131 a\u00e7\u0131lardan yans\u0131tarak hareketli ve canl\u0131 bir g\u00f6r\u00fcn\u00fcm sunar. Dengeli tasar\u0131m\u0131 sayesinde hem tek ba\u015f\u0131na hem de katmanl\u0131 kullan\u0131mda stilinize modern bir karakter kazand\u0131r\u0131r. G\u00fcnl\u00fck \u015f\u0131kl\u0131\u011f\u0131 tamamlayan sade bir par\u00e7a olmas\u0131n\u0131n yan\u0131 s\u0131ra, \u00f6zel anlarda da fark yaratan g\u00fc\u00e7l\u00fc bir aksesuard\u0131r. Zamans\u0131z \u00e7izgilere yak\u0131n duru\u015fu ve \u00f6zg\u00fcn detaylar\u0131yla her kombine kolayca uyum sa\u011flar.<\/p>","protected":false},"excerpt":{"rendered":"<ul>\n<li>14 Ayar Alt\u0131n<\/li>\n<li>0,035 ct 1 adet Siyah P\u0131rlanta<\/li>\n<li>10 mm kolye \u00c7ap\u0131<\/li>\n<li>42 cm uzunluk<\/li>\n<\/ul>","protected":false},"featured_media":43067,"comment_status":"open","ping_status":"closed","template":"","meta":[],"product_brand":[2718],"product_cat":[247,75],"product_tag":[3860,3863,1358,3862,1637,1996,3861,1995,473,273,323,277,1993,483,3859,3848,1632,476],"class_list":{"0":"post-43066","1":"product","2":"type-product","3":"status-publish","4":"has-post-thumbnail","6":"product_brand-gasia-casuals","7":"product_cat-hediyelik","8":"product_cat-kolye","9":"product_tag-altin-halka-kolye","10":"product_tag-beaded-necklace","11":"product_tag-black-diamond-necklace","12":"product_tag-boncuk-kolye","13":"product_tag-elegant-necklace","14":"product_tag-everyday-necklace","15":"product_tag-gold-circle-necklace","16":"product_tag-gunluk-kolye","17":"product_tag-kadin-kolye","18":"product_tag-minimal-kolye","19":"product_tag-minimal-necklace","20":"product_tag-modern-kolye","21":"product_tag-modern-necklace","22":"product_tag-ozel-tasarim-kolye","23":"product_tag-siyah-elmas-kolye","24":"product_tag-unique-design-necklace","25":"product_tag-women-necklace","26":"product_tag-zarif-kolye","27":"pa_cinsiyet-kadin","29":"first","30":"instock","31":"shipping-taxable","32":"purchasable","33":"product-type-simple"},"_links":{"self":[{"href":"https:\/\/www.gasia.com.tr\/en\/wp-json\/wp\/v2\/product\/43066","targetHints":{"allow":["GET"]}}],"collection":[{"href":"https:\/\/www.gasia.com.tr\/en\/wp-json\/wp\/v2\/product"}],"about":[{"href":"https:\/\/www.gasia.com.tr\/en\/wp-json\/wp\/v2\/types\/product"}],"replies":[{"embeddable":true,"href":"https:\/\/www.gasia.com.tr\/en\/wp-json\/wp\/v2\/comments?post=43066"}],"version-history":[{"count":2,"href":"https:\/\/www.gasia.com.tr\/en\/wp-json\/wp\/v2\/product\/43066\/revisions"}],"predecessor-version":[{"id":43091,"href":"https:\/\/www.gasia.com.tr\/en\/wp-json\/wp\/v2\/product\/43066\/revisions\/43091"}],"wp:featuredmedia":[{"embeddable":true,"href":"https:\/\/www.gasia.com.tr\/en\/wp-json\/wp\/v2\/media\/43067"}],"wp:attachment":[{"href":"https:\/\/www.gasia.com.tr\/en\/wp-json\/wp\/v2\/media?parent=43066"}],"wp:term":[{"taxonomy":"product_brand","embeddable":true,"href":"https:\/\/www.gasia.com.tr\/en\/wp-json\/wp\/v2\/product_brand?post=43066"},{"taxonomy":"product_cat","embeddable":true,"href":"https:\/\/www.gasia.com.tr\/en\/wp-json\/wp\/v2\/product_cat?post=43066"},{"taxonomy":"product_tag","embeddable":true,"href":"https:\/\/www.gasia.com.tr\/en\/wp-json\/wp\/v2\/product_tag?post=43066"}],"curies":[{"name":"wp","href":"https:\/\/api.w.org\/{rel}","templated":true}]}}