{"id":43069,"date":"2026-04-28T22:30:00","date_gmt":"2026-04-28T19:30:00","guid":{"rendered":"https:\/\/www.gasia.com.tr\/?post_type=product&#038;p=43069"},"modified":"2026-04-29T14:18:32","modified_gmt":"2026-04-29T11:18:32","slug":"siyah-elmas-detayli-beyaz-altin-halka-kolye","status":"publish","type":"product","link":"https:\/\/www.gasia.com.tr\/en\/collections\/siyah-elmas-detayli-beyaz-altin-halka-kolye\/","title":{"rendered":"Siyah Elmas Detayl\u0131 Beyaz Alt\u0131n Halka Kolye"},"content":{"rendered":"<p>Beyaz alt\u0131n\u0131n parlak ve rafine g\u00f6r\u00fcn\u00fcm\u00fc, merkezde yer alan siyah elmas detay\u0131yla \u00e7arp\u0131c\u0131 bir kontrast olu\u015fturur. K\u00fcre formundaki boncuklar\u0131n birle\u015fimiyle tasarlanan halka yap\u0131, \u0131\u015f\u0131\u011f\u0131 dengeli \u015fekilde yans\u0131tarak sade ama etkileyici bir duru\u015f sunar. G\u00fcnl\u00fck stilinize modern bir dokunu\u015f katarken, katmanl\u0131 kullan\u0131mlarda da g\u00fc\u00e7l\u00fc bir tamamlay\u0131c\u0131 olarak \u00f6ne \u00e7\u0131kar. \u0130nce i\u015f\u00e7ili\u011fi ve dengeli formu sayesinde her kombinle uyum sa\u011flayan, karakter sahibi bir aksesuard\u0131r.<\/p>","protected":false},"excerpt":{"rendered":"<ul>\n<li>14 Ayar Alt\u0131n<\/li>\n<li>0,035 ct 1 adet Siyah P\u0131rlanta<\/li>\n<li>10 mm kolye \u00c7ap\u0131<\/li>\n<li>42 cm uzunluk<\/li>\n<\/ul>","protected":false},"featured_media":43070,"comment_status":"open","ping_status":"closed","template":"","meta":[],"product_brand":[2718],"product_cat":[247,75],"product_tag":[3863,2353,1358,3862,3865,1996,1995,3864,473,273,323,277,1993,483,2828,3866,3859,3848,2938,1632],"class_list":{"0":"post-43069","1":"product","2":"type-product","3":"status-publish","4":"has-post-thumbnail","6":"product_brand-gasia-casuals","7":"product_cat-hediyelik","8":"product_cat-kolye","9":"product_tag-beaded-necklace","10":"product_tag-beyaz-altin-kolye","11":"product_tag-black-diamond-necklace","12":"product_tag-boncuk-kolye","13":"product_tag-circle-necklace","14":"product_tag-everyday-necklace","15":"product_tag-gunluk-kolye","16":"product_tag-halka-kolye","17":"product_tag-kadin-kolye","18":"product_tag-minimal-kolye","19":"product_tag-minimal-necklace","20":"product_tag-modern-kolye","21":"product_tag-modern-necklace","22":"product_tag-ozel-tasarim-kolye","23":"product_tag-sade-kolye","24":"product_tag-simple-necklace","25":"product_tag-siyah-elmas-kolye","26":"product_tag-unique-design-necklace","27":"product_tag-white-gold-necklace","28":"product_tag-women-necklace","29":"pa_cinsiyet-kadin","31":"first","32":"instock","33":"shipping-taxable","34":"purchasable","35":"product-type-simple"},"_links":{"self":[{"href":"https:\/\/www.gasia.com.tr\/en\/wp-json\/wp\/v2\/product\/43069","targetHints":{"allow":["GET"]}}],"collection":[{"href":"https:\/\/www.gasia.com.tr\/en\/wp-json\/wp\/v2\/product"}],"about":[{"href":"https:\/\/www.gasia.com.tr\/en\/wp-json\/wp\/v2\/types\/product"}],"replies":[{"embeddable":true,"href":"https:\/\/www.gasia.com.tr\/en\/wp-json\/wp\/v2\/comments?post=43069"}],"version-history":[{"count":2,"href":"https:\/\/www.gasia.com.tr\/en\/wp-json\/wp\/v2\/product\/43069\/revisions"}],"predecessor-version":[{"id":43092,"href":"https:\/\/www.gasia.com.tr\/en\/wp-json\/wp\/v2\/product\/43069\/revisions\/43092"}],"wp:featuredmedia":[{"embeddable":true,"href":"https:\/\/www.gasia.com.tr\/en\/wp-json\/wp\/v2\/media\/43070"}],"wp:attachment":[{"href":"https:\/\/www.gasia.com.tr\/en\/wp-json\/wp\/v2\/media?parent=43069"}],"wp:term":[{"taxonomy":"product_brand","embeddable":true,"href":"https:\/\/www.gasia.com.tr\/en\/wp-json\/wp\/v2\/product_brand?post=43069"},{"taxonomy":"product_cat","embeddable":true,"href":"https:\/\/www.gasia.com.tr\/en\/wp-json\/wp\/v2\/product_cat?post=43069"},{"taxonomy":"product_tag","embeddable":true,"href":"https:\/\/www.gasia.com.tr\/en\/wp-json\/wp\/v2\/product_tag?post=43069"}],"curies":[{"name":"wp","href":"https:\/\/api.w.org\/{rel}","templated":true}]}}