{"id":43072,"date":"2026-04-28T22:41:51","date_gmt":"2026-04-28T19:41:51","guid":{"rendered":"https:\/\/www.gasia.com.tr\/?post_type=product&#038;p=43072"},"modified":"2026-04-29T14:06:19","modified_gmt":"2026-04-29T11:06:19","slug":"pirlanta-detayli-altin-yarim-ay-halka-kolye","status":"publish","type":"product","link":"https:\/\/www.gasia.com.tr\/en\/collections\/pirlanta-detayli-altin-yarim-ay-halka-kolye\/","title":{"rendered":"P\u0131rlanta Detayl\u0131 Alt\u0131n Yar\u0131m Ay Halka Kolye"},"content":{"rendered":"<p>Geometrik formun yumu\u015fak hatlarla bulu\u015ftu\u011fu bu \u00f6zel kolye, yar\u0131m ay silueti ve alt k\u0131sm\u0131ndaki boncuk detayl\u0131 halka tasar\u0131m\u0131yla dikkat \u00e7eker. \u00dcst b\u00f6l\u00fcmde yer alan p\u0131rlanta dokunu\u015fu, par\u00e7aya ince bir \u0131\u015f\u0131lt\u0131 katarken alt\u0131n tonunun s\u0131cakl\u0131\u011f\u0131yla dengeli bir g\u00f6r\u00fcn\u00fcm sunar. Minimal \u00e7izgilerle tasarlanm\u0131\u015f olmas\u0131na ra\u011fmen karakterli duru\u015fu sayesinde tek ba\u015f\u0131na g\u00fc\u00e7l\u00fc bir stil ifadesi olu\u015fturur. G\u00fcnl\u00fck kombinlere modern bir hava katarken, \u00f6zel anlarda da \u015f\u0131kl\u0131\u011f\u0131n\u0131z\u0131 tamamlayan etkileyici bir aksesuard\u0131r.<\/p>","protected":false},"excerpt":{"rendered":"<ul>\n<li>14 Ayar Alt\u0131n<\/li>\n<li>0,02 ct P\u0131rlanta<\/li>\n<li>9 mm d\u0131\u015f \u00c7ap<\/li>\n<li>45 cm Uzunlu\u011funda Zincir<\/li>\n<\/ul>","protected":false},"featured_media":43073,"comment_status":"open","ping_status":"closed","template":"","meta":[],"product_brand":[2718],"product_cat":[247,75],"product_tag":[278,3863,3862,3865,294,1996,322,1995,3868,3864,473,273,323,277,1993,483,276,3848,1632,3867],"class_list":{"0":"post-43072","1":"product","2":"type-product","3":"status-publish","4":"has-post-thumbnail","6":"product_brand-gasia-casuals","7":"product_cat-hediyelik","8":"product_cat-kolye","9":"product_tag-altin-kolye","10":"product_tag-beaded-necklace","11":"product_tag-boncuk-kolye","12":"product_tag-circle-necklace","13":"product_tag-diamond-necklace","14":"product_tag-everyday-necklace","15":"product_tag-gold-necklace","16":"product_tag-gunluk-kolye","17":"product_tag-half-moon-necklace","18":"product_tag-halka-kolye","19":"product_tag-kadin-kolye","20":"product_tag-minimal-kolye","21":"product_tag-minimal-necklace","22":"product_tag-modern-kolye","23":"product_tag-modern-necklace","24":"product_tag-ozel-tasarim-kolye","25":"product_tag-pirlanta-kolye","26":"product_tag-unique-design-necklace","27":"product_tag-women-necklace","28":"product_tag-yarim-ay-kolye","29":"pa_cinsiyet-kadin","31":"first","32":"instock","33":"shipping-taxable","34":"purchasable","35":"product-type-simple"},"_links":{"self":[{"href":"https:\/\/www.gasia.com.tr\/en\/wp-json\/wp\/v2\/product\/43072","targetHints":{"allow":["GET"]}}],"collection":[{"href":"https:\/\/www.gasia.com.tr\/en\/wp-json\/wp\/v2\/product"}],"about":[{"href":"https:\/\/www.gasia.com.tr\/en\/wp-json\/wp\/v2\/types\/product"}],"replies":[{"embeddable":true,"href":"https:\/\/www.gasia.com.tr\/en\/wp-json\/wp\/v2\/comments?post=43072"}],"version-history":[{"count":3,"href":"https:\/\/www.gasia.com.tr\/en\/wp-json\/wp\/v2\/product\/43072\/revisions"}],"predecessor-version":[{"id":43087,"href":"https:\/\/www.gasia.com.tr\/en\/wp-json\/wp\/v2\/product\/43072\/revisions\/43087"}],"wp:featuredmedia":[{"embeddable":true,"href":"https:\/\/www.gasia.com.tr\/en\/wp-json\/wp\/v2\/media\/43073"}],"wp:attachment":[{"href":"https:\/\/www.gasia.com.tr\/en\/wp-json\/wp\/v2\/media?parent=43072"}],"wp:term":[{"taxonomy":"product_brand","embeddable":true,"href":"https:\/\/www.gasia.com.tr\/en\/wp-json\/wp\/v2\/product_brand?post=43072"},{"taxonomy":"product_cat","embeddable":true,"href":"https:\/\/www.gasia.com.tr\/en\/wp-json\/wp\/v2\/product_cat?post=43072"},{"taxonomy":"product_tag","embeddable":true,"href":"https:\/\/www.gasia.com.tr\/en\/wp-json\/wp\/v2\/product_tag?post=43072"}],"curies":[{"name":"wp","href":"https:\/\/api.w.org\/{rel}","templated":true}]}}