{"id":43075,"date":"2026-04-28T22:43:30","date_gmt":"2026-04-28T19:43:30","guid":{"rendered":"https:\/\/www.gasia.com.tr\/?post_type=product&#038;p=43075"},"modified":"2026-04-29T14:02:42","modified_gmt":"2026-04-29T11:02:42","slug":"basak-burcu-pirlanta-tasli-altin-kolye","status":"publish","type":"product","link":"https:\/\/www.gasia.com.tr\/en\/collections\/basak-burcu-pirlanta-tasli-altin-kolye\/","title":{"rendered":"Ba\u015fak Burcu P\u0131rlanta Ta\u015fl\u0131 Alt\u0131n Kolye"},"content":{"rendered":"<p>Ba\u015fak burcunun karakteristik sembol\u00fcn\u00fc modern \u00e7izgilerle yans\u0131tan bu \u00f6zel kolye, ince ta\u015f detaylar\u0131yla \u0131\u015f\u0131\u011f\u0131 zarif bir \u015fekilde yans\u0131t\u0131r. Alt\u0131n y\u00fczey \u00fczerine yerle\u015ftirilen p\u0131rlanta ta\u015flar, tasar\u0131ma canl\u0131l\u0131k ve dikkat \u00e7ekici bir parlakl\u0131k kazand\u0131r\u0131r. Ak\u0131c\u0131 hatlara sahip formu sayesinde boyunda estetik bir duru\u015f sergiler ve tek ba\u015f\u0131na g\u00fc\u00e7l\u00fc bir stil ifadesi olu\u015fturur. G\u00fcnl\u00fck kullan\u0131mda anlaml\u0131 bir aksesuar olarak \u00f6ne \u00e7\u0131karken, \u00f6zel anlarda da stilinizi tamamlayan ki\u015fisel bir dokunu\u015f sunar. Kendiniz ya da sevdikleriniz i\u00e7in anlam y\u00fckl\u00fc ve \u015f\u0131k bir tercih.<\/p>","protected":false},"excerpt":{"rendered":"<ul>\n<li>18 Ayar 3,58 gr Alt\u0131n<\/li>\n<li>0,27 ct P\u0131rlanta<\/li>\n<li>42 Cm Uzunluk<\/li>\n<\/ul>","protected":false},"featured_media":43076,"comment_status":"open","ping_status":"closed","template":"","meta":[],"product_brand":[2718],"product_cat":[247,75],"product_tag":[278,3874,3873,3869,3871,294,1641,322,307,1640,473,3875,300,2810,276,3870,1632,3872],"class_list":{"0":"post-43075","1":"product","2":"type-product","3":"status-publish","4":"has-post-thumbnail","6":"product_brand-gasia-casuals","7":"product_cat-hediyelik","8":"product_cat-kolye","9":"product_tag-altin-kolye","10":"product_tag-astrology-jewelry","11":"product_tag-astroloji-taki","12":"product_tag-basak-burcu-kolye","13":"product_tag-burc-kolyesi","14":"product_tag-diamond-necklace","15":"product_tag-gift-necklace","16":"product_tag-gold-necklace","17":"product_tag-harf-kolye","18":"product_tag-hediye-kolye","19":"product_tag-kadin-kolye","20":"product_tag-kisisel-taki","21":"product_tag-letter-necklace","22":"product_tag-personalized-jewelry","23":"product_tag-pirlanta-kolye","24":"product_tag-virgo-necklace","25":"product_tag-women-necklace","26":"product_tag-zodiac-necklace","27":"pa_cinsiyet-kadin","29":"first","30":"instock","31":"sale","32":"shipping-taxable","33":"purchasable","34":"product-type-simple"},"_links":{"self":[{"href":"https:\/\/www.gasia.com.tr\/en\/wp-json\/wp\/v2\/product\/43075","targetHints":{"allow":["GET"]}}],"collection":[{"href":"https:\/\/www.gasia.com.tr\/en\/wp-json\/wp\/v2\/product"}],"about":[{"href":"https:\/\/www.gasia.com.tr\/en\/wp-json\/wp\/v2\/types\/product"}],"replies":[{"embeddable":true,"href":"https:\/\/www.gasia.com.tr\/en\/wp-json\/wp\/v2\/comments?post=43075"}],"version-history":[{"count":5,"href":"https:\/\/www.gasia.com.tr\/en\/wp-json\/wp\/v2\/product\/43075\/revisions"}],"predecessor-version":[{"id":43085,"href":"https:\/\/www.gasia.com.tr\/en\/wp-json\/wp\/v2\/product\/43075\/revisions\/43085"}],"wp:featuredmedia":[{"embeddable":true,"href":"https:\/\/www.gasia.com.tr\/en\/wp-json\/wp\/v2\/media\/43076"}],"wp:attachment":[{"href":"https:\/\/www.gasia.com.tr\/en\/wp-json\/wp\/v2\/media?parent=43075"}],"wp:term":[{"taxonomy":"product_brand","embeddable":true,"href":"https:\/\/www.gasia.com.tr\/en\/wp-json\/wp\/v2\/product_brand?post=43075"},{"taxonomy":"product_cat","embeddable":true,"href":"https:\/\/www.gasia.com.tr\/en\/wp-json\/wp\/v2\/product_cat?post=43075"},{"taxonomy":"product_tag","embeddable":true,"href":"https:\/\/www.gasia.com.tr\/en\/wp-json\/wp\/v2\/product_tag?post=43075"}],"curies":[{"name":"wp","href":"https:\/\/api.w.org\/{rel}","templated":true}]}}