{"id":43079,"date":"2026-04-28T22:52:38","date_gmt":"2026-04-28T19:52:38","guid":{"rendered":"https:\/\/www.gasia.com.tr\/?post_type=product&#038;p=43079"},"modified":"2026-04-29T15:25:06","modified_gmt":"2026-04-29T12:25:06","slug":"kaboson-safir-tasli-goz-figurlu-altin-bileklik","status":"publish","type":"product","link":"https:\/\/www.gasia.com.tr\/en\/collections\/kaboson-safir-tasli-goz-figurlu-altin-bileklik\/","title":{"rendered":"Kabo\u015fon Safir Ta\u015fl\u0131 G\u00f6z Fig\u00fcrl\u00fc Alt\u0131n Bileklik"},"content":{"rendered":"<p>G\u00f6z formunun anlam\u0131n\u0131 zarif bir tasar\u0131mla bulu\u015fturan bu \u00f6zel bileklik, merkezinde yer alan kabo\u015fon kesim safir ta\u015flar\u0131yla \u00f6ne \u00e7\u0131kar. P\u00fcr\u00fczs\u00fcz ve parlak y\u00fczeye sahip safirler, derin mavi tonlar\u0131yla dikkat \u00e7ekerken etraf\u0131n\u0131 saran ince p\u0131rlanta detaylar\u0131 tasar\u0131ma \u0131\u015f\u0131lt\u0131 katar. Alt\u0131n \u00e7er\u00e7eveyle tamamlanan g\u00f6z fig\u00fcrleri, bilekte ak\u0131c\u0131 ve dengeli bir g\u00f6r\u00fcn\u00fcm olu\u015fturur. G\u00fcnl\u00fck kullan\u0131ma uyum sa\u011flayan yap\u0131s\u0131 sayesinde sade kombinleri zenginle\u015ftirir, \u00f6zel anlarda ise stilinize g\u00fc\u00e7l\u00fc bir dokunu\u015f ekler. Hem estetik hem de anlaml\u0131 bir aksesuar arayanlar i\u00e7in ideal bir se\u00e7imdir.<\/p>","protected":false},"excerpt":{"rendered":"<ul>\n<li>14 Ayar 9.47 Gr Alt\u0131n<\/li>\n<li>2,92 ct 9 Adet Avustralya do\u011fal Safir<\/li>\n<li>1,07 ct 180 adet P\u0131rlanta<\/li>\n<li>0,01 ct 1 Adet P\u0131rlanta<\/li>\n<\/ul>","protected":false},"featured_media":43080,"comment_status":"open","ping_status":"closed","template":"","meta":[],"product_brand":[2718,2719],"product_cat":[73,247,198],"product_tag":[504,3877,507,417,3879,794,3878,3876,365,2771,407,2208,358,2219,739,828,3880,1803],"class_list":{"0":"post-43079","1":"product","2":"type-product","3":"status-publish","4":"has-post-thumbnail","6":"product_brand-gasia-casuals","7":"product_brand-gasia-protect","8":"product_cat-altin-pirlanta-bileklik","9":"product_cat-hediyelik","10":"product_cat-eye-collection","11":"product_tag-altin-bileklik","12":"product_tag-cabochon-sapphire-bracelet","13":"product_tag-diamond-bracelet","14":"product_tag-evil-eye-bracelet","15":"product_tag-eye-motif-bracelet","16":"product_tag-gold-bracelet","17":"product_tag-goz-figurlu-bileklik","18":"product_tag-kaboson-safir-bileklik","19":"product_tag-kadin-bileklik","20":"product_tag-lucky-bracelet","21":"product_tag-nazar-bileklik","22":"product_tag-ozel-tasarim-bileklik","23":"product_tag-pirlanta-bileklik","24":"product_tag-safir-bileklik","25":"product_tag-sans-bilekligi","26":"product_tag-sapphire-bracelet","27":"product_tag-unique-design-bracelet","28":"product_tag-women-bracelet","29":"pa_cinsiyet-kadin","31":"first","32":"instock","33":"shipping-taxable","34":"purchasable","35":"product-type-simple"},"_links":{"self":[{"href":"https:\/\/www.gasia.com.tr\/en\/wp-json\/wp\/v2\/product\/43079","targetHints":{"allow":["GET"]}}],"collection":[{"href":"https:\/\/www.gasia.com.tr\/en\/wp-json\/wp\/v2\/product"}],"about":[{"href":"https:\/\/www.gasia.com.tr\/en\/wp-json\/wp\/v2\/types\/product"}],"replies":[{"embeddable":true,"href":"https:\/\/www.gasia.com.tr\/en\/wp-json\/wp\/v2\/comments?post=43079"}],"version-history":[{"count":3,"href":"https:\/\/www.gasia.com.tr\/en\/wp-json\/wp\/v2\/product\/43079\/revisions"}],"predecessor-version":[{"id":43107,"href":"https:\/\/www.gasia.com.tr\/en\/wp-json\/wp\/v2\/product\/43079\/revisions\/43107"}],"wp:featuredmedia":[{"embeddable":true,"href":"https:\/\/www.gasia.com.tr\/en\/wp-json\/wp\/v2\/media\/43080"}],"wp:attachment":[{"href":"https:\/\/www.gasia.com.tr\/en\/wp-json\/wp\/v2\/media?parent=43079"}],"wp:term":[{"taxonomy":"product_brand","embeddable":true,"href":"https:\/\/www.gasia.com.tr\/en\/wp-json\/wp\/v2\/product_brand?post=43079"},{"taxonomy":"product_cat","embeddable":true,"href":"https:\/\/www.gasia.com.tr\/en\/wp-json\/wp\/v2\/product_cat?post=43079"},{"taxonomy":"product_tag","embeddable":true,"href":"https:\/\/www.gasia.com.tr\/en\/wp-json\/wp\/v2\/product_tag?post=43079"}],"curies":[{"name":"wp","href":"https:\/\/api.w.org\/{rel}","templated":true}]}}