{"id":43088,"date":"2026-04-28T22:28:26","date_gmt":"2026-04-28T19:28:26","guid":{"rendered":"https:\/\/www.gasia.com.tr\/?post_type=product&#038;p=43088"},"modified":"2026-04-29T14:18:52","modified_gmt":"2026-04-29T11:18:52","slug":"siyah-elmas-detayli-rose-gold-halka-kolye","status":"publish","type":"product","link":"https:\/\/www.gasia.com.tr\/en\/collections\/siyah-elmas-detayli-rose-gold-halka-kolye\/","title":{"rendered":"Siyah Elmas Detayl\u0131 Rose Gold Halka Kolye"},"content":{"rendered":"<p>Rose gold tonunun s\u0131cak \u0131\u015f\u0131lt\u0131s\u0131 ile siyah elmas\u0131n g\u00fc\u00e7l\u00fc kontrast\u0131n\u0131 bir araya getiren bu \u00f6zel kolye, sade ama dikkat \u00e7ekici bir stil sunar. K\u00fcre formundaki boncuklar\u0131n olu\u015fturdu\u011fu halka tasar\u0131m, \u0131\u015f\u0131\u011f\u0131 farkl\u0131 a\u00e7\u0131lardan yans\u0131tarak boyunda hareketli bir g\u00f6r\u00fcn\u00fcm olu\u015fturur. \u00dcst b\u00f6l\u00fcmde yer alan siyah elmas detay\u0131 ise par\u00e7aya odak noktas\u0131 kazand\u0131r\u0131r. G\u00fcnl\u00fck kombinlere modern bir dokunu\u015f katarken, katmanl\u0131 kullan\u0131mlarda da dengeli bir tamamlay\u0131c\u0131 olarak \u00f6ne \u00e7\u0131kar. Hafif ve zarif yap\u0131s\u0131yla g\u00fcn boyu konforlu bir kullan\u0131m sunan \u015f\u0131k bir aksesuard\u0131r.<\/p>","protected":false},"excerpt":{"rendered":"<ul>\n<li>14 Ayar Alt\u0131n<\/li>\n<li>0,035 ct 1 adet Siyah P\u0131rlanta<\/li>\n<li>10 mm kolye \u00c7ap\u0131<\/li>\n<li>42 cm uzunluk<\/li>\n<\/ul>","protected":false},"featured_media":43089,"comment_status":"open","ping_status":"closed","template":"","meta":[],"product_brand":[2718],"product_cat":[75],"product_tag":[3863,1358,3862,3865,1996,1995,3864,473,273,323,277,1993,483,3596,2139,2828,3866,3859,3848,1632],"class_list":{"0":"post-43088","1":"product","2":"type-product","3":"status-publish","4":"has-post-thumbnail","6":"product_brand-gasia-casuals","7":"product_cat-kolye","8":"product_tag-beaded-necklace","9":"product_tag-black-diamond-necklace","10":"product_tag-boncuk-kolye","11":"product_tag-circle-necklace","12":"product_tag-everyday-necklace","13":"product_tag-gunluk-kolye","14":"product_tag-halka-kolye","15":"product_tag-kadin-kolye","16":"product_tag-minimal-kolye","17":"product_tag-minimal-necklace","18":"product_tag-modern-kolye","19":"product_tag-modern-necklace","20":"product_tag-ozel-tasarim-kolye","21":"product_tag-rose-gold-kolye","22":"product_tag-rose-gold-necklace","23":"product_tag-sade-kolye","24":"product_tag-simple-necklace","25":"product_tag-siyah-elmas-kolye","26":"product_tag-unique-design-necklace","27":"product_tag-women-necklace","28":"pa_cinsiyet-kadin","30":"first","31":"instock","32":"shipping-taxable","33":"purchasable","34":"product-type-simple"},"_links":{"self":[{"href":"https:\/\/www.gasia.com.tr\/en\/wp-json\/wp\/v2\/product\/43088","targetHints":{"allow":["GET"]}}],"collection":[{"href":"https:\/\/www.gasia.com.tr\/en\/wp-json\/wp\/v2\/product"}],"about":[{"href":"https:\/\/www.gasia.com.tr\/en\/wp-json\/wp\/v2\/types\/product"}],"replies":[{"embeddable":true,"href":"https:\/\/www.gasia.com.tr\/en\/wp-json\/wp\/v2\/comments?post=43088"}],"version-history":[{"count":1,"href":"https:\/\/www.gasia.com.tr\/en\/wp-json\/wp\/v2\/product\/43088\/revisions"}],"predecessor-version":[{"id":43090,"href":"https:\/\/www.gasia.com.tr\/en\/wp-json\/wp\/v2\/product\/43088\/revisions\/43090"}],"wp:featuredmedia":[{"embeddable":true,"href":"https:\/\/www.gasia.com.tr\/en\/wp-json\/wp\/v2\/media\/43089"}],"wp:attachment":[{"href":"https:\/\/www.gasia.com.tr\/en\/wp-json\/wp\/v2\/media?parent=43088"}],"wp:term":[{"taxonomy":"product_brand","embeddable":true,"href":"https:\/\/www.gasia.com.tr\/en\/wp-json\/wp\/v2\/product_brand?post=43088"},{"taxonomy":"product_cat","embeddable":true,"href":"https:\/\/www.gasia.com.tr\/en\/wp-json\/wp\/v2\/product_cat?post=43088"},{"taxonomy":"product_tag","embeddable":true,"href":"https:\/\/www.gasia.com.tr\/en\/wp-json\/wp\/v2\/product_tag?post=43088"}],"curies":[{"name":"wp","href":"https:\/\/api.w.org\/{rel}","templated":true}]}}