{"id":43093,"date":"2026-04-29T14:30:19","date_gmt":"2026-04-29T11:30:19","guid":{"rendered":"https:\/\/www.gasia.com.tr\/?post_type=product&#038;p=43093"},"modified":"2026-04-29T14:47:12","modified_gmt":"2026-04-29T11:47:12","slug":"pirlanta-tasli-kalp-figurlu-altin-kolye","status":"publish","type":"product","link":"https:\/\/www.gasia.com.tr\/en\/collections\/pirlanta-tasli-kalp-figurlu-altin-kolye\/","title":{"rendered":"P\u0131rlanta Ta\u015fl\u0131 Kalp Fig\u00fcrl\u00fc Alt\u0131n Kolye"},"content":{"rendered":"<p>A\u015fk\u0131n en sade ve etkileyici sembollerinden biri olan kalp formu, bu \u00f6zel kolyede ince p\u0131rlanta detaylar\u0131yla hayat buluyor. Alt\u0131n \u00e7er\u00e7eve boyunca dizilen ta\u015flar, \u0131\u015f\u0131\u011f\u0131 nazik\u00e7e yans\u0131tarak boynunuzda zarif bir \u0131\u015f\u0131lt\u0131 olu\u015fturur. Minimal tasar\u0131m\u0131 sayesinde hem g\u00fcnl\u00fck kullan\u0131mda hem de \u00f6zel anlarda stilinizi tamamlayan g\u00fc\u00e7l\u00fc bir par\u00e7ad\u0131r. Tek ba\u015f\u0131na kullan\u0131ld\u0131\u011f\u0131nda sade bir \u015f\u0131kl\u0131k sunarken, katmanl\u0131 kombinlerde de dengeli bir g\u00f6r\u00fcn\u00fcm sa\u011flar. Duygusal anlam\u0131 ve estetik duru\u015fuyla kendiniz ya da sevdikleriniz i\u00e7in anlaml\u0131 bir tercih.<\/p>","protected":false},"excerpt":{"rendered":"<ul>\n<li>18 Ayar Alt\u0131n<\/li>\n<li>0,22 ct Toplam P\u0131rlanta<\/li>\n<li>14,80 \/ 15,45 mm Kalp<\/li>\n<li>42 Cm Uzunluk<\/li>\n<\/ul>","protected":false},"featured_media":43100,"comment_status":"open","ping_status":"closed","template":"","meta":[],"product_brand":[2718],"product_cat":[75],"product_tag":[2353,294,1637,1641,2115,1640,473,2146,273,323,483,276,3057,1434,3848,2938,1632,476],"class_list":{"0":"post-43093","1":"product","2":"type-product","3":"status-publish","4":"has-post-thumbnail","6":"product_brand-gasia-casuals","7":"product_cat-kolye","8":"product_tag-beyaz-altin-kolye","9":"product_tag-diamond-necklace","10":"product_tag-elegant-necklace","11":"product_tag-gift-necklace","12":"product_tag-heart-necklace","13":"product_tag-hediye-kolye","14":"product_tag-kadin-kolye","15":"product_tag-kalp-kolye","16":"product_tag-minimal-kolye","17":"product_tag-minimal-necklace","18":"product_tag-ozel-tasarim-kolye","19":"product_tag-pirlanta-kolye","20":"product_tag-romantic-necklace","21":"product_tag-romantik-kolye","22":"product_tag-unique-design-necklace","23":"product_tag-white-gold-necklace","24":"product_tag-women-necklace","25":"product_tag-zarif-kolye","26":"pa_cinsiyet-kadin","28":"first","29":"instock","30":"shipping-taxable","31":"purchasable","32":"product-type-simple"},"_links":{"self":[{"href":"https:\/\/www.gasia.com.tr\/en\/wp-json\/wp\/v2\/product\/43093","targetHints":{"allow":["GET"]}}],"collection":[{"href":"https:\/\/www.gasia.com.tr\/en\/wp-json\/wp\/v2\/product"}],"about":[{"href":"https:\/\/www.gasia.com.tr\/en\/wp-json\/wp\/v2\/types\/product"}],"replies":[{"embeddable":true,"href":"https:\/\/www.gasia.com.tr\/en\/wp-json\/wp\/v2\/comments?post=43093"}],"version-history":[{"count":1,"href":"https:\/\/www.gasia.com.tr\/en\/wp-json\/wp\/v2\/product\/43093\/revisions"}],"predecessor-version":[{"id":43095,"href":"https:\/\/www.gasia.com.tr\/en\/wp-json\/wp\/v2\/product\/43093\/revisions\/43095"}],"wp:featuredmedia":[{"embeddable":true,"href":"https:\/\/www.gasia.com.tr\/en\/wp-json\/wp\/v2\/media\/43100"}],"wp:attachment":[{"href":"https:\/\/www.gasia.com.tr\/en\/wp-json\/wp\/v2\/media?parent=43093"}],"wp:term":[{"taxonomy":"product_brand","embeddable":true,"href":"https:\/\/www.gasia.com.tr\/en\/wp-json\/wp\/v2\/product_brand?post=43093"},{"taxonomy":"product_cat","embeddable":true,"href":"https:\/\/www.gasia.com.tr\/en\/wp-json\/wp\/v2\/product_cat?post=43093"},{"taxonomy":"product_tag","embeddable":true,"href":"https:\/\/www.gasia.com.tr\/en\/wp-json\/wp\/v2\/product_tag?post=43093"}],"curies":[{"name":"wp","href":"https:\/\/api.w.org\/{rel}","templated":true}]}}