{"id":43096,"date":"2026-04-29T14:39:45","date_gmt":"2026-04-29T11:39:45","guid":{"rendered":"https:\/\/www.gasia.com.tr\/?post_type=product&#038;p=43096"},"modified":"2026-04-29T14:44:02","modified_gmt":"2026-04-29T11:44:02","slug":"pirlanta-tasli-kalp-figurlu-beyaz-altin-kolye","status":"publish","type":"product","link":"https:\/\/www.gasia.com.tr\/en\/collections\/pirlanta-tasli-kalp-figurlu-beyaz-altin-kolye\/","title":{"rendered":"P\u0131rlanta Ta\u015fl\u0131 Kalp Fig\u00fcrl\u00fc Beyaz Alt\u0131n Kolye"},"content":{"rendered":"<p>Beyaz alt\u0131n\u0131n sade ve parlak g\u00f6r\u00fcn\u00fcm\u00fc, kalp formunun duygusal anlam\u0131yla birle\u015ferek zarif bir b\u00fct\u00fcnl\u00fck sunar. Kalp \u00e7er\u00e7evesini saran p\u0131rlanta ta\u015flar, \u0131\u015f\u0131\u011f\u0131 ince bir \u015fekilde yans\u0131tarak boynunuzda \u0131\u015f\u0131lt\u0131l\u0131 bir etki olu\u015fturur. Minimal \u00e7izgilerle tasarlanan bu kolye, hem g\u00fcnl\u00fck kullan\u0131mda hem de \u00f6zel anlarda stilinizi tamamlayan \u015f\u0131k bir detayd\u0131r. Tek ba\u015f\u0131na sade bir \u015f\u0131kl\u0131k sunarken, katmanl\u0131 kombinlerde de dengeli bir g\u00f6r\u00fcn\u00fcm sa\u011flar. Anlam ve esteti\u011fi bir arada sunan zarif bir aksesuard\u0131r.<\/p>","protected":false},"excerpt":{"rendered":"<ul>\n<li>18 Ayar Alt\u0131n<\/li>\n<li>0,22 ct Toplam P\u0131rlanta<\/li>\n<li>14,80 \/ 15,45 mm Kalp<\/li>\n<li>42 Cm Uzunluk<\/li>\n<\/ul>","protected":false},"featured_media":43097,"comment_status":"open","ping_status":"closed","template":"","meta":[],"product_brand":[2718],"product_cat":[75],"product_tag":[2353,294,1637,1641,2115,1640,473,2146,273,323,483,276,3057,1434,3848,2938,1632,476],"class_list":{"0":"post-43096","1":"product","2":"type-product","3":"status-publish","4":"has-post-thumbnail","6":"product_brand-gasia-casuals","7":"product_cat-kolye","8":"product_tag-beyaz-altin-kolye","9":"product_tag-diamond-necklace","10":"product_tag-elegant-necklace","11":"product_tag-gift-necklace","12":"product_tag-heart-necklace","13":"product_tag-hediye-kolye","14":"product_tag-kadin-kolye","15":"product_tag-kalp-kolye","16":"product_tag-minimal-kolye","17":"product_tag-minimal-necklace","18":"product_tag-ozel-tasarim-kolye","19":"product_tag-pirlanta-kolye","20":"product_tag-romantic-necklace","21":"product_tag-romantik-kolye","22":"product_tag-unique-design-necklace","23":"product_tag-white-gold-necklace","24":"product_tag-women-necklace","25":"product_tag-zarif-kolye","26":"pa_cinsiyet-kadin","28":"first","29":"instock","30":"shipping-taxable","31":"purchasable","32":"product-type-simple"},"_links":{"self":[{"href":"https:\/\/www.gasia.com.tr\/en\/wp-json\/wp\/v2\/product\/43096","targetHints":{"allow":["GET"]}}],"collection":[{"href":"https:\/\/www.gasia.com.tr\/en\/wp-json\/wp\/v2\/product"}],"about":[{"href":"https:\/\/www.gasia.com.tr\/en\/wp-json\/wp\/v2\/types\/product"}],"replies":[{"embeddable":true,"href":"https:\/\/www.gasia.com.tr\/en\/wp-json\/wp\/v2\/comments?post=43096"}],"version-history":[{"count":1,"href":"https:\/\/www.gasia.com.tr\/en\/wp-json\/wp\/v2\/product\/43096\/revisions"}],"predecessor-version":[{"id":43098,"href":"https:\/\/www.gasia.com.tr\/en\/wp-json\/wp\/v2\/product\/43096\/revisions\/43098"}],"wp:featuredmedia":[{"embeddable":true,"href":"https:\/\/www.gasia.com.tr\/en\/wp-json\/wp\/v2\/media\/43097"}],"wp:attachment":[{"href":"https:\/\/www.gasia.com.tr\/en\/wp-json\/wp\/v2\/media?parent=43096"}],"wp:term":[{"taxonomy":"product_brand","embeddable":true,"href":"https:\/\/www.gasia.com.tr\/en\/wp-json\/wp\/v2\/product_brand?post=43096"},{"taxonomy":"product_cat","embeddable":true,"href":"https:\/\/www.gasia.com.tr\/en\/wp-json\/wp\/v2\/product_cat?post=43096"},{"taxonomy":"product_tag","embeddable":true,"href":"https:\/\/www.gasia.com.tr\/en\/wp-json\/wp\/v2\/product_tag?post=43096"}],"curies":[{"name":"wp","href":"https:\/\/api.w.org\/{rel}","templated":true}]}}