{"id":43101,"date":"2026-04-29T14:50:40","date_gmt":"2026-04-29T11:50:40","guid":{"rendered":"https:\/\/www.gasia.com.tr\/?post_type=product&#038;p=43101"},"modified":"2026-04-29T15:13:31","modified_gmt":"2026-04-29T12:13:31","slug":"granat-tasli-kirlangic-kusu-altin-kolye","status":"publish","type":"product","link":"https:\/\/www.gasia.com.tr\/en\/collections\/granat-tasli-kirlangic-kusu-altin-kolye\/","title":{"rendered":"Granat Ta\u015fl\u0131 K\u0131rlang\u0131\u00e7 Ku\u015fu Alt\u0131n Kolye"},"content":{"rendered":"<p>K\u0131rlang\u0131\u00e7 ku\u015funun zarif ve \u00f6zg\u00fcr ruhunu yans\u0131tan bu \u00f6zel kolye, derin k\u0131rm\u0131z\u0131 tonlara sahip granat ta\u015flarla dikkat \u00e7eker. Siyah rodyum kaplama ku\u015f fig\u00fcrleri \u00fczerindeki p\u0131rlanta detaylar tasar\u0131ma ince bir \u0131\u015f\u0131lt\u0131 katarken, ortada yer alan kalp form granat ta\u015flar g\u00fc\u00e7l\u00fc bir vurgu olu\u015fturur. Alt\u0131n zincir ile tamamlanan yap\u0131, farkl\u0131 renk ve dokular\u0131n dengeli uyumunu sunar. Hareketli formu sayesinde boyunda estetik bir duru\u015f sergileyen bu par\u00e7a, g\u00fcnl\u00fck stilinize karakter katar ve \u00f6zel anlarda dikkat \u00e7ekici bir tamamlay\u0131c\u0131 olur. Anlam ve esteti\u011fi bir araya getiren \u00f6zg\u00fcn bir tasar\u0131md\u0131r.<\/p>","protected":false},"excerpt":{"rendered":"<p>K\u0131rlang\u0131\u00e7 ku\u015funun zarif ve \u00f6zg\u00fcr ruhunu yans\u0131tan bu \u00f6zel kolye, derin k\u0131rm\u0131z\u0131 tonlara sahip granat ta\u015flarla dikkat \u00e7eker. Siyah rodyum<\/p>","protected":false},"featured_media":43102,"comment_status":"open","ping_status":"closed","template":"","meta":[],"product_brand":[2718],"product_cat":[247,75],"product_tag":[278,629,3614,1605,3475,322,3562,473,2122,613,626,483,472,2928,3613,2123,3848,1632],"class_list":{"0":"post-43101","1":"product","2":"type-product","3":"status-publish","4":"has-post-thumbnail","6":"product_brand-gasia-casuals","7":"product_cat-hediyelik","8":"product_cat-kolye","9":"product_tag-altin-kolye","10":"product_tag-bird-necklace","11":"product_tag-black-rhodium-necklace","12":"product_tag-diamond-detail-necklace","13":"product_tag-garnet-necklace","14":"product_tag-gold-necklace","15":"product_tag-granat-kolye","16":"product_tag-kadin-kolye","17":"product_tag-kirlangic-kolye","18":"product_tag-kirmizi-tasli-kolye","19":"product_tag-kus-kolye","20":"product_tag-ozel-tasarim-kolye","21":"product_tag-pirlanta-detayli-kolye","22":"product_tag-red-gemstone-necklace","23":"product_tag-siyah-rodyum-kolye","24":"product_tag-swallow-necklace","25":"product_tag-unique-design-necklace","26":"product_tag-women-necklace","27":"pa_cinsiyet-kadin","29":"first","30":"instock","31":"shipping-taxable","32":"product-type-simple"},"_links":{"self":[{"href":"https:\/\/www.gasia.com.tr\/en\/wp-json\/wp\/v2\/product\/43101","targetHints":{"allow":["GET"]}}],"collection":[{"href":"https:\/\/www.gasia.com.tr\/en\/wp-json\/wp\/v2\/product"}],"about":[{"href":"https:\/\/www.gasia.com.tr\/en\/wp-json\/wp\/v2\/types\/product"}],"replies":[{"embeddable":true,"href":"https:\/\/www.gasia.com.tr\/en\/wp-json\/wp\/v2\/comments?post=43101"}],"version-history":[{"count":2,"href":"https:\/\/www.gasia.com.tr\/en\/wp-json\/wp\/v2\/product\/43101\/revisions"}],"predecessor-version":[{"id":43105,"href":"https:\/\/www.gasia.com.tr\/en\/wp-json\/wp\/v2\/product\/43101\/revisions\/43105"}],"wp:featuredmedia":[{"embeddable":true,"href":"https:\/\/www.gasia.com.tr\/en\/wp-json\/wp\/v2\/media\/43102"}],"wp:attachment":[{"href":"https:\/\/www.gasia.com.tr\/en\/wp-json\/wp\/v2\/media?parent=43101"}],"wp:term":[{"taxonomy":"product_brand","embeddable":true,"href":"https:\/\/www.gasia.com.tr\/en\/wp-json\/wp\/v2\/product_brand?post=43101"},{"taxonomy":"product_cat","embeddable":true,"href":"https:\/\/www.gasia.com.tr\/en\/wp-json\/wp\/v2\/product_cat?post=43101"},{"taxonomy":"product_tag","embeddable":true,"href":"https:\/\/www.gasia.com.tr\/en\/wp-json\/wp\/v2\/product_tag?post=43101"}],"curies":[{"name":"wp","href":"https:\/\/api.w.org\/{rel}","templated":true}]}}