{"id":43121,"date":"2026-04-29T22:31:45","date_gmt":"2026-04-29T19:31:45","guid":{"rendered":"https:\/\/www.gasia.com.tr\/?post_type=product&#038;p=43121"},"modified":"2026-05-02T19:53:09","modified_gmt":"2026-05-02T16:53:09","slug":"safir-tasli-nazar-goz-altin-kolye-2","status":"publish","type":"product","link":"https:\/\/www.gasia.com.tr\/en\/collections\/safir-tasli-nazar-goz-altin-kolye-2\/","title":{"rendered":"Safir Ta\u015fl\u0131 Nazar G\u00f6z Alt\u0131n Kolye"},"content":{"rendered":"<p>G\u00f6z formunun g\u00fc\u00e7l\u00fc sembolizmini zengin ta\u015f detaylar\u0131yla bulu\u015fturan bu \u00f6zel kolye, derin mavi safir ta\u015flar\u0131n yo\u011fun yerle\u015fimiyle dikkat \u00e7eker. Yuvarlak form i\u00e7erisindeki nazar g\u00f6z motifi, merkezde yer alan siyah ta\u015f ve \u00e7evresini saran beyaz p\u0131rlanta dokunu\u015flar\u0131yla etkileyici bir kontrast olu\u015fturur. Alt\u0131n \u00e7er\u00e7eve tasar\u0131m\u0131, ta\u015flar\u0131n \u0131\u015f\u0131lt\u0131s\u0131n\u0131 \u00f6n plana \u00e7\u0131kar\u0131rken b\u00fct\u00fcnsel bir uyum sa\u011flar. I\u015f\u0131\u011f\u0131 farkl\u0131 a\u00e7\u0131lardan yans\u0131tan \u00e7ok katmanl\u0131 yap\u0131s\u0131 sayesinde boynunuzda g\u00fc\u00e7l\u00fc ve dikkat \u00e7ekici bir g\u00f6r\u00fcn\u00fcm sunar. G\u00fcnl\u00fck stilinize anlam katarken, \u00f6zel anlarda da iddial\u0131 bir tamamlay\u0131c\u0131 olarak \u00f6ne \u00e7\u0131kar.<\/p>","protected":false},"excerpt":{"rendered":"<ul>\n<li><em>14 Ayar Alt\u0131n<\/em><\/li>\n<li><em>0,20 ct 28 Adet P\u0131rlanta<\/em><\/li>\n<li><em>1,63 ct 118 Adet Mavi Avustralya Safir<\/em><\/li>\n<li><em>42 cm Uzunlu\u011funda Zincir<\/em><\/li>\n<\/ul>\n<p>&nbsp;<\/p>","protected":false},"featured_media":43125,"comment_status":"open","ping_status":"closed","template":"","meta":[],"product_brand":[2718,2719],"product_cat":[75,198],"product_tag":[278,1607,294,726,3052,322,2673,473,3154,1675,2732,280,483,276,1415,1794,284,1795,3848,1632],"class_list":{"0":"post-43121","1":"product","2":"type-product","3":"status-publish","4":"has-post-thumbnail","6":"product_brand-gasia-casuals","7":"product_brand-gasia-protect","8":"product_cat-kolye","9":"product_cat-eye-collection","10":"product_tag-altin-kolye","11":"product_tag-blue-stone-necklace","12":"product_tag-diamond-necklace","13":"product_tag-evil-eye-necklace","14":"product_tag-eye-necklace","15":"product_tag-gold-necklace","16":"product_tag-goz-kolye","17":"product_tag-kadin-kolye","18":"product_tag-koruyucu-taki","19":"product_tag-lucky-necklace","20":"product_tag-mavi-tasli-kolye","21":"product_tag-nazar-kolye","22":"product_tag-ozel-tasarim-kolye","23":"product_tag-pirlanta-kolye","24":"product_tag-protective-jewelry","25":"product_tag-safir-kolye","26":"product_tag-sans-kolyesi","27":"product_tag-sapphire-necklace","28":"product_tag-unique-design-necklace","29":"product_tag-women-necklace","30":"pa_cinsiyet-kadin","32":"first","33":"instock","34":"shipping-taxable","35":"purchasable","36":"product-type-simple"},"_links":{"self":[{"href":"https:\/\/www.gasia.com.tr\/en\/wp-json\/wp\/v2\/product\/43121","targetHints":{"allow":["GET"]}}],"collection":[{"href":"https:\/\/www.gasia.com.tr\/en\/wp-json\/wp\/v2\/product"}],"about":[{"href":"https:\/\/www.gasia.com.tr\/en\/wp-json\/wp\/v2\/types\/product"}],"replies":[{"embeddable":true,"href":"https:\/\/www.gasia.com.tr\/en\/wp-json\/wp\/v2\/comments?post=43121"}],"version-history":[{"count":4,"href":"https:\/\/www.gasia.com.tr\/en\/wp-json\/wp\/v2\/product\/43121\/revisions"}],"predecessor-version":[{"id":43208,"href":"https:\/\/www.gasia.com.tr\/en\/wp-json\/wp\/v2\/product\/43121\/revisions\/43208"}],"wp:featuredmedia":[{"embeddable":true,"href":"https:\/\/www.gasia.com.tr\/en\/wp-json\/wp\/v2\/media\/43125"}],"wp:attachment":[{"href":"https:\/\/www.gasia.com.tr\/en\/wp-json\/wp\/v2\/media?parent=43121"}],"wp:term":[{"taxonomy":"product_brand","embeddable":true,"href":"https:\/\/www.gasia.com.tr\/en\/wp-json\/wp\/v2\/product_brand?post=43121"},{"taxonomy":"product_cat","embeddable":true,"href":"https:\/\/www.gasia.com.tr\/en\/wp-json\/wp\/v2\/product_cat?post=43121"},{"taxonomy":"product_tag","embeddable":true,"href":"https:\/\/www.gasia.com.tr\/en\/wp-json\/wp\/v2\/product_tag?post=43121"}],"curies":[{"name":"wp","href":"https:\/\/api.w.org\/{rel}","templated":true}]}}