{"id":43130,"date":"2026-05-01T01:16:20","date_gmt":"2026-04-30T22:16:20","guid":{"rendered":"https:\/\/www.gasia.com.tr\/?post_type=product&#038;p=43130"},"modified":"2026-05-02T19:48:27","modified_gmt":"2026-05-02T16:48:27","slug":"opal-ve-firuze-tasli-nazar-goz-altin-kolye","status":"publish","type":"product","link":"https:\/\/www.gasia.com.tr\/en\/collections\/opal-ve-firuze-tasli-nazar-goz-altin-kolye\/","title":{"rendered":"Opal ve Firuze Ta\u015fl\u0131 Nazar G\u00f6z Alt\u0131n Kolye \u2013 \u00c7ift Tarafl\u0131 \u00d6zel Tasar\u0131m"},"content":{"rendered":"<p>\u0130ki farkl\u0131 ta\u015f\u0131n enerjisini bir araya getiren bu \u00f6zel nazar g\u00f6z kolye, \u00e7ift tarafl\u0131 kullan\u0131m\u0131yla dikkat \u00e7eker. Bir y\u00fcz\u00fcnde p\u00fcr\u00fczs\u00fcz ve canl\u0131 tonlu firuze ta\u015f\u0131 yer al\u0131rken, di\u011fer y\u00fcz\u00fcnde \u0131\u015f\u0131\u011fa g\u00f6re renk de\u011fi\u015ftiren opal ta\u015f bulunur. Alt\u0131n \u00e7er\u00e7eveyle \u00e7evrelenen g\u00f6z formu, tasar\u0131ma hem anlam hem de estetik bir derinlik kazand\u0131r\u0131r. \u0130ste\u011fe g\u00f6re y\u00f6n\u00fcn\u00fc de\u011fi\u015ftirerek farkl\u0131 stiller yaratabilece\u011finiz bu kolye, g\u00fcnl\u00fck kullan\u0131mda zarif bir dokunu\u015f sunarken \u00f6zel anlarda da \u00f6zg\u00fcn bir ifade olu\u015fturur. Tek par\u00e7ada iki farkl\u0131 g\u00f6r\u00fcn\u00fcm sunan bu tasar\u0131m, farkl\u0131l\u0131k arayanlar i\u00e7in ideal bir se\u00e7imdir.<\/p>","protected":false},"excerpt":{"rendered":"<ul>\n<li>14 Ayar Alt\u0131n<\/li>\n<li>1 Adet Arizona Firuze<\/li>\n<li>1 ader Avustralya Opal<\/li>\n<li>42 cm Uzunlu\u011funda Zincir<\/li>\n<\/ul>","protected":false},"featured_media":43131,"comment_status":"open","ping_status":"closed","template":"","meta":[],"product_brand":[2718,2719],"product_cat":[75,198],"product_tag":[278,3883,726,3052,1093,322,2673,473,3885,280,2085,2086,483,2741,3884,1095,3848,1632],"class_list":{"0":"post-43130","1":"product","2":"type-product","3":"status-publish","4":"has-post-thumbnail","6":"product_brand-gasia-casuals","7":"product_brand-gasia-protect","8":"product_cat-kolye","9":"product_cat-eye-collection","10":"product_tag-altin-kolye","11":"product_tag-cift-tarafli-kolye","12":"product_tag-evil-eye-necklace","13":"product_tag-eye-necklace","14":"product_tag-firuze-kolye","15":"product_tag-gold-necklace","16":"product_tag-goz-kolye","17":"product_tag-kadin-kolye","18":"product_tag-multicolor-stone-necklace","19":"product_tag-nazar-kolye","20":"product_tag-opal-kolye","21":"product_tag-opal-necklace","22":"product_tag-ozel-tasarim-kolye","23":"product_tag-renkli-tasli-kolye","24":"product_tag-reversible-necklace","25":"product_tag-turquoise-necklace","26":"product_tag-unique-design-necklace","27":"product_tag-women-necklace","28":"pa_cinsiyet-kadin","30":"first","31":"instock","32":"shipping-taxable","33":"purchasable","34":"product-type-simple"},"_links":{"self":[{"href":"https:\/\/www.gasia.com.tr\/en\/wp-json\/wp\/v2\/product\/43130","targetHints":{"allow":["GET"]}}],"collection":[{"href":"https:\/\/www.gasia.com.tr\/en\/wp-json\/wp\/v2\/product"}],"about":[{"href":"https:\/\/www.gasia.com.tr\/en\/wp-json\/wp\/v2\/types\/product"}],"replies":[{"embeddable":true,"href":"https:\/\/www.gasia.com.tr\/en\/wp-json\/wp\/v2\/comments?post=43130"}],"version-history":[{"count":3,"href":"https:\/\/www.gasia.com.tr\/en\/wp-json\/wp\/v2\/product\/43130\/revisions"}],"predecessor-version":[{"id":43205,"href":"https:\/\/www.gasia.com.tr\/en\/wp-json\/wp\/v2\/product\/43130\/revisions\/43205"}],"wp:featuredmedia":[{"embeddable":true,"href":"https:\/\/www.gasia.com.tr\/en\/wp-json\/wp\/v2\/media\/43131"}],"wp:attachment":[{"href":"https:\/\/www.gasia.com.tr\/en\/wp-json\/wp\/v2\/media?parent=43130"}],"wp:term":[{"taxonomy":"product_brand","embeddable":true,"href":"https:\/\/www.gasia.com.tr\/en\/wp-json\/wp\/v2\/product_brand?post=43130"},{"taxonomy":"product_cat","embeddable":true,"href":"https:\/\/www.gasia.com.tr\/en\/wp-json\/wp\/v2\/product_cat?post=43130"},{"taxonomy":"product_tag","embeddable":true,"href":"https:\/\/www.gasia.com.tr\/en\/wp-json\/wp\/v2\/product_tag?post=43130"}],"curies":[{"name":"wp","href":"https:\/\/api.w.org\/{rel}","templated":true}]}}