{"id":43134,"date":"2026-05-01T01:37:49","date_gmt":"2026-04-30T22:37:49","guid":{"rendered":"https:\/\/www.gasia.com.tr\/?post_type=product&#038;p=43134"},"modified":"2026-05-01T01:38:03","modified_gmt":"2026-04-30T22:38:03","slug":"zumrut-tasli-kare-form-altin-ve-okside-gumus-yuzuk","status":"publish","type":"product","link":"https:\/\/www.gasia.com.tr\/en\/collections\/zumrut-tasli-kare-form-altin-ve-okside-gumus-yuzuk\/","title":{"rendered":"Z\u00fcmr\u00fct Ta\u015fl\u0131 Kare Form Alt\u0131n ve Okside G\u00fcm\u00fc\u015f Y\u00fcz\u00fck"},"content":{"rendered":"<p>Alt\u0131n ve okside g\u00fcm\u00fc\u015f\u00fcn g\u00fc\u00e7l\u00fc kontrast\u0131n\u0131 bir araya getiren bu \u00f6zel y\u00fcz\u00fck, merkezde yer alan z\u00fcmr\u00fct ta\u015f\u0131yla dikkat \u00e7eker. Kare formdaki tasar\u0131m, etraf\u0131n\u0131 saran p\u0131rlanta detaylar\u0131yla zenginle\u015firken, okside g\u00fcm\u00fc\u015f y\u00fczey y\u00fcz\u00fc\u011fe derinlik ve karakter kazand\u0131r\u0131r. Alt\u0131n \u00e7er\u00e7eve, z\u00fcmr\u00fct\u00fcn canl\u0131 ye\u015fil tonunu \u00f6n plana \u00e7\u0131kararak tasar\u0131ma s\u0131cak bir denge ekler. Dokulu y\u00fcz\u00fck g\u00f6vdesi ise el i\u015f\u00e7ili\u011fini vurgulayan \u00f6zg\u00fcn bir detay sunar. G\u00fcnl\u00fck kullan\u0131mda stilinize farkl\u0131 bir dokunu\u015f katarken, \u00f6zel anlarda da dikkat \u00e7ekici bir tamamlay\u0131c\u0131 olur.<\/p>","protected":false},"excerpt":{"rendered":"<p>Alt\u0131n ve okside g\u00fcm\u00fc\u015f\u00fcn g\u00fc\u00e7l\u00fc kontrast\u0131n\u0131 bir araya getiren bu \u00f6zel y\u00fcz\u00fck, merkezde yer alan z\u00fcmr\u00fct ta\u015f\u0131yla dikkat \u00e7eker. Kare<\/p>","protected":false},"featured_media":43135,"comment_status":"open","ping_status":"closed","template":"","meta":[],"product_brand":[2718],"product_cat":[76],"product_tag":[289,565,654,526,577,1692,520,2043,1065,1069,2076,335,2048,340,3857,1021,1691,530],"class_list":{"0":"post-43134","1":"product","2":"type-product","3":"status-publish","4":"has-post-thumbnail","6":"product_brand-gasia-casuals","7":"product_cat-yuzuk-modelleri","8":"product_tag-altin-yuzuk","9":"product_tag-designer-ring","10":"product_tag-diamond-ring","11":"product_tag-emerald-ring","12":"product_tag-gold-ring","13":"product_tag-green-stone-ring","14":"product_tag-kadin-yuzuk","15":"product_tag-kare-yuzuk","16":"product_tag-okside-gumus-yuzuk","17":"product_tag-oxidized-silver-ring","18":"product_tag-ozel-tasarim-yuzuk","19":"product_tag-pirlanta-yuzuk","20":"product_tag-square-ring","21":"product_tag-tasarim-yuzuk","22":"product_tag-unique-design-ring","23":"product_tag-women-ring","24":"product_tag-yesil-tasli-yuzuk","25":"product_tag-zumrut-yuzuk","26":"pa_cinsiyet-kadin","28":"first","29":"instock","30":"shipping-taxable","31":"product-type-simple"},"_links":{"self":[{"href":"https:\/\/www.gasia.com.tr\/en\/wp-json\/wp\/v2\/product\/43134","targetHints":{"allow":["GET"]}}],"collection":[{"href":"https:\/\/www.gasia.com.tr\/en\/wp-json\/wp\/v2\/product"}],"about":[{"href":"https:\/\/www.gasia.com.tr\/en\/wp-json\/wp\/v2\/types\/product"}],"replies":[{"embeddable":true,"href":"https:\/\/www.gasia.com.tr\/en\/wp-json\/wp\/v2\/comments?post=43134"}],"version-history":[{"count":1,"href":"https:\/\/www.gasia.com.tr\/en\/wp-json\/wp\/v2\/product\/43134\/revisions"}],"predecessor-version":[{"id":43136,"href":"https:\/\/www.gasia.com.tr\/en\/wp-json\/wp\/v2\/product\/43134\/revisions\/43136"}],"wp:featuredmedia":[{"embeddable":true,"href":"https:\/\/www.gasia.com.tr\/en\/wp-json\/wp\/v2\/media\/43135"}],"wp:attachment":[{"href":"https:\/\/www.gasia.com.tr\/en\/wp-json\/wp\/v2\/media?parent=43134"}],"wp:term":[{"taxonomy":"product_brand","embeddable":true,"href":"https:\/\/www.gasia.com.tr\/en\/wp-json\/wp\/v2\/product_brand?post=43134"},{"taxonomy":"product_cat","embeddable":true,"href":"https:\/\/www.gasia.com.tr\/en\/wp-json\/wp\/v2\/product_cat?post=43134"},{"taxonomy":"product_tag","embeddable":true,"href":"https:\/\/www.gasia.com.tr\/en\/wp-json\/wp\/v2\/product_tag?post=43134"}],"curies":[{"name":"wp","href":"https:\/\/api.w.org\/{rel}","templated":true}]}}