{"id":43137,"date":"2026-05-01T01:49:44","date_gmt":"2026-04-30T22:49:44","guid":{"rendered":"https:\/\/www.gasia.com.tr\/?post_type=product&#038;p=43137"},"modified":"2026-05-02T20:05:12","modified_gmt":"2026-05-02T17:05:12","slug":"pirlanta-sallantili-altin-halka-kolye","status":"publish","type":"product","link":"https:\/\/www.gasia.com.tr\/en\/collections\/pirlanta-sallantili-altin-halka-kolye\/","title":{"rendered":"P\u0131rlanta Sallant\u0131l\u0131 Alt\u0131n Halka Kolye"},"content":{"rendered":"<p>Sade formun zarif bir hareketle bulu\u015ftu\u011fu bu \u00f6zel kolye, alt\u0131n toplardan olu\u015fan halka tasar\u0131m\u0131yla dikkat \u00e7eker. Halka merkezinde yer alan sallant\u0131l\u0131 p\u0131rlanta detay\u0131, her hareketle \u0131\u015f\u0131\u011f\u0131 yakalayarak boynunuzda canl\u0131 bir \u0131\u015f\u0131lt\u0131 olu\u015fturur. Dengeli ve modern tasar\u0131m\u0131 sayesinde hem g\u00fcnl\u00fck kullan\u0131mda hem de \u00f6zel anlarda stilinizi tamamlayan \u015f\u0131k bir aksesuard\u0131r. Tek ba\u015f\u0131na zarif bir ifade sunarken, katmanl\u0131 kombinlerde de uyumlu bir tamamlay\u0131c\u0131 olarak \u00f6ne \u00e7\u0131kar. Hafif yap\u0131s\u0131yla g\u00fcn boyu konforlu kullan\u0131m sa\u011flar.<\/p>","protected":false},"excerpt":{"rendered":"<ul>\n<li>14 Ayar Alt\u0131n<\/li>\n<li>0,20 ct 1 adet P\u0131rlanta<\/li>\n<li>42 cm Uzunluk<\/li>\n<\/ul>","protected":false},"featured_media":43138,"comment_status":"open","ping_status":"closed","template":"","meta":[],"product_brand":[2718],"product_cat":[247,75],"product_tag":[278,3863,3862,3865,294,1825,1637,1996,322,1995,3864,473,273,323,483,276,3634,3848,1632,476],"class_list":{"0":"post-43137","1":"product","2":"type-product","3":"status-publish","4":"has-post-thumbnail","6":"product_brand-gasia-casuals","7":"product_cat-hediyelik","8":"product_cat-kolye","9":"product_tag-altin-kolye","10":"product_tag-beaded-necklace","11":"product_tag-boncuk-kolye","12":"product_tag-circle-necklace","13":"product_tag-diamond-necklace","14":"product_tag-drop-necklace","15":"product_tag-elegant-necklace","16":"product_tag-everyday-necklace","17":"product_tag-gold-necklace","18":"product_tag-gunluk-kolye","19":"product_tag-halka-kolye","20":"product_tag-kadin-kolye","21":"product_tag-minimal-kolye","22":"product_tag-minimal-necklace","23":"product_tag-ozel-tasarim-kolye","24":"product_tag-pirlanta-kolye","25":"product_tag-sallantili-kolye","26":"product_tag-unique-design-necklace","27":"product_tag-women-necklace","28":"product_tag-zarif-kolye","29":"pa_cinsiyet-kadin","31":"first","32":"instock","33":"shipping-taxable","34":"purchasable","35":"product-type-simple"},"_links":{"self":[{"href":"https:\/\/www.gasia.com.tr\/en\/wp-json\/wp\/v2\/product\/43137","targetHints":{"allow":["GET"]}}],"collection":[{"href":"https:\/\/www.gasia.com.tr\/en\/wp-json\/wp\/v2\/product"}],"about":[{"href":"https:\/\/www.gasia.com.tr\/en\/wp-json\/wp\/v2\/types\/product"}],"replies":[{"embeddable":true,"href":"https:\/\/www.gasia.com.tr\/en\/wp-json\/wp\/v2\/comments?post=43137"}],"version-history":[{"count":3,"href":"https:\/\/www.gasia.com.tr\/en\/wp-json\/wp\/v2\/product\/43137\/revisions"}],"predecessor-version":[{"id":43212,"href":"https:\/\/www.gasia.com.tr\/en\/wp-json\/wp\/v2\/product\/43137\/revisions\/43212"}],"wp:featuredmedia":[{"embeddable":true,"href":"https:\/\/www.gasia.com.tr\/en\/wp-json\/wp\/v2\/media\/43138"}],"wp:attachment":[{"href":"https:\/\/www.gasia.com.tr\/en\/wp-json\/wp\/v2\/media?parent=43137"}],"wp:term":[{"taxonomy":"product_brand","embeddable":true,"href":"https:\/\/www.gasia.com.tr\/en\/wp-json\/wp\/v2\/product_brand?post=43137"},{"taxonomy":"product_cat","embeddable":true,"href":"https:\/\/www.gasia.com.tr\/en\/wp-json\/wp\/v2\/product_cat?post=43137"},{"taxonomy":"product_tag","embeddable":true,"href":"https:\/\/www.gasia.com.tr\/en\/wp-json\/wp\/v2\/product_tag?post=43137"}],"curies":[{"name":"wp","href":"https:\/\/api.w.org\/{rel}","templated":true}]}}