{"id":43140,"date":"2026-05-01T17:58:42","date_gmt":"2026-05-01T14:58:42","guid":{"rendered":"https:\/\/www.gasia.com.tr\/?post_type=product&#038;p=43140"},"modified":"2026-05-02T19:46:01","modified_gmt":"2026-05-02T16:46:01","slug":"mine-nazar-goz-altin-kolye","status":"publish","type":"product","link":"https:\/\/www.gasia.com.tr\/en\/collections\/mine-nazar-goz-altin-kolye\/","title":{"rendered":"Mine Nazar G\u00f6z Alt\u0131n Kolye"},"content":{"rendered":"<p>Mine i\u015f\u00e7ili\u011finin parlak y\u00fczeyiyle \u00f6ne \u00e7\u0131kan bu nazar g\u00f6z kolye, g\u00fc\u00e7l\u00fc kontrastlar\u0131yla dikkat \u00e7eker. Siyah mine zemin \u00fczerine yerle\u015ftirilen g\u00f6z formu, merkezdeki firuze detay ile canl\u0131 bir ifade kazan\u0131r. \u00c7evresini saran p\u0131rlanta ta\u015flar ise tasar\u0131ma ince bir \u0131\u015f\u0131lt\u0131 ekleyerek dengeli ve zarif bir g\u00f6r\u00fcn\u00fcm sunar. Alt\u0131n \u00e7er\u00e7eve ve zincir ile tamamlanan bu par\u00e7a, hem g\u00fcnl\u00fck stilinize anlam katar hem de \u00f6zel anlarda dikkat \u00e7ekici bir tamamlay\u0131c\u0131 olur. Estetik ve sembolik de\u011feri bir arada sunan \u015f\u0131k bir aksesuard\u0131r.<\/p>","protected":false},"excerpt":{"rendered":"<ul>\n<li><em>14 Ayar Alt\u0131n<\/em><\/li>\n<li><em>0,35 ct 32 Adet P\u0131rlanta<\/em><\/li>\n<li><em>42 cm Uzunlu\u011funda Zincir<\/em><\/li>\n<\/ul>","protected":false},"featured_media":43141,"comment_status":"open","ping_status":"closed","template":"","meta":[],"product_brand":[2718,2719],"product_cat":[247,75,198],"product_tag":[278,3887,294,1317,726,3052,1093,322,2673,473,3154,1675,2712,280,276,1415,284,3886,1095,1632],"class_list":{"0":"post-43140","1":"product","2":"type-product","3":"status-publish","4":"has-post-thumbnail","6":"product_brand-gasia-casuals","7":"product_brand-gasia-protect","8":"product_cat-hediyelik","9":"product_cat-kolye","10":"product_cat-eye-collection","11":"product_tag-altin-kolye","12":"product_tag-black-enamel-necklace","13":"product_tag-diamond-necklace","14":"product_tag-enamel-evil-eye-necklace","15":"product_tag-evil-eye-necklace","16":"product_tag-eye-necklace","17":"product_tag-firuze-kolye","18":"product_tag-gold-necklace","19":"product_tag-goz-kolye","20":"product_tag-kadin-kolye","21":"product_tag-koruyucu-taki","22":"product_tag-lucky-necklace","23":"product_tag-mine-nazar-kolye","24":"product_tag-nazar-kolye","25":"product_tag-pirlanta-kolye","26":"product_tag-protective-jewelry","27":"product_tag-sans-kolyesi","28":"product_tag-siyah-mine-kolye","29":"product_tag-turquoise-necklace","30":"product_tag-women-necklace","31":"pa_cinsiyet-kadin","33":"first","34":"instock","35":"shipping-taxable","36":"purchasable","37":"product-type-simple"},"_links":{"self":[{"href":"https:\/\/www.gasia.com.tr\/en\/wp-json\/wp\/v2\/product\/43140","targetHints":{"allow":["GET"]}}],"collection":[{"href":"https:\/\/www.gasia.com.tr\/en\/wp-json\/wp\/v2\/product"}],"about":[{"href":"https:\/\/www.gasia.com.tr\/en\/wp-json\/wp\/v2\/types\/product"}],"replies":[{"embeddable":true,"href":"https:\/\/www.gasia.com.tr\/en\/wp-json\/wp\/v2\/comments?post=43140"}],"version-history":[{"count":3,"href":"https:\/\/www.gasia.com.tr\/en\/wp-json\/wp\/v2\/product\/43140\/revisions"}],"predecessor-version":[{"id":43203,"href":"https:\/\/www.gasia.com.tr\/en\/wp-json\/wp\/v2\/product\/43140\/revisions\/43203"}],"wp:featuredmedia":[{"embeddable":true,"href":"https:\/\/www.gasia.com.tr\/en\/wp-json\/wp\/v2\/media\/43141"}],"wp:attachment":[{"href":"https:\/\/www.gasia.com.tr\/en\/wp-json\/wp\/v2\/media?parent=43140"}],"wp:term":[{"taxonomy":"product_brand","embeddable":true,"href":"https:\/\/www.gasia.com.tr\/en\/wp-json\/wp\/v2\/product_brand?post=43140"},{"taxonomy":"product_cat","embeddable":true,"href":"https:\/\/www.gasia.com.tr\/en\/wp-json\/wp\/v2\/product_cat?post=43140"},{"taxonomy":"product_tag","embeddable":true,"href":"https:\/\/www.gasia.com.tr\/en\/wp-json\/wp\/v2\/product_tag?post=43140"}],"curies":[{"name":"wp","href":"https:\/\/api.w.org\/{rel}","templated":true}]}}