{"id":43143,"date":"2026-05-01T20:11:16","date_gmt":"2026-05-01T17:11:16","guid":{"rendered":"https:\/\/www.gasia.com.tr\/?post_type=product&#038;p=43143"},"modified":"2026-05-02T19:43:01","modified_gmt":"2026-05-02T16:43:01","slug":"safir-ve-pirlanta-tasli-yuvarlak-nazar-goz-kolye","status":"publish","type":"product","link":"https:\/\/www.gasia.com.tr\/en\/collections\/safir-ve-pirlanta-tasli-yuvarlak-nazar-goz-kolye\/","title":{"rendered":"Safir ve P\u0131rlanta Ta\u015fl\u0131 Yuvarlak Nazar G\u00f6z Kolye"},"content":{"rendered":"<p style=\"text-align: left;\">Zarif ve g\u00fc\u00e7l\u00fc bir sembol\u00fc modern bir tasar\u0131mla bulu\u015fturan bu nazar kolye, g\u00f6z al\u0131c\u0131 detaylar\u0131yla \u00f6ne \u00e7\u0131kar. Yuvarlak formdaki nazar motifi, derin mavi tonlarda safir ta\u015flarla \u00e7evrelenirken merkezdeki p\u0131rlanta \u0131\u015f\u0131lt\u0131s\u0131 ile dikkat \u00e7eker. \u00dcst k\u0131sm\u0131ndaki tek ta\u015f detay\u0131, tasar\u0131ma ekstra bir zarafet katarken alt\u0131n zincir ile b\u00fct\u00fcnl\u00fck sa\u011flar. G\u00fcnl\u00fck kullan\u0131mda stilinizi tamamlayan, \u00f6zel g\u00fcnlerde ise anlaml\u0131 bir hediye alternatifi sunan bu kolye; \u015f\u0131kl\u0131k ve koruyucu sembolizmi bir arada sunar.<\/p>","protected":false},"excerpt":{"rendered":"<ul>\n<li><em>18 Ayar Alt\u0131n<\/em><\/li>\n<li><em>0,03 ct 1 Adet P\u0131rlanta<\/em><\/li>\n<li><em>0,07 ct 12 Adet P\u0131rlanta<\/em><\/li>\n<li><em>0,05 ct 6 Adet Sar\u0131 Safir<\/em><\/li>\n<li><em>0,08 ct 12 adet Mavi Safir<\/em><\/li>\n<\/ul>","protected":false},"featured_media":43144,"comment_status":"open","ping_status":"closed","template":"","meta":[],"product_brand":[2718,2719],"product_cat":[247,75,198],"product_tag":[278,1607,294,726,2717,322,473,1675,2732,1202,280,276,1794,284,1795,1632],"class_list":{"0":"post-43143","1":"product","2":"type-product","3":"status-publish","4":"has-post-thumbnail","6":"product_brand-gasia-casuals","7":"product_brand-gasia-protect","8":"product_cat-hediyelik","9":"product_cat-kolye","10":"product_cat-eye-collection","11":"product_tag-altin-kolye","12":"product_tag-blue-stone-necklace","13":"product_tag-diamond-necklace","14":"product_tag-evil-eye-necklace","15":"product_tag-evil-eye-pendant","16":"product_tag-gold-necklace","17":"product_tag-kadin-kolye","18":"product_tag-lucky-necklace","19":"product_tag-mavi-tasli-kolye","20":"product_tag-nazar-goz-kolye","21":"product_tag-nazar-kolye","22":"product_tag-pirlanta-kolye","23":"product_tag-safir-kolye","24":"product_tag-sans-kolyesi","25":"product_tag-sapphire-necklace","26":"product_tag-women-necklace","27":"pa_cinsiyet-kadin","29":"first","30":"instock","31":"shipping-taxable","32":"purchasable","33":"product-type-simple"},"_links":{"self":[{"href":"https:\/\/www.gasia.com.tr\/en\/wp-json\/wp\/v2\/product\/43143","targetHints":{"allow":["GET"]}}],"collection":[{"href":"https:\/\/www.gasia.com.tr\/en\/wp-json\/wp\/v2\/product"}],"about":[{"href":"https:\/\/www.gasia.com.tr\/en\/wp-json\/wp\/v2\/types\/product"}],"replies":[{"embeddable":true,"href":"https:\/\/www.gasia.com.tr\/en\/wp-json\/wp\/v2\/comments?post=43143"}],"version-history":[{"count":4,"href":"https:\/\/www.gasia.com.tr\/en\/wp-json\/wp\/v2\/product\/43143\/revisions"}],"predecessor-version":[{"id":43201,"href":"https:\/\/www.gasia.com.tr\/en\/wp-json\/wp\/v2\/product\/43143\/revisions\/43201"}],"wp:featuredmedia":[{"embeddable":true,"href":"https:\/\/www.gasia.com.tr\/en\/wp-json\/wp\/v2\/media\/43144"}],"wp:attachment":[{"href":"https:\/\/www.gasia.com.tr\/en\/wp-json\/wp\/v2\/media?parent=43143"}],"wp:term":[{"taxonomy":"product_brand","embeddable":true,"href":"https:\/\/www.gasia.com.tr\/en\/wp-json\/wp\/v2\/product_brand?post=43143"},{"taxonomy":"product_cat","embeddable":true,"href":"https:\/\/www.gasia.com.tr\/en\/wp-json\/wp\/v2\/product_cat?post=43143"},{"taxonomy":"product_tag","embeddable":true,"href":"https:\/\/www.gasia.com.tr\/en\/wp-json\/wp\/v2\/product_tag?post=43143"}],"curies":[{"name":"wp","href":"https:\/\/api.w.org\/{rel}","templated":true}]}}