{"id":43310,"date":"2026-05-03T20:43:16","date_gmt":"2026-05-03T17:43:16","guid":{"rendered":"https:\/\/www.gasia.com.tr\/?post_type=product&#038;p=43310"},"modified":"2026-05-03T20:49:42","modified_gmt":"2026-05-03T17:49:42","slug":"sari-altin-pirlanta-ve-safir-detayli-goz-motifli-zincir-bileklik","status":"publish","type":"product","link":"https:\/\/www.gasia.com.tr\/en\/collections\/sari-altin-pirlanta-ve-safir-detayli-goz-motifli-zincir-bileklik\/","title":{"rendered":"Sar\u0131 Alt\u0131n P\u0131rlanta ve mavi P\u0131rlanta Detayl\u0131 G\u00f6z Motifli Zincir Bileklik"},"content":{"rendered":"<p>G\u00f6z al\u0131c\u0131 tasar\u0131m\u0131yla dikkat \u00e7eken bu sar\u0131 alt\u0131n bileklik, g\u00fc\u00e7l\u00fc sembolizmi zarif detaylarla bir araya getirir. Orta b\u00f6l\u00fcmde yer alan g\u00f6z motifi, \u00e7evresini saran p\u0131rlanta ta\u015flarla \u0131\u015f\u0131lt\u0131 kazan\u0131rken, merkezdeki Mavi p\u0131rlanta tasar\u0131ma derinlik ve karakter katar. I\u015f\u0131n formundaki y\u00fczey detaylar\u0131 bilekli\u011fe hareket ve g\u00fc\u00e7l\u00fc bir ifade kazand\u0131r\u0131r. Kal\u0131n alt\u0131n zincir yap\u0131s\u0131, bilekte sa\u011flam ve dengeli bir duru\u015f sunar. G\u00fcnl\u00fck kullan\u0131mdan \u00f6zel anlara kadar stilinizi tamamlayan dikkat \u00e7ekici bir aksesuard\u0131r.<\/p>","protected":false},"excerpt":{"rendered":"<p>G\u00f6z al\u0131c\u0131 tasar\u0131m\u0131yla dikkat \u00e7eken bu sar\u0131 alt\u0131n bileklik, g\u00fc\u00e7l\u00fc sembolizmi zarif detaylarla bir araya getirir. Orta b\u00f6l\u00fcmde yer alan<\/p>","protected":false},"featured_media":43317,"comment_status":"open","ping_status":"closed","template":"","meta":[],"product_brand":[2719,2718],"product_cat":[73,198],"product_tag":[504,420,507,417,3918,794,418,2292,365,510,407,358,2219,828,2241,1805,364,2249,1803,2244],"class_list":{"0":"post-43310","1":"product","2":"type-product","3":"status-publish","4":"has-post-thumbnail","6":"product_brand-gasia-protect","7":"product_brand-gasia-casuals","8":"product_cat-altin-pirlanta-bileklik","9":"product_cat-eye-collection","10":"product_tag-altin-bileklik","11":"product_tag-designer-bracelet","12":"product_tag-diamond-bracelet","13":"product_tag-evil-eye-bracelet","14":"product_tag-evil-eye-charm-bracelet","15":"product_tag-gold-bracelet","16":"product_tag-gold-chain-bracelet","17":"product_tag-goz-motifli-bileklik","18":"product_tag-kadin-bileklik","19":"product_tag-luxury-bracelet","20":"product_tag-nazar-bileklik","21":"product_tag-pirlanta-bileklik","22":"product_tag-safir-bileklik","23":"product_tag-sapphire-bracelet","24":"product_tag-sari-altin-bileklik","25":"product_tag-statement-bracelet","26":"product_tag-tasarim-bileklik","27":"product_tag-unique-bracelet","28":"product_tag-women-bracelet","29":"product_tag-yellow-gold-bracelet","30":"pa_cinsiyet-kadin","32":"first","33":"instock","34":"shipping-taxable","35":"product-type-simple"},"_links":{"self":[{"href":"https:\/\/www.gasia.com.tr\/en\/wp-json\/wp\/v2\/product\/43310","targetHints":{"allow":["GET"]}}],"collection":[{"href":"https:\/\/www.gasia.com.tr\/en\/wp-json\/wp\/v2\/product"}],"about":[{"href":"https:\/\/www.gasia.com.tr\/en\/wp-json\/wp\/v2\/types\/product"}],"replies":[{"embeddable":true,"href":"https:\/\/www.gasia.com.tr\/en\/wp-json\/wp\/v2\/comments?post=43310"}],"version-history":[{"count":2,"href":"https:\/\/www.gasia.com.tr\/en\/wp-json\/wp\/v2\/product\/43310\/revisions"}],"predecessor-version":[{"id":43318,"href":"https:\/\/www.gasia.com.tr\/en\/wp-json\/wp\/v2\/product\/43310\/revisions\/43318"}],"wp:featuredmedia":[{"embeddable":true,"href":"https:\/\/www.gasia.com.tr\/en\/wp-json\/wp\/v2\/media\/43317"}],"wp:attachment":[{"href":"https:\/\/www.gasia.com.tr\/en\/wp-json\/wp\/v2\/media?parent=43310"}],"wp:term":[{"taxonomy":"product_brand","embeddable":true,"href":"https:\/\/www.gasia.com.tr\/en\/wp-json\/wp\/v2\/product_brand?post=43310"},{"taxonomy":"product_cat","embeddable":true,"href":"https:\/\/www.gasia.com.tr\/en\/wp-json\/wp\/v2\/product_cat?post=43310"},{"taxonomy":"product_tag","embeddable":true,"href":"https:\/\/www.gasia.com.tr\/en\/wp-json\/wp\/v2\/product_tag?post=43310"}],"curies":[{"name":"wp","href":"https:\/\/api.w.org\/{rel}","templated":true}]}}