{"id":43319,"date":"2026-05-03T20:59:22","date_gmt":"2026-05-03T17:59:22","guid":{"rendered":"https:\/\/www.gasia.com.tr\/?post_type=product&#038;p=43319"},"modified":"2026-05-03T20:59:45","modified_gmt":"2026-05-03T17:59:45","slug":"okside-gumus-konyak-rengi-pirlanta-detayli-ozel-zincir-bileklik","status":"publish","type":"product","link":"https:\/\/www.gasia.com.tr\/en\/collections\/okside-gumus-konyak-rengi-pirlanta-detayli-ozel-zincir-bileklik\/","title":{"rendered":"Okside G\u00fcm\u00fc\u015f Konyak Rengi P\u0131rlanta Detayl\u0131 \u00d6zel Zincir Bileklik"},"content":{"rendered":"<p>Karakteristik formu ve detayl\u0131 i\u015f\u00e7ili\u011fiyle \u00f6ne \u00e7\u0131kan bu okside g\u00fcm\u00fc\u015f bileklik, \u00f6zg\u00fcn zincir yap\u0131s\u0131 ve konyak rengi p\u0131rlanta ta\u015flarla zenginle\u015ftirilmi\u015ftir. Tekrar eden \u00f6zel formdaki halkalar, tasar\u0131ma g\u00fc\u00e7l\u00fc bir ritim kazand\u0131r\u0131rken, y\u00fczeydeki p\u0131rlanta detaylar s\u0131cak tonlar\u0131yla dikkat \u00e7eker. Okside g\u00fcm\u00fc\u015f\u00fcn koyu y\u00fczeyi ile konyak p\u0131rlantan\u0131n \u0131\u015f\u0131lt\u0131s\u0131 aras\u0131nda olu\u015fan kontrast, bilekli\u011fe derinlik ve sofistike bir g\u00f6r\u00fcn\u00fcm kazand\u0131r\u0131r. G\u00fcnl\u00fck stilinize g\u00fc\u00e7l\u00fc bir dokunu\u015f eklerken, \u00f6zel kombinlerde de \u00f6ne \u00e7\u0131kan bir par\u00e7ad\u0131r.<\/p>","protected":false},"excerpt":{"rendered":"<p>Karakteristik formu ve detayl\u0131 i\u015f\u00e7ili\u011fiyle \u00f6ne \u00e7\u0131kan bu okside g\u00fcm\u00fc\u015f bileklik, \u00f6zg\u00fcn zincir yap\u0131s\u0131 ve konyak rengi p\u0131rlanta ta\u015flarla zenginle\u015ftirilmi\u015ftir.<\/p>","protected":false},"featured_media":43321,"comment_status":"open","ping_status":"closed","template":"","meta":[],"product_brand":[2718,2957],"product_cat":[255,73,247],"product_tag":[405,1799,3924,420,507,543,365,3930,510,620,2418,2197,358,1805,364,2249,1803,435],"class_list":{"0":"post-43319","1":"product","2":"type-product","3":"status-publish","4":"has-post-thumbnail","6":"product_brand-gasia-casuals","7":"product_brand-gasia-for-man","8":"product_cat-altin-gumus-bileklikler","9":"product_cat-altin-pirlanta-bileklik","10":"product_cat-hediyelik","11":"product_tag-artisan-jewelry","12":"product_tag-chain-bracelet","13":"product_tag-cognac-diamond-bracelet","14":"product_tag-designer-bracelet","15":"product_tag-diamond-bracelet","16":"product_tag-erkek-bileklik","17":"product_tag-kadin-bileklik","18":"product_tag-konyak-pirlanta-bileklik","19":"product_tag-luxury-bracelet","20":"product_tag-men-bracelet","21":"product_tag-oksitli-gumus-bileklik","22":"product_tag-oxidized-silver-bracelet","23":"product_tag-pirlanta-bileklik","24":"product_tag-statement-bracelet","25":"product_tag-tasarim-bileklik","26":"product_tag-unique-bracelet","27":"product_tag-women-bracelet","28":"product_tag-zincir-bileklik","29":"pa_cinsiyet-erkek","31":"first","32":"instock","33":"shipping-taxable","34":"product-type-simple"},"_links":{"self":[{"href":"https:\/\/www.gasia.com.tr\/en\/wp-json\/wp\/v2\/product\/43319","targetHints":{"allow":["GET"]}}],"collection":[{"href":"https:\/\/www.gasia.com.tr\/en\/wp-json\/wp\/v2\/product"}],"about":[{"href":"https:\/\/www.gasia.com.tr\/en\/wp-json\/wp\/v2\/types\/product"}],"replies":[{"embeddable":true,"href":"https:\/\/www.gasia.com.tr\/en\/wp-json\/wp\/v2\/comments?post=43319"}],"version-history":[{"count":1,"href":"https:\/\/www.gasia.com.tr\/en\/wp-json\/wp\/v2\/product\/43319\/revisions"}],"predecessor-version":[{"id":43322,"href":"https:\/\/www.gasia.com.tr\/en\/wp-json\/wp\/v2\/product\/43319\/revisions\/43322"}],"wp:featuredmedia":[{"embeddable":true,"href":"https:\/\/www.gasia.com.tr\/en\/wp-json\/wp\/v2\/media\/43321"}],"wp:attachment":[{"href":"https:\/\/www.gasia.com.tr\/en\/wp-json\/wp\/v2\/media?parent=43319"}],"wp:term":[{"taxonomy":"product_brand","embeddable":true,"href":"https:\/\/www.gasia.com.tr\/en\/wp-json\/wp\/v2\/product_brand?post=43319"},{"taxonomy":"product_cat","embeddable":true,"href":"https:\/\/www.gasia.com.tr\/en\/wp-json\/wp\/v2\/product_cat?post=43319"},{"taxonomy":"product_tag","embeddable":true,"href":"https:\/\/www.gasia.com.tr\/en\/wp-json\/wp\/v2\/product_tag?post=43319"}],"curies":[{"name":"wp","href":"https:\/\/api.w.org\/{rel}","templated":true}]}}