{"id":43346,"date":"2026-05-04T21:17:26","date_gmt":"2026-05-04T18:17:26","guid":{"rendered":"https:\/\/www.gasia.com.tr\/?post_type=product&#038;p=43346"},"modified":"2026-05-05T16:05:03","modified_gmt":"2026-05-05T13:05:03","slug":"oltu-tasi-altin-puskul-detayli-dogal-tas-tesbih","status":"publish","type":"product","link":"https:\/\/www.gasia.com.tr\/en\/collections\/oltu-tasi-altin-puskul-detayli-dogal-tas-tesbih\/","title":{"rendered":"Oltu Ta\u015f\u0131  Alt\u0131n P\u00fcsk\u00fcl Detayl\u0131 Do\u011fal Ta\u015f Tesbih"},"content":{"rendered":"<p>Derin siyah parlakl\u0131\u011f\u0131yla \u00f6ne \u00e7\u0131kan oltu ta\u015f\u0131, bu tesbihte sade ve g\u00fc\u00e7l\u00fc bir estetikle bulu\u015fuyor. P\u00fcr\u00fczs\u00fcz yuvarlak kesim taneler, elde ak\u0131c\u0131 bir kullan\u0131m sunarken; alt\u0131n tonlu p\u00fcsk\u00fcl detay\u0131 tasar\u0131ma zarif bir kontrast ve de\u011ferli bir dokunu\u015f kat\u0131yor. Geleneksel ruhu modern bir yorumla ta\u015f\u0131yan bu par\u00e7a, hem g\u00fcnl\u00fck kullan\u0131m hem de koleksiyonluk tercih i\u00e7in ideal bir se\u00e7enektir.<\/p>","protected":false},"excerpt":{"rendered":"<p>Derin siyah parlakl\u0131\u011f\u0131yla \u00f6ne \u00e7\u0131kan oltu ta\u015f\u0131, bu tesbihte sade ve g\u00fc\u00e7l\u00fc bir estetikle bulu\u015fuyor. P\u00fcr\u00fczs\u00fcz yuvarlak kesim taneler, elde<\/p>","protected":false},"featured_media":43347,"comment_status":"open","ping_status":"closed","template":"","meta":[],"product_brand":[2957],"product_cat":[259],"product_tag":[3950,3949,3320,3952,3951,3954,3321,3953,3948,3947,3412,3955],"class_list":{"0":"post-43346","1":"product","2":"type-product","3":"status-publish","4":"has-post-thumbnail","6":"product_brand-gasia-for-man","7":"product_cat-tespih-modelleri","8":"product_tag-altin-puskullu-tesbih","9":"product_tag-black-tasbih","10":"product_tag-dogal-tas-tesbih","11":"product_tag-erzurum-oltu-tasi","12":"product_tag-gold-tassel-tasbih","13":"product_tag-klasik-tesbih","14":"product_tag-natural-stone-tasbih","15":"product_tag-oltu-stone-prayer-beads","16":"product_tag-oltu-stone-tasbih","17":"product_tag-oltu-tasi-tesbih","18":"product_tag-siyah-tesbih","19":"product_tag-traditional-tasbih","20":"pa_cinsiyet-erkek","22":"first","23":"instock","24":"shipping-taxable","25":"product-type-simple"},"_links":{"self":[{"href":"https:\/\/www.gasia.com.tr\/en\/wp-json\/wp\/v2\/product\/43346","targetHints":{"allow":["GET"]}}],"collection":[{"href":"https:\/\/www.gasia.com.tr\/en\/wp-json\/wp\/v2\/product"}],"about":[{"href":"https:\/\/www.gasia.com.tr\/en\/wp-json\/wp\/v2\/types\/product"}],"replies":[{"embeddable":true,"href":"https:\/\/www.gasia.com.tr\/en\/wp-json\/wp\/v2\/comments?post=43346"}],"version-history":[{"count":2,"href":"https:\/\/www.gasia.com.tr\/en\/wp-json\/wp\/v2\/product\/43346\/revisions"}],"predecessor-version":[{"id":43349,"href":"https:\/\/www.gasia.com.tr\/en\/wp-json\/wp\/v2\/product\/43346\/revisions\/43349"}],"wp:featuredmedia":[{"embeddable":true,"href":"https:\/\/www.gasia.com.tr\/en\/wp-json\/wp\/v2\/media\/43347"}],"wp:attachment":[{"href":"https:\/\/www.gasia.com.tr\/en\/wp-json\/wp\/v2\/media?parent=43346"}],"wp:term":[{"taxonomy":"product_brand","embeddable":true,"href":"https:\/\/www.gasia.com.tr\/en\/wp-json\/wp\/v2\/product_brand?post=43346"},{"taxonomy":"product_cat","embeddable":true,"href":"https:\/\/www.gasia.com.tr\/en\/wp-json\/wp\/v2\/product_cat?post=43346"},{"taxonomy":"product_tag","embeddable":true,"href":"https:\/\/www.gasia.com.tr\/en\/wp-json\/wp\/v2\/product_tag?post=43346"}],"curies":[{"name":"wp","href":"https:\/\/api.w.org\/{rel}","templated":true}]}}