{"id":43362,"date":"2026-04-25T22:44:54","date_gmt":"2026-04-25T19:44:54","guid":{"rendered":"https:\/\/www.gasia.com.tr\/?post_type=product&#038;p=43362"},"modified":"2026-05-05T12:41:02","modified_gmt":"2026-05-05T09:41:02","slug":"turkuaz-mine-baget-pirlanta-fiyonk-form-sari-altin-yuzuk","status":"publish","type":"product","link":"https:\/\/www.gasia.com.tr\/en\/collections\/turkuaz-mine-baget-pirlanta-fiyonk-form-sari-altin-yuzuk\/","title":{"rendered":"Turkuaz Mine &#038; Baget P\u0131rlanta Fiyonk Form Sar\u0131 Alt\u0131n Y\u00fcz\u00fck"},"content":{"rendered":"<p>Canl\u0131 turkuaz mine y\u00fczeyi ile dikkat \u00e7eken bu y\u00fcz\u00fck, merkezde yer alan baget ve yuvarlak kesim p\u0131rlantalarla g\u00fc\u00e7l\u00fc bir \u0131\u015f\u0131lt\u0131 sunar. Fiyonk formundaki ak\u0131c\u0131 hatlar, tasar\u0131ma zarif bir hareket kazand\u0131r\u0131rken sar\u0131 alt\u0131n\u0131n s\u0131cak tonu ile kusursuz bir uyum yakalar. G\u00fcnl\u00fck stilinize renk katmak ya da \u00f6zel anlarda \u00f6ne \u00e7\u0131kmak i\u00e7in ideal modern bir par\u00e7ad\u0131r.<\/p>","protected":false},"excerpt":{"rendered":"<p>Canl\u0131 turkuaz mine y\u00fczeyi ile dikkat \u00e7eken bu y\u00fcz\u00fck, merkezde yer alan baget ve yuvarlak kesim p\u0131rlantalarla g\u00fc\u00e7l\u00fc bir \u0131\u015f\u0131lt\u0131<\/p>","protected":false},"featured_media":43368,"comment_status":"open","ping_status":"closed","template":"","meta":[],"product_brand":[77,2718],"product_cat":[242,260,76],"product_tag":[3962,3963,3961,2780,654,3965,3960,3964,521,335,2778,2847,450,3525,3625,3285,2860],"class_list":{"0":"post-43362","1":"product","2":"type-product","3":"status-publish","4":"has-post-thumbnail","6":"product_brand-gasia","7":"product_brand-gasia-casuals","8":"product_cat-retro-mucevher-koleksiyonu","9":"product_cat-kadin","10":"product_cat-yuzuk-modelleri","11":"product_tag-baget-pirlanta","12":"product_tag-baguette-diamond","13":"product_tag-bow-ring","14":"product_tag-colorful-jewelry","15":"product_tag-diamond-ring","16":"product_tag-enamel-jewelry","17":"product_tag-fiyonk-yuzuk","18":"product_tag-mine-taki","19":"product_tag-modern-yuzuk","20":"product_tag-pirlanta-yuzuk","21":"product_tag-renkli-taki","22":"product_tag-sari-altin-yuzuk","23":"product_tag-statement-ring","24":"product_tag-turkuaz-mine-yuzuk","25":"product_tag-turquoise-enamel-ring","26":"product_tag-white-gold-ring","27":"product_tag-yellow-gold-ring","28":"pa_cinsiyet-kadin","30":"first","31":"outofstock","32":"shipping-taxable","33":"purchasable","34":"product-type-simple"},"_links":{"self":[{"href":"https:\/\/www.gasia.com.tr\/en\/wp-json\/wp\/v2\/product\/43362","targetHints":{"allow":["GET"]}}],"collection":[{"href":"https:\/\/www.gasia.com.tr\/en\/wp-json\/wp\/v2\/product"}],"about":[{"href":"https:\/\/www.gasia.com.tr\/en\/wp-json\/wp\/v2\/types\/product"}],"replies":[{"embeddable":true,"href":"https:\/\/www.gasia.com.tr\/en\/wp-json\/wp\/v2\/comments?post=43362"}],"version-history":[{"count":3,"href":"https:\/\/www.gasia.com.tr\/en\/wp-json\/wp\/v2\/product\/43362\/revisions"}],"predecessor-version":[{"id":43367,"href":"https:\/\/www.gasia.com.tr\/en\/wp-json\/wp\/v2\/product\/43362\/revisions\/43367"}],"wp:featuredmedia":[{"embeddable":true,"href":"https:\/\/www.gasia.com.tr\/en\/wp-json\/wp\/v2\/media\/43368"}],"wp:attachment":[{"href":"https:\/\/www.gasia.com.tr\/en\/wp-json\/wp\/v2\/media?parent=43362"}],"wp:term":[{"taxonomy":"product_brand","embeddable":true,"href":"https:\/\/www.gasia.com.tr\/en\/wp-json\/wp\/v2\/product_brand?post=43362"},{"taxonomy":"product_cat","embeddable":true,"href":"https:\/\/www.gasia.com.tr\/en\/wp-json\/wp\/v2\/product_cat?post=43362"},{"taxonomy":"product_tag","embeddable":true,"href":"https:\/\/www.gasia.com.tr\/en\/wp-json\/wp\/v2\/product_tag?post=43362"}],"curies":[{"name":"wp","href":"https:\/\/api.w.org\/{rel}","templated":true}]}}