{"id":43366,"date":"2026-04-25T22:44:00","date_gmt":"2026-04-25T19:44:00","guid":{"rendered":"https:\/\/www.gasia.com.tr\/?post_type=product&#038;p=43366"},"modified":"2026-05-05T12:41:02","modified_gmt":"2026-05-05T09:41:02","slug":"siyah-mine-pirlanta-detayli-fiyonk-form-beyaz-altin-yuzuk","status":"publish","type":"product","link":"https:\/\/www.gasia.com.tr\/en\/collections\/siyah-mine-pirlanta-detayli-fiyonk-form-beyaz-altin-yuzuk\/","title":{"rendered":"Siyah Mine &#038; P\u0131rlanta Detayl\u0131 Fiyonk Form Beyaz Alt\u0131n Y\u00fcz\u00fck"},"content":{"rendered":"<p>Siyah mine y\u00fczeyin g\u00fc\u00e7l\u00fc ve parlak duru\u015fu, merkezde yer alan baget ve yuvarlak kesim p\u0131rlantalarla dengelenerek modern bir \u015f\u0131kl\u0131k sunar. Fiyonk formundaki ak\u0131c\u0131 tasar\u0131m, y\u00fcz\u00fc\u011fe hem zarif hem de karakterli bir ifade kazand\u0131r\u0131r. Beyaz alt\u0131n g\u00f6vde ile kontrast yaratan siyah mine, g\u00fcnl\u00fck kullan\u0131mdan \u00f6zel anlara kadar dikkat \u00e7ekici bir stil tamamlay\u0131c\u0131s\u0131d\u0131r.<\/p>","protected":false},"excerpt":{"rendered":"<p>Siyah mine y\u00fczeyin g\u00fc\u00e7l\u00fc ve parlak duru\u015fu, merkezde yer alan baget ve yuvarlak kesim p\u0131rlantalarla dengelenerek modern bir \u015f\u0131kl\u0131k sunar.<\/p>","protected":false},"featured_media":43363,"comment_status":"open","ping_status":"closed","template":"","meta":[],"product_brand":[77,2718],"product_cat":[242,260,76],"product_tag":[3962,3963,2328,1138,3961,654,3965,3960,3964,521,335,1134,450,3285],"class_list":{"0":"post-43366","1":"product","2":"type-product","3":"status-publish","4":"has-post-thumbnail","6":"product_brand-gasia","7":"product_brand-gasia-casuals","8":"product_cat-retro-mucevher-koleksiyonu","9":"product_cat-kadin","10":"product_cat-yuzuk-modelleri","11":"product_tag-baget-pirlanta","12":"product_tag-baguette-diamond","13":"product_tag-beyaz-altin-yuzuk","14":"product_tag-black-enamel-ring","15":"product_tag-bow-ring","16":"product_tag-diamond-ring","17":"product_tag-enamel-jewelry","18":"product_tag-fiyonk-yuzuk","19":"product_tag-mine-taki","20":"product_tag-modern-yuzuk","21":"product_tag-pirlanta-yuzuk","22":"product_tag-siyah-mine-yuzuk","23":"product_tag-statement-ring","24":"product_tag-white-gold-ring","25":"pa_cinsiyet-kadin","27":"first","28":"instock","29":"shipping-taxable","30":"purchasable","31":"product-type-simple"},"_links":{"self":[{"href":"https:\/\/www.gasia.com.tr\/en\/wp-json\/wp\/v2\/product\/43366","targetHints":{"allow":["GET"]}}],"collection":[{"href":"https:\/\/www.gasia.com.tr\/en\/wp-json\/wp\/v2\/product"}],"about":[{"href":"https:\/\/www.gasia.com.tr\/en\/wp-json\/wp\/v2\/types\/product"}],"replies":[{"embeddable":true,"href":"https:\/\/www.gasia.com.tr\/en\/wp-json\/wp\/v2\/comments?post=43366"}],"version-history":[{"count":2,"href":"https:\/\/www.gasia.com.tr\/en\/wp-json\/wp\/v2\/product\/43366\/revisions"}],"predecessor-version":[{"id":43371,"href":"https:\/\/www.gasia.com.tr\/en\/wp-json\/wp\/v2\/product\/43366\/revisions\/43371"}],"wp:featuredmedia":[{"embeddable":true,"href":"https:\/\/www.gasia.com.tr\/en\/wp-json\/wp\/v2\/media\/43363"}],"wp:attachment":[{"href":"https:\/\/www.gasia.com.tr\/en\/wp-json\/wp\/v2\/media?parent=43366"}],"wp:term":[{"taxonomy":"product_brand","embeddable":true,"href":"https:\/\/www.gasia.com.tr\/en\/wp-json\/wp\/v2\/product_brand?post=43366"},{"taxonomy":"product_cat","embeddable":true,"href":"https:\/\/www.gasia.com.tr\/en\/wp-json\/wp\/v2\/product_cat?post=43366"},{"taxonomy":"product_tag","embeddable":true,"href":"https:\/\/www.gasia.com.tr\/en\/wp-json\/wp\/v2\/product_tag?post=43366"}],"curies":[{"name":"wp","href":"https:\/\/api.w.org\/{rel}","templated":true}]}}