{"id":43372,"date":"2026-05-01T00:00:00","date_gmt":"2026-04-30T21:00:00","guid":{"rendered":"https:\/\/www.gasia.com.tr\/?post_type=product&#038;p=43372"},"modified":"2026-05-05T12:12:12","modified_gmt":"2026-05-05T09:12:12","slug":"firuze-tasli-baykus-motifli-pirlanta-detayli-altin-zincirli-gumus-kolye","status":"publish","type":"product","link":"https:\/\/www.gasia.com.tr\/en\/collections\/firuze-tasli-baykus-motifli-pirlanta-detayli-altin-zincirli-gumus-kolye\/","title":{"rendered":"Firuze Ta\u015fl\u0131 Bayku\u015f Motifli P\u0131rlanta Detayl\u0131 Alt\u0131n Zincirli G\u00fcm\u00fc\u015f Kolye"},"content":{"rendered":"<p>Bilgeli\u011fin sembol\u00fc bayku\u015f fig\u00fcr\u00fc, canl\u0131 firuze ta\u015f ile birle\u015ferek g\u00fc\u00e7l\u00fc bir karakter sunar. Okside g\u00fcm\u00fc\u015f y\u00fczey \u00fczerindeki p\u0131rlanta detaylar, tasar\u0131ma zarif bir \u0131\u015f\u0131lt\u0131 katarken g\u00f6zlerdeki k\u0131rm\u0131z\u0131 ta\u015flar dikkat \u00e7ekici bir kontrast olu\u015fturur. \u00d6zg\u00fcn ve iddial\u0131 duru\u015fuyla hem g\u00fcnl\u00fck stilinize hem de \u00f6zel kombinlerinize e\u015flik eden \u00f6zel bir par\u00e7ad\u0131r.<\/p>","protected":false},"excerpt":{"rendered":"<ul>\n<li>14 Ayar Alt\u0131n<\/li>\n<li>925 Ayar G\u00fcm\u00fc\u015f<\/li>\n<li>0,10 ct 11 adet Siyah P\u0131rlanta<\/li>\n<li>0,31 ct 51 Adet P\u0131rlanta<\/li>\n<li>0,12 ct 2 Adet Yakut<\/li>\n<li>42 cm Zincir uzunlu\u011fu<\/li>\n<\/ul>","protected":false},"featured_media":43373,"comment_status":"open","ping_status":"closed","template":"","meta":[],"product_brand":[2718,2719],"product_cat":[247,260,75],"product_tag":[1469,294,1623,1093,811,3160,3966,1471,3967,276,3161,489,1095,628],"class_list":{"0":"post-43372","1":"product","2":"type-product","3":"status-publish","4":"has-post-thumbnail","6":"product_brand-gasia-casuals","7":"product_brand-gasia-protect","8":"product_cat-hediyelik","9":"product_cat-kadin","10":"product_cat-kolye","11":"product_tag-baykus-kolye","12":"product_tag-diamond-necklace","13":"product_tag-dogal-tas-kolye","14":"product_tag-firuze-kolye","15":"product_tag-gemstone-necklace","16":"product_tag-gumus-kolye","17":"product_tag-okside-gumus","18":"product_tag-owl-necklace","19":"product_tag-oxidized-silver","20":"product_tag-pirlanta-kolye","21":"product_tag-silver-necklace","22":"product_tag-statement-necklace","23":"product_tag-turquoise-necklace","24":"product_tag-vintage-kolye","25":"pa_cinsiyet-kadin","27":"first","28":"instock","29":"shipping-taxable","30":"purchasable","31":"product-type-simple"},"_links":{"self":[{"href":"https:\/\/www.gasia.com.tr\/en\/wp-json\/wp\/v2\/product\/43372","targetHints":{"allow":["GET"]}}],"collection":[{"href":"https:\/\/www.gasia.com.tr\/en\/wp-json\/wp\/v2\/product"}],"about":[{"href":"https:\/\/www.gasia.com.tr\/en\/wp-json\/wp\/v2\/types\/product"}],"replies":[{"embeddable":true,"href":"https:\/\/www.gasia.com.tr\/en\/wp-json\/wp\/v2\/comments?post=43372"}],"version-history":[{"count":2,"href":"https:\/\/www.gasia.com.tr\/en\/wp-json\/wp\/v2\/product\/43372\/revisions"}],"predecessor-version":[{"id":43375,"href":"https:\/\/www.gasia.com.tr\/en\/wp-json\/wp\/v2\/product\/43372\/revisions\/43375"}],"wp:featuredmedia":[{"embeddable":true,"href":"https:\/\/www.gasia.com.tr\/en\/wp-json\/wp\/v2\/media\/43373"}],"wp:attachment":[{"href":"https:\/\/www.gasia.com.tr\/en\/wp-json\/wp\/v2\/media?parent=43372"}],"wp:term":[{"taxonomy":"product_brand","embeddable":true,"href":"https:\/\/www.gasia.com.tr\/en\/wp-json\/wp\/v2\/product_brand?post=43372"},{"taxonomy":"product_cat","embeddable":true,"href":"https:\/\/www.gasia.com.tr\/en\/wp-json\/wp\/v2\/product_cat?post=43372"},{"taxonomy":"product_tag","embeddable":true,"href":"https:\/\/www.gasia.com.tr\/en\/wp-json\/wp\/v2\/product_tag?post=43372"}],"curies":[{"name":"wp","href":"https:\/\/api.w.org\/{rel}","templated":true}]}}