{"id":43438,"date":"2026-05-06T21:51:43","date_gmt":"2026-05-06T18:51:43","guid":{"rendered":"https:\/\/www.gasia.com.tr\/?post_type=product&#038;p=43438"},"modified":"2026-05-13T13:05:17","modified_gmt":"2026-05-13T10:05:17","slug":"altin-damla-formlu-pirlanta-detayli-kolye","status":"publish","type":"product","link":"https:\/\/www.gasia.com.tr\/en\/collections\/altin-damla-formlu-pirlanta-detayli-kolye\/","title":{"rendered":"Alt\u0131n Damla Formlu P\u0131rlanta Detayl\u0131 Kolye"},"content":{"rendered":"<p>\u0130nce zincir yap\u0131s\u0131 \u00fczerine yerle\u015ftirilen damla form detaylarla tasarlanan bu alt\u0131n kolye, zarif ve modern bir g\u00f6r\u00fcn\u00fcm sunar. Hareketli dizilimle yerle\u015ftirilen p\u0131rlanta detayl\u0131 damla motifleri, \u0131\u015f\u0131\u011f\u0131 yans\u0131tarak boyun hatt\u0131nda ince bir \u0131\u015f\u0131lt\u0131 olu\u015fturur. Hafif yap\u0131s\u0131 sayesinde g\u00fcnl\u00fck kullan\u0131m i\u00e7in ideal olan tasar\u0131m, tek ba\u015f\u0131na minimal bir \u015f\u0131kl\u0131k yarat\u0131rken katmanl\u0131 kolye kombinlerinde de kusursuz bir tamamlay\u0131c\u0131 olarak \u00f6ne \u00e7\u0131kar.<\/p>","protected":false},"excerpt":{"rendered":"<p>\u0130nce zincir yap\u0131s\u0131 \u00fczerine yerle\u015ftirilen damla form detaylarla tasarlanan bu alt\u0131n kolye, zarif ve modern bir g\u00f6r\u00fcn\u00fcm sunar. Hareketli dizilimle<\/p>","protected":false},"featured_media":43439,"comment_status":"open","ping_status":"closed","template":"","meta":[],"product_brand":[2718],"product_cat":[75],"product_tag":[278,4026,2942,2709,1824,4025,633,1605,2738,1637,1996,1180,1647,322,1995,1170,473,2883,325,1417,273,323,1639,277,472,4027,274,2953,1632,476],"class_list":{"0":"post-43438","1":"product","2":"type-product","3":"status-publish","4":"has-post-thumbnail","6":"product_brand-gasia-casuals","7":"product_cat-kolye","8":"product_tag-altin-kolye","9":"product_tag-chic-necklace","10":"product_tag-contemporary-necklace","11":"product_tag-dainty-necklace","12":"product_tag-damla-kolye","13":"product_tag-delicate-chain-necklace","14":"product_tag-designer-necklace","15":"product_tag-diamond-detail-necklace","16":"product_tag-drop-pendant-necklace","17":"product_tag-elegant-necklace","18":"product_tag-everyday-necklace","19":"product_tag-fine-jewelry-necklace","20":"product_tag-gold-chain-necklace","21":"product_tag-gold-necklace","22":"product_tag-gunluk-kolye","23":"product_tag-ince-zincir-kolye","24":"product_tag-kadin-kolye","25":"product_tag-katmanli-kolye","26":"product_tag-layered-necklace","27":"product_tag-luxury-necklace","28":"product_tag-minimal-kolye","29":"product_tag-minimal-necklace","30":"product_tag-minimalist-jewelry","31":"product_tag-modern-kolye","32":"product_tag-pirlanta-detayli-kolye","33":"product_tag-shiny-gold-necklace","34":"product_tag-tasarim-kolye","35":"product_tag-teardrop-necklace","36":"product_tag-women-necklace","37":"product_tag-zarif-kolye","38":"pa_cinsiyet-kadin","40":"first","41":"instock","42":"shipping-taxable","43":"purchasable","44":"product-type-simple"},"_links":{"self":[{"href":"https:\/\/www.gasia.com.tr\/en\/wp-json\/wp\/v2\/product\/43438","targetHints":{"allow":["GET"]}}],"collection":[{"href":"https:\/\/www.gasia.com.tr\/en\/wp-json\/wp\/v2\/product"}],"about":[{"href":"https:\/\/www.gasia.com.tr\/en\/wp-json\/wp\/v2\/types\/product"}],"replies":[{"embeddable":true,"href":"https:\/\/www.gasia.com.tr\/en\/wp-json\/wp\/v2\/comments?post=43438"}],"version-history":[{"count":2,"href":"https:\/\/www.gasia.com.tr\/en\/wp-json\/wp\/v2\/product\/43438\/revisions"}],"predecessor-version":[{"id":43441,"href":"https:\/\/www.gasia.com.tr\/en\/wp-json\/wp\/v2\/product\/43438\/revisions\/43441"}],"wp:featuredmedia":[{"embeddable":true,"href":"https:\/\/www.gasia.com.tr\/en\/wp-json\/wp\/v2\/media\/43439"}],"wp:attachment":[{"href":"https:\/\/www.gasia.com.tr\/en\/wp-json\/wp\/v2\/media?parent=43438"}],"wp:term":[{"taxonomy":"product_brand","embeddable":true,"href":"https:\/\/www.gasia.com.tr\/en\/wp-json\/wp\/v2\/product_brand?post=43438"},{"taxonomy":"product_cat","embeddable":true,"href":"https:\/\/www.gasia.com.tr\/en\/wp-json\/wp\/v2\/product_cat?post=43438"},{"taxonomy":"product_tag","embeddable":true,"href":"https:\/\/www.gasia.com.tr\/en\/wp-json\/wp\/v2\/product_tag?post=43438"}],"curies":[{"name":"wp","href":"https:\/\/api.w.org\/{rel}","templated":true}]}}