{"id":43448,"date":"2026-05-06T22:13:01","date_gmt":"2026-05-06T19:13:01","guid":{"rendered":"https:\/\/www.gasia.com.tr\/?post_type=product&#038;p=43448"},"modified":"2026-05-13T13:05:55","modified_gmt":"2026-05-13T10:05:55","slug":"damla-kesim-zumrut-tasli-altin-kolye","status":"publish","type":"product","link":"https:\/\/www.gasia.com.tr\/en\/collections\/damla-kesim-zumrut-tasli-altin-kolye\/","title":{"rendered":"Damla Kesim Z\u00fcmr\u00fct Ta\u015fl\u0131 Alt\u0131n Kolye"},"content":{"rendered":"<p>Zarif hareketli formuyla dikkat \u00e7eken bu \u00f6zel kolye, damla kesim z\u00fcmr\u00fct ta\u015flar\u0131n canl\u0131 ye\u015fil tonlar\u0131yla \u00f6ne \u00e7\u0131kar. Alt\u0131n zincir boyunca dengeli \u015fekilde yerle\u015ftirilen sallant\u0131l\u0131 ta\u015flar, her harekette \u0131\u015f\u0131\u011f\u0131 yakalayarak boynunuzda etkileyici bir \u0131\u015f\u0131lt\u0131 olu\u015fturur. Z\u00fcmr\u00fctlerin \u00fczerinde yer alan ince p\u0131rlanta detaylar\u0131 tasar\u0131ma zarif bir dokunu\u015f katarken, b\u00fct\u00fcnsel g\u00f6r\u00fcn\u00fcm\u00fc daha da zenginle\u015ftirir. G\u00fcnl\u00fck \u015f\u0131kl\u0131\u011f\u0131 tamamlayan hafif yap\u0131s\u0131 sayesinde konforlu bir kullan\u0131m sunarken, \u00f6zel anlarda da stilinize dikkat \u00e7ekici bir vurgu katar. Feminen ve enerjik bir g\u00f6r\u00fcn\u00fcm arayanlar i\u00e7in ideal bir se\u00e7imdir.<\/p>","protected":false},"excerpt":{"rendered":"<p>Zarif hareketli formuyla dikkat \u00e7eken bu \u00f6zel kolye, damla kesim z\u00fcmr\u00fct ta\u015flar\u0131n canl\u0131 ye\u015fil tonlar\u0131yla \u00f6ne \u00e7\u0131kar. Alt\u0131n zincir boyunca<\/p>","protected":false},"featured_media":43449,"comment_status":"open","ping_status":"closed","template":"","meta":[],"product_brand":[2718],"product_cat":[75],"product_tag":[278,3103,1605,1825,1637,1408,322,1764,473,483,3265,472,3634,3848,1632,1763,476,1401],"class_list":{"0":"post-43448","1":"product","2":"type-product","3":"status-publish","4":"has-post-thumbnail","6":"product_brand-gasia-casuals","7":"product_cat-kolye","8":"product_tag-altin-kolye","9":"product_tag-damla-kesim-kolye","10":"product_tag-diamond-detail-necklace","11":"product_tag-drop-necklace","12":"product_tag-elegant-necklace","13":"product_tag-emerald-necklace","14":"product_tag-gold-necklace","15":"product_tag-green-stone-necklace","16":"product_tag-kadin-kolye","17":"product_tag-ozel-tasarim-kolye","18":"product_tag-pear-cut-necklace","19":"product_tag-pirlanta-detayli-kolye","20":"product_tag-sallantili-kolye","21":"product_tag-unique-design-necklace","22":"product_tag-women-necklace","23":"product_tag-yesil-tasli-kolye","24":"product_tag-zarif-kolye","25":"product_tag-zumrut-kolye","26":"pa_cinsiyet-kadin","28":"first","29":"instock","30":"shipping-taxable","31":"purchasable","32":"product-type-simple"},"_links":{"self":[{"href":"https:\/\/www.gasia.com.tr\/en\/wp-json\/wp\/v2\/product\/43448","targetHints":{"allow":["GET"]}}],"collection":[{"href":"https:\/\/www.gasia.com.tr\/en\/wp-json\/wp\/v2\/product"}],"about":[{"href":"https:\/\/www.gasia.com.tr\/en\/wp-json\/wp\/v2\/types\/product"}],"replies":[{"embeddable":true,"href":"https:\/\/www.gasia.com.tr\/en\/wp-json\/wp\/v2\/comments?post=43448"}],"version-history":[{"count":2,"href":"https:\/\/www.gasia.com.tr\/en\/wp-json\/wp\/v2\/product\/43448\/revisions"}],"predecessor-version":[{"id":43451,"href":"https:\/\/www.gasia.com.tr\/en\/wp-json\/wp\/v2\/product\/43448\/revisions\/43451"}],"wp:featuredmedia":[{"embeddable":true,"href":"https:\/\/www.gasia.com.tr\/en\/wp-json\/wp\/v2\/media\/43449"}],"wp:attachment":[{"href":"https:\/\/www.gasia.com.tr\/en\/wp-json\/wp\/v2\/media?parent=43448"}],"wp:term":[{"taxonomy":"product_brand","embeddable":true,"href":"https:\/\/www.gasia.com.tr\/en\/wp-json\/wp\/v2\/product_brand?post=43448"},{"taxonomy":"product_cat","embeddable":true,"href":"https:\/\/www.gasia.com.tr\/en\/wp-json\/wp\/v2\/product_cat?post=43448"},{"taxonomy":"product_tag","embeddable":true,"href":"https:\/\/www.gasia.com.tr\/en\/wp-json\/wp\/v2\/product_tag?post=43448"}],"curies":[{"name":"wp","href":"https:\/\/api.w.org\/{rel}","templated":true}]}}