{"id":43460,"date":"2026-05-06T22:21:51","date_gmt":"2026-05-06T19:21:51","guid":{"rendered":"https:\/\/www.gasia.com.tr\/?post_type=product&#038;p=43460"},"modified":"2026-05-13T12:45:42","modified_gmt":"2026-05-13T09:45:42","slug":"altin-isilti-formlu-zumrut-ve-pirlanta-detayli-madalyon-kolye-ucu","status":"publish","type":"product","link":"https:\/\/www.gasia.com.tr\/en\/collections\/altin-isilti-formlu-zumrut-ve-pirlanta-detayli-madalyon-kolye-ucu\/","title":{"rendered":"Alt\u0131n I\u015f\u0131lt\u0131 Formlu Z\u00fcmr\u00fct ve P\u0131rlanta Detayl\u0131 Madalyon Kolye Ucu"},"content":{"rendered":"<p>Merkezinde yer alan damla kesim z\u00fcmr\u00fct ta\u015f\u0131 ve \u00e7evresindeki p\u0131rlanta detaylar\u0131yla tasarlanan bu alt\u0131n madalyon kolye ucu, \u0131\u015f\u0131k sa\u00e7an y\u00fczey dokusuyla dikkat \u00e7eker. G\u00fcne\u015f \u0131\u015f\u0131nlar\u0131n\u0131 and\u0131ran \u00e7izgisel form tasar\u0131ma derinlik ve hareket kazand\u0131r\u0131rken, parlak alt\u0131n y\u00fczey g\u00fc\u00e7l\u00fc bir g\u00f6r\u00fcn\u00fcm sunar. Tek ba\u015f\u0131na zarif bir odak noktas\u0131 olu\u015fturan bu \u00f6zel par\u00e7a, farkl\u0131 zincirlerle kombinlenerek modern ve etkileyici bir stil tamamlay\u0131c\u0131s\u0131na d\u00f6n\u00fc\u015f\u00fcr.<\/p>","protected":false},"excerpt":{"rendered":"<p>Merkezinde yer alan damla kesim z\u00fcmr\u00fct ta\u015f\u0131 ve \u00e7evresindeki p\u0131rlanta detaylar\u0131yla tasarlanan bu alt\u0131n madalyon kolye ucu, \u0131\u015f\u0131k sa\u00e7an y\u00fczey<\/p>","protected":false},"featured_media":43461,"comment_status":"open","ping_status":"closed","template":"","meta":[],"product_brand":[77,2718],"product_cat":[247,75],"product_tag":[1669,4064,4065,3626,305,4050,4059,4057,1663,4056,4062,1697,4053,2891,800,493,4051,4052,4058,3627,472,4063,4060,4054,799,4061,4055,4049],"class_list":{"0":"post-43460","1":"product","2":"type-product","3":"status-publish","4":"has-post-thumbnail","6":"product_brand-gasia","7":"product_brand-gasia-casuals","8":"product_cat-hediyelik","9":"product_cat-kolye","10":"product_tag-altin-kolye-ucu","11":"product_tag-chic-jewelry","12":"product_tag-contemporary-pendant","13":"product_tag-damla-kesim-zumrut","14":"product_tag-designer-pendant","15":"product_tag-diamond-detail-pendant","16":"product_tag-elegant-pendant","17":"product_tag-emerald-and-diamond-pendant","18":"product_tag-emerald-pendant","19":"product_tag-fine-jewelry-pendant","20":"product_tag-gold-medallion-pendant","21":"product_tag-gold-pendant","22":"product_tag-gunes-form-kolye","23":"product_tag-handmade-jewelry","24":"product_tag-kadin-kolye-ucu","25":"product_tag-luxury-pendant","26":"product_tag-madalyon-kolye-ucu","27":"product_tag-medallion-pendant","28":"product_tag-modern-pendant","29":"product_tag-pear-cut-emerald","30":"product_tag-pirlanta-detayli-kolye","31":"product_tag-radiant-pendant","32":"product_tag-statement-pendant","33":"product_tag-sunburst-pendant","34":"product_tag-tasarim-kolye-ucu","35":"product_tag-unique-pendant","36":"product_tag-women-pendant","37":"product_tag-zumrut-kolye-ucu","38":"pa_cinsiyet-kadin","40":"first","41":"instock","42":"shipping-taxable","43":"purchasable","44":"product-type-simple"},"_links":{"self":[{"href":"https:\/\/www.gasia.com.tr\/en\/wp-json\/wp\/v2\/product\/43460","targetHints":{"allow":["GET"]}}],"collection":[{"href":"https:\/\/www.gasia.com.tr\/en\/wp-json\/wp\/v2\/product"}],"about":[{"href":"https:\/\/www.gasia.com.tr\/en\/wp-json\/wp\/v2\/types\/product"}],"replies":[{"embeddable":true,"href":"https:\/\/www.gasia.com.tr\/en\/wp-json\/wp\/v2\/comments?post=43460"}],"version-history":[{"count":1,"href":"https:\/\/www.gasia.com.tr\/en\/wp-json\/wp\/v2\/product\/43460\/revisions"}],"predecessor-version":[{"id":43462,"href":"https:\/\/www.gasia.com.tr\/en\/wp-json\/wp\/v2\/product\/43460\/revisions\/43462"}],"wp:featuredmedia":[{"embeddable":true,"href":"https:\/\/www.gasia.com.tr\/en\/wp-json\/wp\/v2\/media\/43461"}],"wp:attachment":[{"href":"https:\/\/www.gasia.com.tr\/en\/wp-json\/wp\/v2\/media?parent=43460"}],"wp:term":[{"taxonomy":"product_brand","embeddable":true,"href":"https:\/\/www.gasia.com.tr\/en\/wp-json\/wp\/v2\/product_brand?post=43460"},{"taxonomy":"product_cat","embeddable":true,"href":"https:\/\/www.gasia.com.tr\/en\/wp-json\/wp\/v2\/product_cat?post=43460"},{"taxonomy":"product_tag","embeddable":true,"href":"https:\/\/www.gasia.com.tr\/en\/wp-json\/wp\/v2\/product_tag?post=43460"}],"curies":[{"name":"wp","href":"https:\/\/api.w.org\/{rel}","templated":true}]}}