{"id":43489,"date":"2026-05-07T11:09:36","date_gmt":"2026-05-07T08:09:36","guid":{"rendered":"https:\/\/www.gasia.com.tr\/?post_type=product&#038;p=43489"},"modified":"2026-05-07T11:09:36","modified_gmt":"2026-05-07T08:09:36","slug":"altin-fleur-de-lis-figurlu-pirlanta-detayli-kirmizi-ipli-bileklik","status":"publish","type":"product","link":"https:\/\/www.gasia.com.tr\/en\/collections\/altin-fleur-de-lis-figurlu-pirlanta-detayli-kirmizi-ipli-bileklik\/","title":{"rendered":"Alt\u0131n Fleur De Lis Fig\u00fcrl\u00fc P\u0131rlanta Detayl\u0131 K\u0131rm\u0131z\u0131 \u0130pli Bileklik"},"content":{"rendered":"<p>Canl\u0131 k\u0131rm\u0131z\u0131 ip detay\u0131n\u0131 alt\u0131n fleur de lis fig\u00fcr\u00fcyle bulu\u015fturan bu zarif bileklik, modern ve anlaml\u0131 bir stil sunar. Merkezde yer alan k\u0131vr\u0131ml\u0131 motif, k\u00fc\u00e7\u00fck p\u0131rlanta dokunu\u015fuyla \u0131\u015f\u0131k kazan\u0131rken k\u0131rm\u0131z\u0131 ip tasar\u0131ma enerjik bir g\u00f6r\u00fcn\u00fcm katar. Ayarlanabilir yap\u0131s\u0131 sayesinde rahat kullan\u0131m sa\u011flayan bu \u00f6zel tasar\u0131m, g\u00fcnl\u00fck kombinlerde sade ama dikkat \u00e7ekici bir tamamlay\u0131c\u0131 olarak \u00f6ne \u00e7\u0131kar. \u015eans, g\u00fc\u00e7 ve zarafeti bir araya getiren modern bir aksesuar se\u00e7ene\u011fidir.<\/p>","protected":false},"excerpt":{"rendered":"<ul>\n<li>17 Ayar Alt\u0131n<\/li>\n<li>0,03 ct 3 Adet P\u0131rlanta<\/li>\n<li>onlarca farkl\u0131 ip rengi se\u00e7ene\u011fi ile<\/li>\n<\/ul>","protected":false},"featured_media":43490,"comment_status":"open","ping_status":"closed","template":"","meta":[],"product_brand":[2718,2719],"product_cat":[73,209,249,247],"product_tag":[2187,504,1028,2998,2240,420,3017,512,2985,514,3444,3399,794,414,2223,2188,365,4104,2771,510,361,2983,622,362,4105,739,2679,364,1803,1083],"class_list":{"0":"post-43489","1":"product","2":"type-product","3":"status-publish","4":"has-post-thumbnail","6":"product_brand-gasia-casuals","7":"product_brand-gasia-protect","8":"product_cat-altin-pirlanta-bileklik","9":"product_cat-deri-orgu-bileklik","10":"product_cat-fleur-de-lis-koleksiyonu","11":"product_cat-hediyelik","12":"product_tag-adjustable-bracelet","13":"product_tag-altin-bileklik","14":"product_tag-ayarlanabilir-bileklik","15":"product_tag-chic-bracelet","16":"product_tag-delicate-bracelet","17":"product_tag-designer-bracelet","18":"product_tag-diamond-detail-bracelet","19":"product_tag-elegant-bracelet","20":"product_tag-everyday-bracelet","21":"product_tag-fine-jewelry-bracelet","22":"product_tag-fleur-de-lis-bileklik","23":"product_tag-fleur-de-lis-bracelet","24":"product_tag-gold-bracelet","25":"product_tag-gold-charm-bracelet","26":"product_tag-gunluk-bileklik","27":"product_tag-handmade-bracelet","28":"product_tag-kadin-bileklik","29":"product_tag-kirmizi-ip-bileklik","30":"product_tag-lucky-bracelet","31":"product_tag-luxury-bracelet","32":"product_tag-minimal-bileklik","33":"product_tag-minimal-bracelet","34":"product_tag-modern-bracelet","35":"product_tag-pirlanta-detayli-bileklik","36":"product_tag-red-string-bracelet","37":"product_tag-sans-bilekligi","38":"product_tag-symbolic-jewelry","39":"product_tag-tasarim-bileklik","40":"product_tag-women-bracelet","41":"product_tag-zarif-bileklik","42":"pa_cinsiyet-kadin","44":"first","45":"instock","46":"shipping-taxable","47":"purchasable","48":"product-type-simple"},"_links":{"self":[{"href":"https:\/\/www.gasia.com.tr\/en\/wp-json\/wp\/v2\/product\/43489","targetHints":{"allow":["GET"]}}],"collection":[{"href":"https:\/\/www.gasia.com.tr\/en\/wp-json\/wp\/v2\/product"}],"about":[{"href":"https:\/\/www.gasia.com.tr\/en\/wp-json\/wp\/v2\/types\/product"}],"replies":[{"embeddable":true,"href":"https:\/\/www.gasia.com.tr\/en\/wp-json\/wp\/v2\/comments?post=43489"}],"version-history":[{"count":3,"href":"https:\/\/www.gasia.com.tr\/en\/wp-json\/wp\/v2\/product\/43489\/revisions"}],"predecessor-version":[{"id":43495,"href":"https:\/\/www.gasia.com.tr\/en\/wp-json\/wp\/v2\/product\/43489\/revisions\/43495"}],"wp:featuredmedia":[{"embeddable":true,"href":"https:\/\/www.gasia.com.tr\/en\/wp-json\/wp\/v2\/media\/43490"}],"wp:attachment":[{"href":"https:\/\/www.gasia.com.tr\/en\/wp-json\/wp\/v2\/media?parent=43489"}],"wp:term":[{"taxonomy":"product_brand","embeddable":true,"href":"https:\/\/www.gasia.com.tr\/en\/wp-json\/wp\/v2\/product_brand?post=43489"},{"taxonomy":"product_cat","embeddable":true,"href":"https:\/\/www.gasia.com.tr\/en\/wp-json\/wp\/v2\/product_cat?post=43489"},{"taxonomy":"product_tag","embeddable":true,"href":"https:\/\/www.gasia.com.tr\/en\/wp-json\/wp\/v2\/product_tag?post=43489"}],"curies":[{"name":"wp","href":"https:\/\/api.w.org\/{rel}","templated":true}]}}