{"id":43494,"date":"2026-05-07T11:30:58","date_gmt":"2026-05-07T08:30:58","guid":{"rendered":"https:\/\/www.gasia.com.tr\/?post_type=product&#038;p=43494"},"modified":"2026-05-07T11:35:45","modified_gmt":"2026-05-07T08:35:45","slug":"okside-gumus-ve-altin-fleur-de-lis-figurlu-sari-pirlanta-detayli-kirmizi-ipli-bileklik","status":"publish","type":"product","link":"https:\/\/www.gasia.com.tr\/en\/collections\/okside-gumus-ve-altin-fleur-de-lis-figurlu-sari-pirlanta-detayli-kirmizi-ipli-bileklik\/","title":{"rendered":"Okside G\u00fcm\u00fc\u015f ve Alt\u0131n Fleur De Lis Fig\u00fcrl\u00fc Sar\u0131 P\u0131rlanta Detayl\u0131  K\u0131rm\u0131z\u0131 \u0130pli Bileklik"},"content":{"rendered":"<p>K\u0131rm\u0131z\u0131 ipin canl\u0131 enerjisini okside g\u00fcm\u00fc\u015f ve alt\u0131n\u0131n kontrast uyumuyla bir araya getiren bu fleur de lis fig\u00fcrl\u00fc bileklik, modern ve karakterli bir g\u00f6r\u00fcn\u00fcm sunar. Merkezde yer alan motif \u00fczerindeki sar\u0131 p\u0131rlanta detaylar\u0131 tasar\u0131ma ince bir \u0131\u015f\u0131lt\u0131 katarken, okside g\u00fcm\u00fc\u015f y\u00fczey ve alt\u0131n detaylar g\u00fc\u00e7l\u00fc bir stil dengesi olu\u015fturur. Ayarlanabilir makrome yap\u0131s\u0131 sayesinde g\u00fcn boyu rahat kullan\u0131m sa\u011flayan bu \u00f6zel tasar\u0131m, g\u00fcnl\u00fck kombinlerde dikkat \u00e7ekici ve anlaml\u0131 bir tamamlay\u0131c\u0131 olarak \u00f6ne \u00e7\u0131kar.<\/p>","protected":false},"excerpt":{"rendered":"<ul>\n<li>925 Ayar Okside G\u00fcm\u00fc\u015f<\/li>\n<li>14 Ayar Alt\u0131n<\/li>\n<li>0,02 ct 3 Adet P\u0131rlanta<\/li>\n<li>onlarca farkl\u0131 ip rengi se\u00e7ene\u011fi ile<\/li>\n<\/ul>","protected":false},"featured_media":43496,"comment_status":"open","ping_status":"closed","template":"","meta":[],"product_brand":[2718,2719],"product_cat":[73,209,249,247],"product_tag":[2187,504,1027,3906,1028,2998,2240,420,3017,512,543,2985,514,3444,3399,794,414,1037,2687,2223,4106,2188,365,4104,2771,510,1077,1075,620,361,2983,622,2195,2197,362,4105,739,4099,2679,364,2249,2424,1803,4100,1083],"class_list":{"0":"post-43494","1":"product","2":"type-product","3":"status-publish","4":"has-post-thumbnail","6":"product_brand-gasia-casuals","7":"product_brand-gasia-protect","8":"product_cat-altin-pirlanta-bileklik","9":"product_cat-deri-orgu-bileklik","10":"product_cat-fleur-de-lis-koleksiyonu","11":"product_cat-hediyelik","12":"product_tag-adjustable-bracelet","13":"product_tag-altin-bileklik","14":"product_tag-altin-detayli-bileklik","15":"product_tag-artisan-bracelet","16":"product_tag-ayarlanabilir-bileklik","17":"product_tag-chic-bracelet","18":"product_tag-delicate-bracelet","19":"product_tag-designer-bracelet","20":"product_tag-diamond-detail-bracelet","21":"product_tag-elegant-bracelet","22":"product_tag-erkek-bileklik","23":"product_tag-everyday-bracelet","24":"product_tag-fine-jewelry-bracelet","25":"product_tag-fleur-de-lis-bileklik","26":"product_tag-fleur-de-lis-bracelet","27":"product_tag-gold-bracelet","28":"product_tag-gold-charm-bracelet","29":"product_tag-gold-detail-bracelet","30":"product_tag-gothic-bracelet","31":"product_tag-gunluk-bileklik","32":"product_tag-handcrafted-bracelet","33":"product_tag-handmade-bracelet","34":"product_tag-kadin-bileklik","35":"product_tag-kirmizi-ip-bileklik","36":"product_tag-lucky-bracelet","37":"product_tag-luxury-bracelet","38":"product_tag-macrame-bracelet","39":"product_tag-makrome-bileklik","40":"product_tag-men-bracelet","41":"product_tag-minimal-bileklik","42":"product_tag-minimal-bracelet","43":"product_tag-modern-bracelet","44":"product_tag-okside-gumus-bileklik","45":"product_tag-oxidized-silver-bracelet","46":"product_tag-pirlanta-detayli-bileklik","47":"product_tag-red-string-bracelet","48":"product_tag-sans-bilekligi","49":"product_tag-sari-pirlanta-bileklik","50":"product_tag-symbolic-jewelry","51":"product_tag-tasarim-bileklik","52":"product_tag-unique-bracelet","53":"product_tag-unisex-bracelet","54":"product_tag-women-bracelet","55":"product_tag-yellow-diamond-bracelet","56":"product_tag-zarif-bileklik","57":"pa_cinsiyet-kadin","59":"first","60":"instock","61":"shipping-taxable","62":"purchasable","63":"product-type-simple"},"_links":{"self":[{"href":"https:\/\/www.gasia.com.tr\/en\/wp-json\/wp\/v2\/product\/43494","targetHints":{"allow":["GET"]}}],"collection":[{"href":"https:\/\/www.gasia.com.tr\/en\/wp-json\/wp\/v2\/product"}],"about":[{"href":"https:\/\/www.gasia.com.tr\/en\/wp-json\/wp\/v2\/types\/product"}],"replies":[{"embeddable":true,"href":"https:\/\/www.gasia.com.tr\/en\/wp-json\/wp\/v2\/comments?post=43494"}],"version-history":[{"count":3,"href":"https:\/\/www.gasia.com.tr\/en\/wp-json\/wp\/v2\/product\/43494\/revisions"}],"predecessor-version":[{"id":43500,"href":"https:\/\/www.gasia.com.tr\/en\/wp-json\/wp\/v2\/product\/43494\/revisions\/43500"}],"wp:featuredmedia":[{"embeddable":true,"href":"https:\/\/www.gasia.com.tr\/en\/wp-json\/wp\/v2\/media\/43496"}],"wp:attachment":[{"href":"https:\/\/www.gasia.com.tr\/en\/wp-json\/wp\/v2\/media?parent=43494"}],"wp:term":[{"taxonomy":"product_brand","embeddable":true,"href":"https:\/\/www.gasia.com.tr\/en\/wp-json\/wp\/v2\/product_brand?post=43494"},{"taxonomy":"product_cat","embeddable":true,"href":"https:\/\/www.gasia.com.tr\/en\/wp-json\/wp\/v2\/product_cat?post=43494"},{"taxonomy":"product_tag","embeddable":true,"href":"https:\/\/www.gasia.com.tr\/en\/wp-json\/wp\/v2\/product_tag?post=43494"}],"curies":[{"name":"wp","href":"https:\/\/api.w.org\/{rel}","templated":true}]}}