{"id":43513,"date":"2026-05-07T15:04:32","date_gmt":"2026-05-07T12:04:32","guid":{"rendered":"https:\/\/www.gasia.com.tr\/?post_type=product&#038;p=43513"},"modified":"2026-05-07T15:18:05","modified_gmt":"2026-05-07T12:18:05","slug":"nazar-boncuklu-pirlantali-bileklik","status":"publish","type":"product","link":"https:\/\/www.gasia.com.tr\/en\/collections\/nazar-boncuklu-pirlantali-bileklik\/","title":{"rendered":"Nazar Boncuklu P\u0131rlantal\u0131 Bileklik"},"content":{"rendered":"<p>Geleneksel nazar boncu\u011fu motifini modern \u00e7izgilerle bulu\u015fturan bu alt\u0131n bileklik, zarif ve enerjik bir g\u00f6r\u00fcn\u00fcm sunar. \u0130nce zincir form \u00fczerine yerle\u015ftirilen mavi nazar detaylar\u0131 ve k\u00fc\u00e7\u00fck p\u0131rlanta ta\u015flar tasar\u0131ma \u0131\u015f\u0131k ve hareket kazand\u0131r\u0131r. G\u00fcnl\u00fck kullan\u0131m i\u00e7in hafif ve konforlu yap\u0131ya sahip olan bu \u00f6zel tasar\u0131m, tek ba\u015f\u0131na minimal bir \u015f\u0131kl\u0131k yarat\u0131rken farkl\u0131 bilekliklerle kombinlendi\u011finde modern ve dikkat \u00e7ekici bir stil tamamlay\u0131c\u0131s\u0131 olur.<\/p>","protected":false},"excerpt":{"rendered":"<ul>\n<li>14 ayar Alt\u0131n<\/li>\n<li>10 adet toplam 0,10 ct P\u0131rlanta<\/li>\n<li>17,5 cm uzunluk<\/li>\n<\/ul>","protected":false},"featured_media":43523,"comment_status":"open","ping_status":"closed","template":"","meta":[],"product_brand":[2718,2719],"product_cat":[73,247,198],"product_tag":[504,423,2998,2819,4117,420,3017,2985,417,735,514,794,418,2223,4116,365,4118,2771,510,3071,361,2983,622,412,362,739,2679,364,1803],"class_list":{"0":"post-43513","1":"product","2":"type-product","3":"status-publish","4":"has-post-thumbnail","6":"product_brand-gasia-casuals","7":"product_brand-gasia-protect","8":"product_cat-altin-pirlanta-bileklik","9":"product_cat-hediyelik","10":"product_cat-eye-collection","11":"product_tag-altin-bileklik","12":"product_tag-blue-evil-eye-bracelet","13":"product_tag-chic-bracelet","14":"product_tag-dainty-bracelet","15":"product_tag-delicate-chain-bracelet","16":"product_tag-designer-bracelet","17":"product_tag-diamond-detail-bracelet","18":"product_tag-everyday-bracelet","19":"product_tag-evil-eye-bracelet","20":"product_tag-evil-eye-jewelry","21":"product_tag-fine-jewelry-bracelet","22":"product_tag-gold-bracelet","23":"product_tag-gold-chain-bracelet","24":"product_tag-gunluk-bileklik","25":"product_tag-ince-zincir-bileklik","26":"product_tag-kadin-bileklik","27":"product_tag-layered-bracelet","28":"product_tag-lucky-bracelet","29":"product_tag-luxury-bracelet","30":"product_tag-mavi-nazar-bileklik","31":"product_tag-minimal-bileklik","32":"product_tag-minimal-bracelet","33":"product_tag-modern-bracelet","34":"product_tag-nazar-boncuklu-bileklik","35":"product_tag-pirlanta-detayli-bileklik","36":"product_tag-sans-bilekligi","37":"product_tag-symbolic-jewelry","38":"product_tag-tasarim-bileklik","39":"product_tag-women-bracelet","40":"pa_cinsiyet-kadin","42":"first","43":"instock","44":"shipping-taxable","45":"purchasable","46":"product-type-simple"},"_links":{"self":[{"href":"https:\/\/www.gasia.com.tr\/en\/wp-json\/wp\/v2\/product\/43513","targetHints":{"allow":["GET"]}}],"collection":[{"href":"https:\/\/www.gasia.com.tr\/en\/wp-json\/wp\/v2\/product"}],"about":[{"href":"https:\/\/www.gasia.com.tr\/en\/wp-json\/wp\/v2\/types\/product"}],"replies":[{"embeddable":true,"href":"https:\/\/www.gasia.com.tr\/en\/wp-json\/wp\/v2\/comments?post=43513"}],"version-history":[{"count":2,"href":"https:\/\/www.gasia.com.tr\/en\/wp-json\/wp\/v2\/product\/43513\/revisions"}],"predecessor-version":[{"id":43518,"href":"https:\/\/www.gasia.com.tr\/en\/wp-json\/wp\/v2\/product\/43513\/revisions\/43518"}],"wp:featuredmedia":[{"embeddable":true,"href":"https:\/\/www.gasia.com.tr\/en\/wp-json\/wp\/v2\/media\/43523"}],"wp:attachment":[{"href":"https:\/\/www.gasia.com.tr\/en\/wp-json\/wp\/v2\/media?parent=43513"}],"wp:term":[{"taxonomy":"product_brand","embeddable":true,"href":"https:\/\/www.gasia.com.tr\/en\/wp-json\/wp\/v2\/product_brand?post=43513"},{"taxonomy":"product_cat","embeddable":true,"href":"https:\/\/www.gasia.com.tr\/en\/wp-json\/wp\/v2\/product_cat?post=43513"},{"taxonomy":"product_tag","embeddable":true,"href":"https:\/\/www.gasia.com.tr\/en\/wp-json\/wp\/v2\/product_tag?post=43513"}],"curies":[{"name":"wp","href":"https:\/\/api.w.org\/{rel}","templated":true}]}}