{"id":43516,"date":"2026-05-07T15:11:09","date_gmt":"2026-05-07T12:11:09","guid":{"rendered":"https:\/\/www.gasia.com.tr\/?post_type=product&#038;p=43516"},"modified":"2026-05-07T16:24:21","modified_gmt":"2026-05-07T13:24:21","slug":"pembe-nazar-boncuklu-altin-bilekli","status":"publish","type":"product","link":"https:\/\/www.gasia.com.tr\/en\/collections\/pembe-nazar-boncuklu-altin-bilekli\/","title":{"rendered":"Pembe Nazar Boncuklu Alt\u0131n Bilekli"},"content":{"rendered":"<p>Yumu\u015fak pembe tonlar\u0131yla modern bir yorum kazanan bu nazar boncuklu alt\u0131n bileklik, minimal \u00e7izgileri ve ince p\u0131rlanta detaylar\u0131yla feminen bir g\u00f6r\u00fcn\u00fcm sunar. Alt\u0131n zincirin s\u0131cak \u0131\u015f\u0131lt\u0131s\u0131 ile pembe nazar motiflerinin uyumu, bilekli\u011fe zarif ve enerjik bir karakter kazand\u0131r\u0131r. G\u00fcnl\u00fck kullan\u0131ma uygun hafif yap\u0131s\u0131 sayesinde tek ba\u015f\u0131na sade bir \u015f\u0131kl\u0131k yarat\u0131rken, farkl\u0131 bilekliklerle kombinlenerek \u00e7a\u011fda\u015f ve stil sahibi bir g\u00f6r\u00fcn\u00fcm olu\u015fturur.<\/p>","protected":false},"excerpt":{"rendered":"<ul>\n<li>14 ayar Alt\u0131n<\/li>\n<li>10 adet toplam 0,10 ct P\u0131rlanta<\/li>\n<li>17,5 cm uzunluk<\/li>\n<\/ul>","protected":false},"featured_media":43521,"comment_status":"open","ping_status":"closed","template":"","meta":[],"product_brand":[2718,2719],"product_cat":[73,247,198],"product_tag":[504,423,2998,2819,4117,420,3017,2985,417,735,514,794,418,2223,4116,365,4118,2771,510,3071,361,2983,622,412,362,739,2679,364,1803],"class_list":{"0":"post-43516","1":"product","2":"type-product","3":"status-publish","4":"has-post-thumbnail","6":"product_brand-gasia-casuals","7":"product_brand-gasia-protect","8":"product_cat-altin-pirlanta-bileklik","9":"product_cat-hediyelik","10":"product_cat-eye-collection","11":"product_tag-altin-bileklik","12":"product_tag-blue-evil-eye-bracelet","13":"product_tag-chic-bracelet","14":"product_tag-dainty-bracelet","15":"product_tag-delicate-chain-bracelet","16":"product_tag-designer-bracelet","17":"product_tag-diamond-detail-bracelet","18":"product_tag-everyday-bracelet","19":"product_tag-evil-eye-bracelet","20":"product_tag-evil-eye-jewelry","21":"product_tag-fine-jewelry-bracelet","22":"product_tag-gold-bracelet","23":"product_tag-gold-chain-bracelet","24":"product_tag-gunluk-bileklik","25":"product_tag-ince-zincir-bileklik","26":"product_tag-kadin-bileklik","27":"product_tag-layered-bracelet","28":"product_tag-lucky-bracelet","29":"product_tag-luxury-bracelet","30":"product_tag-mavi-nazar-bileklik","31":"product_tag-minimal-bileklik","32":"product_tag-minimal-bracelet","33":"product_tag-modern-bracelet","34":"product_tag-nazar-boncuklu-bileklik","35":"product_tag-pirlanta-detayli-bileklik","36":"product_tag-sans-bilekligi","37":"product_tag-symbolic-jewelry","38":"product_tag-tasarim-bileklik","39":"product_tag-women-bracelet","40":"pa_cinsiyet-kadin","42":"first","43":"instock","44":"shipping-taxable","45":"purchasable","46":"product-type-simple"},"_links":{"self":[{"href":"https:\/\/www.gasia.com.tr\/en\/wp-json\/wp\/v2\/product\/43516","targetHints":{"allow":["GET"]}}],"collection":[{"href":"https:\/\/www.gasia.com.tr\/en\/wp-json\/wp\/v2\/product"}],"about":[{"href":"https:\/\/www.gasia.com.tr\/en\/wp-json\/wp\/v2\/types\/product"}],"replies":[{"embeddable":true,"href":"https:\/\/www.gasia.com.tr\/en\/wp-json\/wp\/v2\/comments?post=43516"}],"version-history":[{"count":1,"href":"https:\/\/www.gasia.com.tr\/en\/wp-json\/wp\/v2\/product\/43516\/revisions"}],"predecessor-version":[{"id":43522,"href":"https:\/\/www.gasia.com.tr\/en\/wp-json\/wp\/v2\/product\/43516\/revisions\/43522"}],"wp:featuredmedia":[{"embeddable":true,"href":"https:\/\/www.gasia.com.tr\/en\/wp-json\/wp\/v2\/media\/43521"}],"wp:attachment":[{"href":"https:\/\/www.gasia.com.tr\/en\/wp-json\/wp\/v2\/media?parent=43516"}],"wp:term":[{"taxonomy":"product_brand","embeddable":true,"href":"https:\/\/www.gasia.com.tr\/en\/wp-json\/wp\/v2\/product_brand?post=43516"},{"taxonomy":"product_cat","embeddable":true,"href":"https:\/\/www.gasia.com.tr\/en\/wp-json\/wp\/v2\/product_cat?post=43516"},{"taxonomy":"product_tag","embeddable":true,"href":"https:\/\/www.gasia.com.tr\/en\/wp-json\/wp\/v2\/product_tag?post=43516"}],"curies":[{"name":"wp","href":"https:\/\/api.w.org\/{rel}","templated":true}]}}