{"id":43526,"date":"2026-05-07T16:05:40","date_gmt":"2026-05-07T13:05:40","guid":{"rendered":"https:\/\/www.gasia.com.tr\/?post_type=product&#038;p=43526"},"modified":"2026-05-07T16:09:46","modified_gmt":"2026-05-07T13:09:46","slug":"safir-ve-pirlanta-beyaz-altin-yuzuk","status":"publish","type":"product","link":"https:\/\/www.gasia.com.tr\/en\/collections\/safir-ve-pirlanta-beyaz-altin-yuzuk\/","title":{"rendered":"Safir ve P\u0131rlanta Beyaz Alt\u0131n Y\u00fcz\u00fck"},"content":{"rendered":"<p>Derin ve zengin mavi tonlara sahip oval kesim safir ta\u015f\u0131, \u00e7evresini saran parlak p\u0131rlanta detaylar\u0131yla g\u00f6z al\u0131c\u0131 bir \u0131\u015f\u0131lt\u0131 sunuyor. Beyaz alt\u0131n\u0131n modern zarafeti ile klasik vintage esintileri bulu\u015fturan bu y\u00fcz\u00fck, \u00f6zel g\u00fcnlerden g\u00fcnl\u00fck \u015f\u0131kl\u0131\u011fa kadar her stile sofistike bir dokunu\u015f kat\u0131yor. \u00c7i\u00e7ek formunu and\u0131ran p\u0131rlanta dizilimi, safirin asil g\u00f6r\u00fcn\u00fcm\u00fcn\u00fc daha da \u00f6n plana \u00e7\u0131kar\u0131rken zamans\u0131z ve l\u00fcks bir m\u00fccevher deneyimi yarat\u0131yor.<\/p>","protected":false},"excerpt":{"rendered":"<ul>\n<li>18 Ayar Alt\u0131n<\/li>\n<li>1,81 Gram<\/li>\n<li>0,07 ct P\u0131rlanta<\/li>\n<li>0,39 ct Do\u011fal Avustralya Safir<\/li>\n<\/ul>","protected":false},"featured_media":43527,"comment_status":"open","ping_status":"closed","template":"","meta":[],"product_brand":[2718],"product_cat":[247,76],"product_tag":[2328,964,4124,4121,565,654,528,4123,451,566,588,584,4125,520,1000,1668,590,3504,4122,496,4120,2076,335,4119,494,1150,786,450,4126,1870,683,3285,1021,519],"class_list":{"0":"post-43526","1":"product","2":"type-product","3":"status-publish","4":"has-post-thumbnail","6":"product_brand-gasia-casuals","7":"product_cat-hediyelik","8":"product_cat-yuzuk-modelleri","9":"product_tag-beyaz-altin-yuzuk","10":"product_tag-blue-gemstone-ring","11":"product_tag-bridal-jewelry","12":"product_tag-classic-ring","13":"product_tag-designer-ring","14":"product_tag-diamond-ring","15":"product_tag-elegant-ring","16":"product_tag-engagement-ring","17":"product_tag-fine-jewelry-ring","18":"product_tag-gemstone-ring","19":"product_tag-halo-ring","20":"product_tag-halo-yuzuk","21":"product_tag-heirloom-ring","22":"product_tag-kadin-yuzuk","23":"product_tag-klasik-yuzuk","24":"product_tag-luxury-jewelry","25":"product_tag-luxury-ring","26":"product_tag-mavi-tasli-yuzuk","27":"product_tag-nisan-yuzugu","28":"product_tag-oval-safir-yuzuk","29":"product_tag-oval-sapphire-ring","30":"product_tag-ozel-tasarim-yuzuk","31":"product_tag-pirlanta-yuzuk","32":"product_tag-safir-ve-pirlanta-yuzuk","33":"product_tag-safir-yuzuk","34":"product_tag-sapphire-diamond-ring","35":"product_tag-sapphire-ring","36":"product_tag-statement-ring","37":"product_tag-timeless-jewelry","38":"product_tag-vintage-ring","39":"product_tag-vintage-yuzuk","40":"product_tag-white-gold-ring","41":"product_tag-women-ring","42":"product_tag-zarif-yuzuk","43":"pa_cinsiyet-kadin","45":"first","46":"instock","47":"sale","48":"shipping-taxable","49":"purchasable","50":"product-type-simple"},"_links":{"self":[{"href":"https:\/\/www.gasia.com.tr\/en\/wp-json\/wp\/v2\/product\/43526","targetHints":{"allow":["GET"]}}],"collection":[{"href":"https:\/\/www.gasia.com.tr\/en\/wp-json\/wp\/v2\/product"}],"about":[{"href":"https:\/\/www.gasia.com.tr\/en\/wp-json\/wp\/v2\/types\/product"}],"replies":[{"embeddable":true,"href":"https:\/\/www.gasia.com.tr\/en\/wp-json\/wp\/v2\/comments?post=43526"}],"version-history":[{"count":1,"href":"https:\/\/www.gasia.com.tr\/en\/wp-json\/wp\/v2\/product\/43526\/revisions"}],"predecessor-version":[{"id":43528,"href":"https:\/\/www.gasia.com.tr\/en\/wp-json\/wp\/v2\/product\/43526\/revisions\/43528"}],"wp:featuredmedia":[{"embeddable":true,"href":"https:\/\/www.gasia.com.tr\/en\/wp-json\/wp\/v2\/media\/43527"}],"wp:attachment":[{"href":"https:\/\/www.gasia.com.tr\/en\/wp-json\/wp\/v2\/media?parent=43526"}],"wp:term":[{"taxonomy":"product_brand","embeddable":true,"href":"https:\/\/www.gasia.com.tr\/en\/wp-json\/wp\/v2\/product_brand?post=43526"},{"taxonomy":"product_cat","embeddable":true,"href":"https:\/\/www.gasia.com.tr\/en\/wp-json\/wp\/v2\/product_cat?post=43526"},{"taxonomy":"product_tag","embeddable":true,"href":"https:\/\/www.gasia.com.tr\/en\/wp-json\/wp\/v2\/product_tag?post=43526"}],"curies":[{"name":"wp","href":"https:\/\/api.w.org\/{rel}","templated":true}]}}