{"id":43544,"date":"2026-05-07T17:26:01","date_gmt":"2026-05-07T14:26:01","guid":{"rendered":"https:\/\/www.gasia.com.tr\/?post_type=product&#038;p=43544"},"modified":"2026-05-10T20:00:41","modified_gmt":"2026-05-10T17:00:41","slug":"pirlanta-detayli-beyaz-altin-top-bileklik","status":"publish","type":"product","link":"https:\/\/www.gasia.com.tr\/en\/collections\/pirlanta-detayli-beyaz-altin-top-bileklik\/","title":{"rendered":"P\u0131rlanta Detayl\u0131 Beyaz Alt\u0131n Top Bileklik"},"content":{"rendered":"<p>Parlak p\u0131rlanta detaylarla s\u00fcslenen top formundaki tasar\u0131m\u0131yla bu bileklik, modern \u015f\u0131kl\u0131\u011f\u0131 zarif bir dokunu\u015fla bulu\u015fturuyor. Minimal \u00e7izgileri sayesinde g\u00fcnl\u00fck kullan\u0131m i\u00e7in ideal olan model, alt\u0131n\u0131n s\u0131cak \u0131\u015f\u0131lt\u0131s\u0131 ve p\u0131rlantalar\u0131n g\u00f6z al\u0131c\u0131 par\u0131lt\u0131s\u0131yla sofistike bir g\u00f6r\u00fcn\u00fcm sunar. Tek ba\u015f\u0131na sade bir zarafet yarat\u0131rken farkl\u0131 bilekliklerle kombinlenerek \u00e7a\u011fda\u015f ve stil sahibi bir g\u00f6r\u00fcn\u00fcm olu\u015fturur.<\/p>","protected":false},"excerpt":{"rendered":"<ul>\n<li>14 ayar alt\u0131n<\/li>\n<li>15,66 Gram<\/li>\n<li>1.18 ct P\u0131rlanta<\/li>\n<\/ul>","protected":false},"featured_media":43545,"comment_status":"open","ping_status":"closed","template":"","meta":[],"product_brand":[77,2718],"product_cat":[73,260],"product_tag":[504,4141,2998,352,2240,420,4139,507,4143,512,2985,514,794,2223,365,510,1668,361,2983,1639,622,358,4138,2999,4142,2250,4144,4140,1803,1083],"class_list":{"0":"post-43544","1":"product","2":"type-product","3":"status-publish","4":"has-post-thumbnail","6":"product_brand-gasia","7":"product_brand-gasia-casuals","8":"product_cat-altin-pirlanta-bileklik","9":"product_cat-kadin","10":"product_tag-altin-bileklik","11":"product_tag-bead-bracelet","12":"product_tag-chic-bracelet","13":"product_tag-contemporary-jewelry","14":"product_tag-delicate-bracelet","15":"product_tag-designer-bracelet","16":"product_tag-diamond-bead-bracelet","17":"product_tag-diamond-bracelet","18":"product_tag-diamond-jewelry","19":"product_tag-elegant-bracelet","20":"product_tag-everyday-bracelet","21":"product_tag-fine-jewelry-bracelet","22":"product_tag-gold-bracelet","23":"product_tag-gunluk-bileklik","24":"product_tag-kadin-bileklik","25":"product_tag-luxury-bracelet","26":"product_tag-luxury-jewelry","27":"product_tag-minimal-bileklik","28":"product_tag-minimal-bracelet","29":"product_tag-minimalist-jewelry","30":"product_tag-modern-bracelet","31":"product_tag-pirlanta-bileklik","32":"product_tag-pirlanta-top-bileklik","33":"product_tag-premium-bracelet","34":"product_tag-stacking-bracelet","35":"product_tag-stylish-bracelet","36":"product_tag-timeless-bracelet","37":"product_tag-top-bileklik","38":"product_tag-women-bracelet","39":"product_tag-zarif-bileklik","40":"pa_cinsiyet-kadin","42":"first","43":"instock","44":"sale","45":"shipping-taxable","46":"purchasable","47":"product-type-simple"},"_links":{"self":[{"href":"https:\/\/www.gasia.com.tr\/en\/wp-json\/wp\/v2\/product\/43544","targetHints":{"allow":["GET"]}}],"collection":[{"href":"https:\/\/www.gasia.com.tr\/en\/wp-json\/wp\/v2\/product"}],"about":[{"href":"https:\/\/www.gasia.com.tr\/en\/wp-json\/wp\/v2\/types\/product"}],"replies":[{"embeddable":true,"href":"https:\/\/www.gasia.com.tr\/en\/wp-json\/wp\/v2\/comments?post=43544"}],"version-history":[{"count":1,"href":"https:\/\/www.gasia.com.tr\/en\/wp-json\/wp\/v2\/product\/43544\/revisions"}],"predecessor-version":[{"id":43546,"href":"https:\/\/www.gasia.com.tr\/en\/wp-json\/wp\/v2\/product\/43544\/revisions\/43546"}],"wp:featuredmedia":[{"embeddable":true,"href":"https:\/\/www.gasia.com.tr\/en\/wp-json\/wp\/v2\/media\/43545"}],"wp:attachment":[{"href":"https:\/\/www.gasia.com.tr\/en\/wp-json\/wp\/v2\/media?parent=43544"}],"wp:term":[{"taxonomy":"product_brand","embeddable":true,"href":"https:\/\/www.gasia.com.tr\/en\/wp-json\/wp\/v2\/product_brand?post=43544"},{"taxonomy":"product_cat","embeddable":true,"href":"https:\/\/www.gasia.com.tr\/en\/wp-json\/wp\/v2\/product_cat?post=43544"},{"taxonomy":"product_tag","embeddable":true,"href":"https:\/\/www.gasia.com.tr\/en\/wp-json\/wp\/v2\/product_tag?post=43544"}],"curies":[{"name":"wp","href":"https:\/\/api.w.org\/{rel}","templated":true}]}}