{"id":43561,"date":"2026-05-08T10:20:03","date_gmt":"2026-05-08T07:20:03","guid":{"rendered":"https:\/\/www.gasia.com.tr\/?post_type=product&#038;p=43561"},"modified":"2026-05-08T10:20:04","modified_gmt":"2026-05-08T07:20:04","slug":"okside-gumus-fleur-de-lis-madalyon-kolye-l","status":"publish","type":"product","link":"https:\/\/www.gasia.com.tr\/en\/collections\/okside-gumus-fleur-de-lis-madalyon-kolye-l\/","title":{"rendered":"Okside G\u00fcm\u00fc\u015f Fleur De Lis Madalyon Kolye L"},"content":{"rendered":"<p>Merkezinde yer alan Fleur De Lis motifi ve burgu detayl\u0131 alt\u0131n \u00e7er\u00e7evesiyle \u00f6ne \u00e7\u0131kan bu okside g\u00fcm\u00fc\u015f kolye, tarihi sembolleri modern m\u00fccevher \u00e7izgileriyle bulu\u015fturuyor. Koyu g\u00fcm\u00fc\u015f tonlar\u0131yla derinlik kazanan tasar\u0131m, sar\u0131 ta\u015f detaylar\u0131 sayesinde \u0131\u015f\u0131\u011f\u0131 g\u00fc\u00e7l\u00fc \u015fekilde yans\u0131tarak dikkat \u00e7ekici bir g\u00f6r\u00fcn\u00fcm sunar. G\u00fcnl\u00fck stilin yan\u0131nda \u00f6zel kombinlerde de karakterli bir tamamlay\u0131c\u0131 olarak \u00f6ne \u00e7\u0131kan kolye, g\u00fc\u00e7l\u00fc sembolik duru\u015fu ve el i\u015f\u00e7ili\u011fi hissi veren detaylar\u0131yla koleksiyonluk bir g\u00f6r\u00fcn\u00fcm olu\u015fturur.<\/p>","protected":false},"excerpt":{"rendered":"<ul>\n<li>14 Ayar Alt\u0131n<\/li>\n<li>2,56 gram<\/li>\n<li>925 Ayar Okside G\u00fcm\u00fc\u015f<\/li>\n<li>0,16 ct P\u0131rlanta<\/li>\n<li>60 cm uzunlu\u011funda zincir<\/li>\n<li>21,5 mm \u00e7ap<\/li>\n<\/ul>","protected":false},"featured_media":43562,"comment_status":"open","ping_status":"closed","template":"","meta":[],"product_brand":[2718],"product_cat":[249,247,75,256],"product_tag":[3024,405,4174,3033,3905,352,633,305,1637,2074,1655,3472,4165,1647,465,4177,3160,2140,4170,4172,473,1668,493,4164,4166,742,4178,1365,490,483,4173,4168,1618,4169,489,2679,4176,4175,4171,3027,4167,1699],"class_list":{"0":"post-43561","1":"product","2":"type-product","3":"status-publish","4":"has-post-thumbnail","6":"product_brand-gasia-casuals","7":"product_cat-fleur-de-lis-koleksiyonu","8":"product_cat-hediyelik","9":"product_cat-kolye","10":"product_cat-erkek-kolye-ve-zincirler","11":"product_tag-altin-detayli-kolye","12":"product_tag-artisan-jewelry","13":"product_tag-artisan-pendant","14":"product_tag-bold-necklace","15":"product_tag-collectible-jewelry","16":"product_tag-contemporary-jewelry","17":"product_tag-designer-necklace","18":"product_tag-designer-pendant","19":"product_tag-elegant-necklace","20":"product_tag-fashion-necklace","21":"product_tag-fine-jewelry","22":"product_tag-fleur-de-lis-kolye","23":"product_tag-fleur-de-lis-pendant","24":"product_tag-gold-chain-necklace","25":"product_tag-gothic-jewelry","26":"product_tag-gothic-pendant","27":"product_tag-gumus-kolye","28":"product_tag-handmade-necklace","29":"product_tag-heraldic-jewelry","30":"product_tag-historical-symbol-jewelry","31":"product_tag-kadin-kolye","32":"product_tag-luxury-jewelry","33":"product_tag-luxury-pendant","34":"product_tag-madalyon-kolye","35":"product_tag-medallion-necklace","36":"product_tag-modern-jewelry","37":"product_tag-modern-luxury-jewelry","38":"product_tag-okside-gumus-kolye","39":"product_tag-oxidized-silver-necklace","40":"product_tag-ozel-tasarim-kolye","41":"product_tag-premium-jewelry","42":"product_tag-royal-symbol-necklace","43":"product_tag-silver-pendant-necklace","44":"product_tag-siyah-gumus-kolye","45":"product_tag-statement-necklace","46":"product_tag-symbolic-jewelry","47":"product_tag-symbolic-pendant","48":"product_tag-textured-jewelry","49":"product_tag-unique-pendant-design","50":"product_tag-unisex-kolye","51":"product_tag-vintage-inspired-necklace","52":"product_tag-yellow-stone-necklace","53":"pa_cinsiyet-erkek","54":"pa_cinsiyet-kadin","56":"first","57":"instock","58":"shipping-taxable","59":"purchasable","60":"product-type-simple"},"_links":{"self":[{"href":"https:\/\/www.gasia.com.tr\/en\/wp-json\/wp\/v2\/product\/43561","targetHints":{"allow":["GET"]}}],"collection":[{"href":"https:\/\/www.gasia.com.tr\/en\/wp-json\/wp\/v2\/product"}],"about":[{"href":"https:\/\/www.gasia.com.tr\/en\/wp-json\/wp\/v2\/types\/product"}],"replies":[{"embeddable":true,"href":"https:\/\/www.gasia.com.tr\/en\/wp-json\/wp\/v2\/comments?post=43561"}],"version-history":[{"count":1,"href":"https:\/\/www.gasia.com.tr\/en\/wp-json\/wp\/v2\/product\/43561\/revisions"}],"predecessor-version":[{"id":43563,"href":"https:\/\/www.gasia.com.tr\/en\/wp-json\/wp\/v2\/product\/43561\/revisions\/43563"}],"wp:featuredmedia":[{"embeddable":true,"href":"https:\/\/www.gasia.com.tr\/en\/wp-json\/wp\/v2\/media\/43562"}],"wp:attachment":[{"href":"https:\/\/www.gasia.com.tr\/en\/wp-json\/wp\/v2\/media?parent=43561"}],"wp:term":[{"taxonomy":"product_brand","embeddable":true,"href":"https:\/\/www.gasia.com.tr\/en\/wp-json\/wp\/v2\/product_brand?post=43561"},{"taxonomy":"product_cat","embeddable":true,"href":"https:\/\/www.gasia.com.tr\/en\/wp-json\/wp\/v2\/product_cat?post=43561"},{"taxonomy":"product_tag","embeddable":true,"href":"https:\/\/www.gasia.com.tr\/en\/wp-json\/wp\/v2\/product_tag?post=43561"}],"curies":[{"name":"wp","href":"https:\/\/api.w.org\/{rel}","templated":true}]}}