{"id":43568,"date":"2026-02-01T00:00:00","date_gmt":"2026-01-31T21:00:00","guid":{"rendered":"https:\/\/www.gasia.com.tr\/?post_type=product&#038;p=43568"},"modified":"2026-05-08T13:08:45","modified_gmt":"2026-05-08T10:08:45","slug":"siyah-oniks-tasli-heykelsi-altin-yuzuk","status":"publish","type":"product","link":"https:\/\/www.gasia.com.tr\/en\/collections\/siyah-oniks-tasli-heykelsi-altin-yuzuk\/","title":{"rendered":"Siyah Oniks Ta\u015fl\u0131 Heykelsi Alt\u0131n Y\u00fcz\u00fck"},"content":{"rendered":"<p>Parlak siyah oniks ta\u015flar\u0131n\u0131n g\u00fc\u00e7l\u00fc g\u00f6r\u00fcn\u00fcm\u00fc ve ak\u0131\u015fkan alt\u0131n formuyla \u00f6ne \u00e7\u0131kan bu \u00f6zel tasar\u0131m y\u00fcz\u00fck, modern m\u00fccevher \u00e7izgilerini dikkat \u00e7ekici bir stil anlay\u0131\u015f\u0131yla bulu\u015fturuyor. Heykelsi silueti sayesinde tek ba\u015f\u0131na etkileyici bir g\u00f6r\u00fcn\u00fcm sunarken, p\u0131rlanta detaylar\u0131yla \u0131\u015f\u0131\u011f\u0131 zarif \u015fekilde yans\u0131t\u0131r. G\u00fcnl\u00fck kombinlerden \u00f6zel davet stiline kadar farkl\u0131 kullan\u0131mlara uyum sa\u011flayan tasar\u0131m, cesur ve modern m\u00fccevher tercih edenler i\u00e7in karakter sahibi bir g\u00f6r\u00fcn\u00fcm olu\u015fturur.<\/p>","protected":false},"excerpt":{"rendered":"<ul>\n<li>18 Ayar Alt\u0131n<\/li>\n<li>4,46 Gram<\/li>\n<li>0,10 ct P\u0131rlanta<\/li>\n<li>15,19 ct 2 adet Onyx<\/li>\n<\/ul>","protected":false},"featured_media":43569,"comment_status":"open","ping_status":"closed","template":"","meta":[],"product_brand":[77,2718],"product_cat":[76],"product_tag":[289,405,1897,4189,4181,1517,4183,1874,4182,3707,352,1934,565,2926,4187,4188,1875,1655,4185,2854,1250,2891,1890,4190,520,3297,4186,1668,648,742,521,1513,4180,2076,1146,4173,701,1896,4179,1515,2688,3521,4184],"class_list":{"0":"post-43568","1":"product","2":"type-product","3":"status-publish","4":"has-post-thumbnail","6":"product_brand-gasia","7":"product_brand-gasia-casuals","8":"product_cat-yuzuk-modelleri","9":"product_tag-altin-yuzuk","10":"product_tag-artisan-jewelry","11":"product_tag-artistic-ring","12":"product_tag-black-and-gold-ring","13":"product_tag-black-gemstone-ring","14":"product_tag-black-onyx-ring","15":"product_tag-black-stone-ring","16":"product_tag-bold-ring","17":"product_tag-chunky-ring","18":"product_tag-cocktail-ring","19":"product_tag-contemporary-jewelry","20":"product_tag-contemporary-ring","21":"product_tag-designer-ring","22":"product_tag-elegant-jewelry","23":"product_tag-exclusive-jewelry","24":"product_tag-fashion-jewelry","25":"product_tag-fashion-ring","26":"product_tag-fine-jewelry","27":"product_tag-geometric-jewelry","28":"product_tag-gold-statement-ring","29":"product_tag-gosterisli-yuzuk","30":"product_tag-handmade-jewelry","31":"product_tag-heykelsi-yuzuk","32":"product_tag-high-jewelry","33":"product_tag-kadin-yuzuk","34":"product_tag-luks-mucevher","35":"product_tag-luxury-accessory","36":"product_tag-luxury-jewelry","37":"product_tag-modern-gold-ring","38":"product_tag-modern-jewelry","39":"product_tag-modern-yuzuk","40":"product_tag-oniks-tasli-yuzuk","41":"product_tag-onyx-gold-ring","42":"product_tag-ozel-tasarim-yuzuk","43":"product_tag-pirlanta-detayli-yuzuk","44":"product_tag-premium-jewelry","45":"product_tag-rose-gold-ring","46":"product_tag-sculptural-ring","47":"product_tag-siyah-oniks-yuzuk","48":"product_tag-siyah-tasli-yuzuk","49":"product_tag-statement-jewelry","50":"product_tag-unique-ring-design","51":"product_tag-womens-jewelry","52":"pa_cinsiyet-kadin","54":"first","55":"instock","56":"sale","57":"shipping-taxable","58":"purchasable","59":"product-type-simple"},"_links":{"self":[{"href":"https:\/\/www.gasia.com.tr\/en\/wp-json\/wp\/v2\/product\/43568","targetHints":{"allow":["GET"]}}],"collection":[{"href":"https:\/\/www.gasia.com.tr\/en\/wp-json\/wp\/v2\/product"}],"about":[{"href":"https:\/\/www.gasia.com.tr\/en\/wp-json\/wp\/v2\/types\/product"}],"replies":[{"embeddable":true,"href":"https:\/\/www.gasia.com.tr\/en\/wp-json\/wp\/v2\/comments?post=43568"}],"version-history":[{"count":2,"href":"https:\/\/www.gasia.com.tr\/en\/wp-json\/wp\/v2\/product\/43568\/revisions"}],"predecessor-version":[{"id":43571,"href":"https:\/\/www.gasia.com.tr\/en\/wp-json\/wp\/v2\/product\/43568\/revisions\/43571"}],"wp:featuredmedia":[{"embeddable":true,"href":"https:\/\/www.gasia.com.tr\/en\/wp-json\/wp\/v2\/media\/43569"}],"wp:attachment":[{"href":"https:\/\/www.gasia.com.tr\/en\/wp-json\/wp\/v2\/media?parent=43568"}],"wp:term":[{"taxonomy":"product_brand","embeddable":true,"href":"https:\/\/www.gasia.com.tr\/en\/wp-json\/wp\/v2\/product_brand?post=43568"},{"taxonomy":"product_cat","embeddable":true,"href":"https:\/\/www.gasia.com.tr\/en\/wp-json\/wp\/v2\/product_cat?post=43568"},{"taxonomy":"product_tag","embeddable":true,"href":"https:\/\/www.gasia.com.tr\/en\/wp-json\/wp\/v2\/product_tag?post=43568"}],"curies":[{"name":"wp","href":"https:\/\/api.w.org\/{rel}","templated":true}]}}