{"id":43579,"date":"2026-05-08T12:33:10","date_gmt":"2026-05-08T09:33:10","guid":{"rendered":"https:\/\/www.gasia.com.tr\/?post_type=product&#038;p=43579"},"modified":"2026-05-08T13:06:47","modified_gmt":"2026-05-08T10:06:47","slug":"pirlanta-detayli-nazar-boncuklu-altin-kolye","status":"publish","type":"product","link":"https:\/\/www.gasia.com.tr\/en\/collections\/pirlanta-detayli-nazar-boncuklu-altin-kolye\/","title":{"rendered":"P\u0131rlanta Detayl\u0131 Nazar Boncuklu Alt\u0131n Kolye"},"content":{"rendered":"<p>Merkezinde yer alan canl\u0131 mavi nazar boncu\u011fu motifi ve \u00e7evresini saran p\u0131rlanta detaylar\u0131yla \u00f6ne \u00e7\u0131kan bu alt\u0131n kolye, modern sembolik m\u00fccevher anlay\u0131\u015f\u0131na dikkat \u00e7ekici bir yorum kazand\u0131r\u0131yor. I\u015f\u0131lt\u0131l\u0131 ta\u015f dizilimi ve zarif yuvarlak formu sayesinde g\u00fcnl\u00fck kullan\u0131mdan \u00f6zel kombinlere kadar farkl\u0131 stillerle uyum sa\u011flar. Koruyucu sembolleri modern tasar\u0131m \u00e7izgileriyle bulu\u015fturan kolye, minimal ama g\u00fc\u00e7l\u00fc bir g\u00f6r\u00fcn\u00fcm arayanlar i\u00e7in karakter sahibi bir m\u00fccevher alternatifi sunar.<\/p>","protected":false},"excerpt":{"rendered":"<ul>\n<li>14 Ayar Alt\u0131n<\/li>\n<li>0,20 ct 12 adet Sar\u0131 P\u0131rlanta<\/li>\n<li>42 cm uzunlu\u011funda Zincir<\/li>\n<\/ul>","protected":false},"featured_media":43580,"comment_status":"open","ping_status":"closed","template":"","meta":[],"product_brand":[2718,2719],"product_cat":[247,75],"product_tag":[278,4191,405,1328,3905,352,2168,633,727,295,1637,429,726,4188,1655,4193,1606,725,2140,4194,473,642,1668,493,1767,4178,1993,1302,281,483,472,276,4173,729,3153,2678,2679,4192,3622,476],"class_list":{"0":"post-43579","1":"product","2":"type-product","3":"status-publish","4":"has-post-thumbnail","6":"product_brand-gasia-casuals","7":"product_brand-gasia-protect","8":"product_cat-hediyelik","9":"product_cat-kolye","10":"product_tag-altin-kolye","11":"product_tag-altin-nazar-kolyesi","12":"product_tag-artisan-jewelry","13":"product_tag-blue-eye-necklace","14":"product_tag-collectible-jewelry","15":"product_tag-contemporary-jewelry","16":"product_tag-delicate-necklace","17":"product_tag-designer-necklace","18":"product_tag-diamond-evil-eye-necklace","19":"product_tag-diamond-pendant","20":"product_tag-elegant-necklace","21":"product_tag-everyday-jewelry","22":"product_tag-evil-eye-necklace","23":"product_tag-fashion-jewelry","24":"product_tag-fine-jewelry","25":"product_tag-gold-charm-necklace","26":"product_tag-gold-pendant-necklace","27":"product_tag-goz-motifli-kolye","28":"product_tag-handmade-necklace","29":"product_tag-iconic-jewelry","30":"product_tag-kadin-kolye","31":"product_tag-lucky-charm-necklace","32":"product_tag-luxury-jewelry","33":"product_tag-luxury-pendant","34":"product_tag-minimalist-necklace","35":"product_tag-modern-luxury-jewelry","36":"product_tag-modern-necklace","37":"product_tag-nazar-boncugu-kolye","38":"product_tag-nazar-boncuklu-kolye","39":"product_tag-ozel-tasarim-kolye","40":"product_tag-pirlanta-detayli-kolye","41":"product_tag-pirlanta-kolye","42":"product_tag-premium-jewelry","43":"product_tag-protection-necklace","44":"product_tag-round-pendant-necklace","45":"product_tag-stylish-necklace","46":"product_tag-symbolic-jewelry","47":"product_tag-unique-necklace-design","48":"product_tag-yellow-gold-necklace","49":"product_tag-zarif-kolye","50":"pa_cinsiyet-kadin","52":"first","53":"instock","54":"shipping-taxable","55":"purchasable","56":"product-type-simple"},"_links":{"self":[{"href":"https:\/\/www.gasia.com.tr\/en\/wp-json\/wp\/v2\/product\/43579","targetHints":{"allow":["GET"]}}],"collection":[{"href":"https:\/\/www.gasia.com.tr\/en\/wp-json\/wp\/v2\/product"}],"about":[{"href":"https:\/\/www.gasia.com.tr\/en\/wp-json\/wp\/v2\/types\/product"}],"replies":[{"embeddable":true,"href":"https:\/\/www.gasia.com.tr\/en\/wp-json\/wp\/v2\/comments?post=43579"}],"version-history":[{"count":3,"href":"https:\/\/www.gasia.com.tr\/en\/wp-json\/wp\/v2\/product\/43579\/revisions"}],"predecessor-version":[{"id":43613,"href":"https:\/\/www.gasia.com.tr\/en\/wp-json\/wp\/v2\/product\/43579\/revisions\/43613"}],"wp:featuredmedia":[{"embeddable":true,"href":"https:\/\/www.gasia.com.tr\/en\/wp-json\/wp\/v2\/media\/43580"}],"wp:attachment":[{"href":"https:\/\/www.gasia.com.tr\/en\/wp-json\/wp\/v2\/media?parent=43579"}],"wp:term":[{"taxonomy":"product_brand","embeddable":true,"href":"https:\/\/www.gasia.com.tr\/en\/wp-json\/wp\/v2\/product_brand?post=43579"},{"taxonomy":"product_cat","embeddable":true,"href":"https:\/\/www.gasia.com.tr\/en\/wp-json\/wp\/v2\/product_cat?post=43579"},{"taxonomy":"product_tag","embeddable":true,"href":"https:\/\/www.gasia.com.tr\/en\/wp-json\/wp\/v2\/product_tag?post=43579"}],"curies":[{"name":"wp","href":"https:\/\/api.w.org\/{rel}","templated":true}]}}