{"id":43582,"date":"2026-02-01T00:00:00","date_gmt":"2026-01-31T21:00:00","guid":{"rendered":"https:\/\/www.gasia.com.tr\/?post_type=product&#038;p=43582"},"modified":"2026-05-08T13:08:53","modified_gmt":"2026-05-08T10:08:53","slug":"pirlanta-detayli-yakut-tasli-altin-yuzuk","status":"publish","type":"product","link":"https:\/\/www.gasia.com.tr\/en\/collections\/pirlanta-detayli-yakut-tasli-altin-yuzuk\/","title":{"rendered":"P\u0131rlanta Detayl\u0131 Yakut Ta\u015fl\u0131 Alt\u0131n Y\u00fcz\u00fck"},"content":{"rendered":"<p>Merkezinde yer alan canl\u0131 k\u0131rm\u0131z\u0131 yakut ta\u015f\u0131 ve iki yan\u0131nda \u0131\u015f\u0131\u011f\u0131 g\u00fc\u00e7l\u00fc \u015fekilde yans\u0131tan damla kesim p\u0131rlantalar\u0131yla \u00f6ne \u00e7\u0131kan bu alt\u0131n y\u00fcz\u00fck, etkileyici renk kontrast\u0131 ve zarif formuyla dikkat \u00e7ekiyor. G\u00fc\u00e7l\u00fc ta\u015f g\u00f6r\u00fcn\u00fcm\u00fcn\u00fc dengeli alt\u0131n hatlarla bulu\u015fturan tasar\u0131m, g\u00fcnl\u00fck l\u00fcksten \u00f6zel davet stiline kadar farkl\u0131 kullan\u0131mlara uyum sa\u011flar. Klasik m\u00fccevher \u00e7izgilerini modern detaylarla yorumlayan y\u00fcz\u00fck, g\u00f6z al\u0131c\u0131 ta\u015f yap\u0131s\u0131 sayesinde tek ba\u015f\u0131na g\u00fc\u00e7l\u00fc bir g\u00f6r\u00fcn\u00fcm olu\u015fturur.<\/p>","protected":false},"excerpt":{"rendered":"<p>Merkezinde yer alan canl\u0131 k\u0131rm\u0131z\u0131 yakut ta\u015f\u0131 ve iki yan\u0131nda \u0131\u015f\u0131\u011f\u0131 g\u00fc\u00e7l\u00fc \u015fekilde yans\u0131tan damla kesim p\u0131rlantalar\u0131yla \u00f6ne \u00e7\u0131kan bu<\/p>","protected":false},"featured_media":43583,"comment_status":"open","ping_status":"closed","template":"","meta":[],"product_brand":[2718,77],"product_cat":[76],"product_tag":[289,4154,405,4124,2909,3905,4196,565,654,4200,528,4123,4156,1655,566,577,1250,2857,4190,4194,520,3290,4199,1668,590,742,2076,596,335,4197,4173,4195,4198,4201,2164,4202,450,4126,703,2161,2860],"class_list":{"0":"post-43582","1":"product","2":"type-product","3":"status-publish","4":"has-post-thumbnail","6":"product_brand-gasia-casuals","7":"product_brand-gasia","8":"product_cat-yuzuk-modelleri","9":"product_tag-altin-yuzuk","10":"product_tag-anniversary-ring","11":"product_tag-artisan-jewelry","12":"product_tag-bridal-jewelry","13":"product_tag-classic-jewelry","14":"product_tag-collectible-jewelry","15":"product_tag-cushion-cut-ruby-ring","16":"product_tag-designer-ring","17":"product_tag-diamond-ring","18":"product_tag-diamond-side-stone-ring","19":"product_tag-elegant-ring","20":"product_tag-engagement-ring","21":"product_tag-fine-gemstone-ring","22":"product_tag-fine-jewelry","23":"product_tag-gemstone-ring","24":"product_tag-gold-ring","25":"product_tag-gosterisli-yuzuk","26":"product_tag-handmade-ring","27":"product_tag-high-jewelry","28":"product_tag-iconic-jewelry","29":"product_tag-kadin-yuzuk","30":"product_tag-kirmizi-tasli-yuzuk","31":"product_tag-kirmizi-yakut-yuzuk","32":"product_tag-luxury-jewelry","33":"product_tag-luxury-ring","34":"product_tag-modern-jewelry","35":"product_tag-ozel-tasarim-yuzuk","36":"product_tag-pear-diamond-ring","37":"product_tag-pirlanta-yuzuk","38":"product_tag-precious-stone-ring","39":"product_tag-premium-jewelry","40":"product_tag-ruby-diamond-ring","41":"product_tag-ruby-engagement-ring","42":"product_tag-ruby-gemstone-jewelry","43":"product_tag-ruby-ring","44":"product_tag-sophisticated-ring","45":"product_tag-statement-ring","46":"product_tag-timeless-jewelry","47":"product_tag-womens-luxury-ring","48":"product_tag-yakut-yuzuk","49":"product_tag-yellow-gold-ring","50":"pa_cinsiyet-kadin","52":"first","53":"instock","54":"shipping-taxable","55":"purchasable","56":"product-type-simple"},"_links":{"self":[{"href":"https:\/\/www.gasia.com.tr\/en\/wp-json\/wp\/v2\/product\/43582","targetHints":{"allow":["GET"]}}],"collection":[{"href":"https:\/\/www.gasia.com.tr\/en\/wp-json\/wp\/v2\/product"}],"about":[{"href":"https:\/\/www.gasia.com.tr\/en\/wp-json\/wp\/v2\/types\/product"}],"replies":[{"embeddable":true,"href":"https:\/\/www.gasia.com.tr\/en\/wp-json\/wp\/v2\/comments?post=43582"}],"version-history":[{"count":1,"href":"https:\/\/www.gasia.com.tr\/en\/wp-json\/wp\/v2\/product\/43582\/revisions"}],"predecessor-version":[{"id":43584,"href":"https:\/\/www.gasia.com.tr\/en\/wp-json\/wp\/v2\/product\/43582\/revisions\/43584"}],"wp:featuredmedia":[{"embeddable":true,"href":"https:\/\/www.gasia.com.tr\/en\/wp-json\/wp\/v2\/media\/43583"}],"wp:attachment":[{"href":"https:\/\/www.gasia.com.tr\/en\/wp-json\/wp\/v2\/media?parent=43582"}],"wp:term":[{"taxonomy":"product_brand","embeddable":true,"href":"https:\/\/www.gasia.com.tr\/en\/wp-json\/wp\/v2\/product_brand?post=43582"},{"taxonomy":"product_cat","embeddable":true,"href":"https:\/\/www.gasia.com.tr\/en\/wp-json\/wp\/v2\/product_cat?post=43582"},{"taxonomy":"product_tag","embeddable":true,"href":"https:\/\/www.gasia.com.tr\/en\/wp-json\/wp\/v2\/product_tag?post=43582"}],"curies":[{"name":"wp","href":"https:\/\/api.w.org\/{rel}","templated":true}]}}