{"id":43585,"date":"2026-05-08T12:38:13","date_gmt":"2026-05-08T09:38:13","guid":{"rendered":"https:\/\/www.gasia.com.tr\/?post_type=product&#038;p=43585"},"modified":"2026-05-12T12:25:21","modified_gmt":"2026-05-12T09:25:21","slug":"rhodolite-garnet-ve-pirlanta-detayli-altin-kolye","status":"publish","type":"product","link":"https:\/\/www.gasia.com.tr\/en\/collections\/rhodolite-garnet-ve-pirlanta-detayli-altin-kolye\/","title":{"rendered":"Rhodolite Garnet ve P\u0131rlanta Detayl\u0131 Alt\u0131n Kolye"},"content":{"rendered":"<p>Canl\u0131 pembe-mor tonlara sahip rhodolite garnet ta\u015f\u0131 ve \u00fcst b\u00f6l\u00fcmde yer alan p\u0131rlanta detay\u0131yla \u00f6ne \u00e7\u0131kan bu zarif kolye, modern minimal m\u00fccevher anlay\u0131\u015f\u0131n\u0131 g\u00fc\u00e7l\u00fc renk dokunu\u015flar\u0131yla bulu\u015fturuyor. Siyah \u00e7er\u00e7eve detay\u0131 ta\u015flar\u0131n parlakl\u0131\u011f\u0131n\u0131 daha belirgin hale getirirken, ince alt\u0131n zincir tasar\u0131ma dengeli ve modern bir g\u00f6r\u00fcn\u00fcm kazand\u0131r\u0131r. G\u00fcnl\u00fck kullan\u0131mda tek ba\u015f\u0131na dikkat \u00e7ekici bir stil sunan kolye, katmanl\u0131 kombinlerde de \u015f\u0131k ve \u00e7a\u011fda\u015f bir tamamlay\u0131c\u0131 olarak \u00f6ne \u00e7\u0131kar.<\/p>","protected":false},"excerpt":{"rendered":"<ul>\n<li>18 Ayar Alt\u0131n<\/li>\n<li>925 Ayar Okside G\u00fcm\u00fc\u015f<\/li>\n<li>0,02 ct 1 Adet P\u0131rlanta<\/li>\n<li>0,11 ct 1 adet Rhodolite Garnet<\/li>\n<li>42 cm Zincir Uzunlu\u011fu<\/li>\n<\/ul>","protected":false},"featured_media":43586,"comment_status":"open","ping_status":"closed","template":"","meta":[],"product_brand":[2718],"product_cat":[247,75],"product_tag":[278,405,4209,3905,352,2168,633,641,1637,429,4188,4213,1655,4210,4208,4205,1609,322,2140,473,1668,493,1639,1767,742,4178,4206,483,3102,4211,276,4173,4204,4207,4203,4212,2678,4171,4214,476],"class_list":{"0":"post-43585","1":"product","2":"type-product","3":"status-publish","4":"has-post-thumbnail","6":"product_brand-gasia-casuals","7":"product_cat-hediyelik","8":"product_cat-kolye","9":"product_tag-altin-kolye","10":"product_tag-artisan-jewelry","11":"product_tag-black-rhodium-pendant","12":"product_tag-collectible-jewelry","13":"product_tag-contemporary-jewelry","14":"product_tag-delicate-necklace","15":"product_tag-designer-necklace","16":"product_tag-diamond-pendant-necklace","17":"product_tag-elegant-necklace","18":"product_tag-everyday-jewelry","19":"product_tag-fashion-jewelry","20":"product_tag-fine-gemstone-jewelry","21":"product_tag-fine-jewelry","22":"product_tag-garnet-diamond-necklace","23":"product_tag-garnet-jewelry","24":"product_tag-garnet-pendant","25":"product_tag-gemstone-pendant","26":"product_tag-gold-necklace","27":"product_tag-handmade-necklace","28":"product_tag-kadin-kolye","29":"product_tag-luxury-jewelry","30":"product_tag-luxury-pendant","31":"product_tag-minimalist-jewelry","32":"product_tag-minimalist-necklace","33":"product_tag-modern-jewelry","34":"product_tag-modern-luxury-jewelry","35":"product_tag-mor-tasli-kolye","36":"product_tag-ozel-tasarim-kolye","37":"product_tag-pink-gemstone-necklace","38":"product_tag-pink-stone-pendant","39":"product_tag-pirlanta-kolye","40":"product_tag-premium-jewelry","41":"product_tag-rhodolite-garnet-necklace","42":"product_tag-rhodolite-jewelry","43":"product_tag-rhodolite-necklace","44":"product_tag-round-gemstone-necklace","45":"product_tag-stylish-necklace","46":"product_tag-unique-pendant-design","47":"product_tag-womens-luxury-necklace","48":"product_tag-zarif-kolye","49":"pa_cinsiyet-kadin","51":"first","52":"instock","53":"shipping-taxable","54":"purchasable","55":"product-type-simple"},"_links":{"self":[{"href":"https:\/\/www.gasia.com.tr\/en\/wp-json\/wp\/v2\/product\/43585","targetHints":{"allow":["GET"]}}],"collection":[{"href":"https:\/\/www.gasia.com.tr\/en\/wp-json\/wp\/v2\/product"}],"about":[{"href":"https:\/\/www.gasia.com.tr\/en\/wp-json\/wp\/v2\/types\/product"}],"replies":[{"embeddable":true,"href":"https:\/\/www.gasia.com.tr\/en\/wp-json\/wp\/v2\/comments?post=43585"}],"version-history":[{"count":3,"href":"https:\/\/www.gasia.com.tr\/en\/wp-json\/wp\/v2\/product\/43585\/revisions"}],"predecessor-version":[{"id":43878,"href":"https:\/\/www.gasia.com.tr\/en\/wp-json\/wp\/v2\/product\/43585\/revisions\/43878"}],"wp:featuredmedia":[{"embeddable":true,"href":"https:\/\/www.gasia.com.tr\/en\/wp-json\/wp\/v2\/media\/43586"}],"wp:attachment":[{"href":"https:\/\/www.gasia.com.tr\/en\/wp-json\/wp\/v2\/media?parent=43585"}],"wp:term":[{"taxonomy":"product_brand","embeddable":true,"href":"https:\/\/www.gasia.com.tr\/en\/wp-json\/wp\/v2\/product_brand?post=43585"},{"taxonomy":"product_cat","embeddable":true,"href":"https:\/\/www.gasia.com.tr\/en\/wp-json\/wp\/v2\/product_cat?post=43585"},{"taxonomy":"product_tag","embeddable":true,"href":"https:\/\/www.gasia.com.tr\/en\/wp-json\/wp\/v2\/product_tag?post=43585"}],"curies":[{"name":"wp","href":"https:\/\/api.w.org\/{rel}","templated":true}]}}