{"id":43588,"date":"2026-05-08T12:41:03","date_gmt":"2026-05-08T09:41:03","guid":{"rendered":"https:\/\/www.gasia.com.tr\/?post_type=product&#038;p=43588"},"modified":"2026-05-12T12:23:08","modified_gmt":"2026-05-12T09:23:08","slug":"pirlanta-detayli-nazar-boncuklu-rose-altin-kolye","status":"publish","type":"product","link":"https:\/\/www.gasia.com.tr\/en\/collections\/pirlanta-detayli-nazar-boncuklu-rose-altin-kolye\/","title":{"rendered":"P\u0131rlanta Detayl\u0131 Nazar Boncuklu Rose Alt\u0131n Kolye"},"content":{"rendered":"<p>Organik formdaki rose alt\u0131n plaka detay\u0131, da\u011f\u0131n\u0131k yerle\u015fimli p\u0131rlanta ta\u015flar\u0131 ve ince nazar boncu\u011fu motifiyle \u00f6ne \u00e7\u0131kan bu kolye, modern minimal m\u00fccevher anlay\u0131\u015f\u0131na \u00f6zg\u00fcn bir yorum kazand\u0131r\u0131yor. Dokulu y\u00fczeyi sayesinde \u0131\u015f\u0131\u011f\u0131 farkl\u0131 a\u00e7\u0131lardan yans\u0131tan tasar\u0131m, zarif zincir yap\u0131s\u0131yla g\u00fcnl\u00fck kullan\u0131mda hafif ve modern bir g\u00f6r\u00fcn\u00fcm sunar. Nazar boncu\u011fu detay\u0131 kolyeye sembolik bir karakter katarken, p\u0131rlanta \u0131\u015f\u0131lt\u0131lar\u0131 tasar\u0131m\u0131 daha dikkat \u00e7ekici hale getirir. Tek ba\u015f\u0131na \u015f\u0131k bir g\u00f6r\u00fcn\u00fcm sunan kolye, katmanl\u0131 kombinlerde de modern ve zarif bir tamamlay\u0131c\u0131 olarak \u00f6ne \u00e7\u0131kar.<\/p>","protected":false},"excerpt":{"rendered":"<ul>\n<li>18 Ayar Alt\u0131n<\/li>\n<li>0,03 ct 8 adet P\u0131rlanta<\/li>\n<li>45 cm Uzunluk<\/li>\n<\/ul>","protected":false},"featured_media":43589,"comment_status":"open","ping_status":"closed","template":"","meta":[],"product_brand":[2718,2719],"product_cat":[247,75,198],"product_tag":[278,405,3122,3905,352,2168,633,294,641,2926,1637,1996,726,4188,1655,2140,473,325,642,1668,493,1639,4218,4178,1993,4220,1302,281,4215,4217,276,4173,729,2138,2139,4219,2678,2679,4216,4171],"class_list":{"0":"post-43588","1":"product","2":"type-product","3":"status-publish","4":"has-post-thumbnail","6":"product_brand-gasia-casuals","7":"product_brand-gasia-protect","8":"product_cat-hediyelik","9":"product_cat-kolye","10":"product_cat-eye-collection","11":"product_tag-altin-kolye","12":"product_tag-artisan-jewelry","13":"product_tag-artistic-jewelry","14":"product_tag-collectible-jewelry","15":"product_tag-contemporary-jewelry","16":"product_tag-delicate-necklace","17":"product_tag-designer-necklace","18":"product_tag-diamond-necklace","19":"product_tag-diamond-pendant-necklace","20":"product_tag-elegant-jewelry","21":"product_tag-elegant-necklace","22":"product_tag-everyday-necklace","23":"product_tag-evil-eye-necklace","24":"product_tag-fashion-jewelry","25":"product_tag-fine-jewelry","26":"product_tag-handmade-necklace","27":"product_tag-kadin-kolye","28":"product_tag-layered-necklace","29":"product_tag-lucky-charm-necklace","30":"product_tag-luxury-jewelry","31":"product_tag-luxury-pendant","32":"product_tag-minimalist-jewelry","33":"product_tag-minimalist-pendant","34":"product_tag-modern-luxury-jewelry","35":"product_tag-modern-necklace","36":"product_tag-modern-pendant-necklace","37":"product_tag-nazar-boncugu-kolye","38":"product_tag-nazar-boncuklu-kolye","39":"product_tag-organic-pendant-necklace","40":"product_tag-pink-gold-necklace","41":"product_tag-pirlanta-kolye","42":"product_tag-premium-jewelry","43":"product_tag-protection-necklace","44":"product_tag-rose-altin-kolye","45":"product_tag-rose-gold-necklace","46":"product_tag-rose-gold-pendant","47":"product_tag-stylish-necklace","48":"product_tag-symbolic-jewelry","49":"product_tag-textured-gold-pendant","50":"product_tag-unique-pendant-design","51":"pa_cinsiyet-kadin","53":"first","54":"instock","55":"shipping-taxable","56":"purchasable","57":"product-type-simple"},"_links":{"self":[{"href":"https:\/\/www.gasia.com.tr\/en\/wp-json\/wp\/v2\/product\/43588","targetHints":{"allow":["GET"]}}],"collection":[{"href":"https:\/\/www.gasia.com.tr\/en\/wp-json\/wp\/v2\/product"}],"about":[{"href":"https:\/\/www.gasia.com.tr\/en\/wp-json\/wp\/v2\/types\/product"}],"replies":[{"embeddable":true,"href":"https:\/\/www.gasia.com.tr\/en\/wp-json\/wp\/v2\/comments?post=43588"}],"version-history":[{"count":3,"href":"https:\/\/www.gasia.com.tr\/en\/wp-json\/wp\/v2\/product\/43588\/revisions"}],"predecessor-version":[{"id":43876,"href":"https:\/\/www.gasia.com.tr\/en\/wp-json\/wp\/v2\/product\/43588\/revisions\/43876"}],"wp:featuredmedia":[{"embeddable":true,"href":"https:\/\/www.gasia.com.tr\/en\/wp-json\/wp\/v2\/media\/43589"}],"wp:attachment":[{"href":"https:\/\/www.gasia.com.tr\/en\/wp-json\/wp\/v2\/media?parent=43588"}],"wp:term":[{"taxonomy":"product_brand","embeddable":true,"href":"https:\/\/www.gasia.com.tr\/en\/wp-json\/wp\/v2\/product_brand?post=43588"},{"taxonomy":"product_cat","embeddable":true,"href":"https:\/\/www.gasia.com.tr\/en\/wp-json\/wp\/v2\/product_cat?post=43588"},{"taxonomy":"product_tag","embeddable":true,"href":"https:\/\/www.gasia.com.tr\/en\/wp-json\/wp\/v2\/product_tag?post=43588"}],"curies":[{"name":"wp","href":"https:\/\/api.w.org\/{rel}","templated":true}]}}