{"id":43591,"date":"2026-05-08T12:43:00","date_gmt":"2026-05-08T09:43:00","guid":{"rendered":"https:\/\/www.gasia.com.tr\/?post_type=product&#038;p=43591"},"modified":"2026-05-12T12:21:32","modified_gmt":"2026-05-12T09:21:32","slug":"pirlanta-detayli-rose-altin-organik-form-kolye","status":"publish","type":"product","link":"https:\/\/www.gasia.com.tr\/en\/collections\/pirlanta-detayli-rose-altin-organik-form-kolye\/","title":{"rendered":"P\u0131rlanta Detayl\u0131 Rose Alt\u0131n Organik Form Kolye"},"content":{"rendered":"<p>Dokulu rose alt\u0131n plaka formu, serbest yerle\u015fimli p\u0131rlanta detaylar\u0131 ve hareketli ta\u015f charm tasar\u0131m\u0131yla \u00f6ne \u00e7\u0131kan bu kolye, modern m\u00fccevher esteti\u011fine sanatsal bir yorum kazand\u0131r\u0131yor. Organik y\u00fczey dokusu sayesinde \u0131\u015f\u0131\u011f\u0131 farkl\u0131 a\u00e7\u0131lardan yans\u0131tan tasar\u0131m, siyah rodyum detayl\u0131 ta\u015f b\u00f6l\u00fcm\u00fcyle g\u00fc\u00e7l\u00fc bir kontrast olu\u015fturur. \u0130nce zincir yap\u0131s\u0131 g\u00fcnl\u00fck kullan\u0131m i\u00e7in zarif bir g\u00f6r\u00fcn\u00fcm sunarken, katmanl\u0131 kombinlerde modern ve dikkat \u00e7ekici bir tamamlay\u0131c\u0131 olarak \u00f6ne \u00e7\u0131kar. Minimal \u00e7izgileri ve \u00f6zg\u00fcn formu sayesinde \u00e7a\u011fda\u015f stil anlay\u0131\u015f\u0131n\u0131 g\u00fc\u00e7l\u00fc \u015fekilde yans\u0131t\u0131r.<\/p>","protected":false},"excerpt":{"rendered":"<ul>\n<li>18 Ayar Alt\u0131n<\/li>\n<li>0,15 ct 1 Adet Slice Kesim P\u0131rlanta<\/li>\n<li>0,10 ct 26 Adet P\u0131rlanta<\/li>\n<li>45 cm Uzunluk<\/li>\n<\/ul>","protected":false},"featured_media":43592,"comment_status":"open","ping_status":"closed","template":"","meta":[],"product_brand":[2718],"product_cat":[247,75],"product_tag":[405,3122,4209,3905,352,4065,2168,633,1605,641,2926,1637,4188,4213,1655,3618,1995,1672,2140,473,325,1668,493,1639,4222,4178,1993,4220,4221,483,4217,276,4173,2138,2139,489,2678,4216,4171,476],"class_list":{"0":"post-43591","1":"product","2":"type-product","3":"status-publish","4":"has-post-thumbnail","6":"product_brand-gasia-casuals","7":"product_cat-hediyelik","8":"product_cat-kolye","9":"product_tag-artisan-jewelry","10":"product_tag-artistic-jewelry","11":"product_tag-black-rhodium-pendant","12":"product_tag-collectible-jewelry","13":"product_tag-contemporary-jewelry","14":"product_tag-contemporary-pendant","15":"product_tag-delicate-necklace","16":"product_tag-designer-necklace","17":"product_tag-diamond-detail-necklace","18":"product_tag-diamond-pendant-necklace","19":"product_tag-elegant-jewelry","20":"product_tag-elegant-necklace","21":"product_tag-fashion-jewelry","22":"product_tag-fine-gemstone-jewelry","23":"product_tag-fine-jewelry","24":"product_tag-geometric-necklace","25":"product_tag-gunluk-kolye","26":"product_tag-handcrafted-jewelry","27":"product_tag-handmade-necklace","28":"product_tag-kadin-kolye","29":"product_tag-layered-necklace","30":"product_tag-luxury-jewelry","31":"product_tag-luxury-pendant","32":"product_tag-minimalist-jewelry","33":"product_tag-minimalist-pendant-necklace","34":"product_tag-modern-luxury-jewelry","35":"product_tag-modern-necklace","36":"product_tag-modern-pendant-necklace","37":"product_tag-organic-form-necklace","38":"product_tag-ozel-tasarim-kolye","39":"product_tag-pink-gold-necklace","40":"product_tag-pirlanta-kolye","41":"product_tag-premium-jewelry","42":"product_tag-rose-altin-kolye","43":"product_tag-rose-gold-necklace","44":"product_tag-statement-necklace","45":"product_tag-stylish-necklace","46":"product_tag-textured-gold-pendant","47":"product_tag-unique-pendant-design","48":"product_tag-zarif-kolye","49":"pa_cinsiyet-kadin","51":"first","52":"instock","53":"shipping-taxable","54":"purchasable","55":"product-type-simple"},"_links":{"self":[{"href":"https:\/\/www.gasia.com.tr\/en\/wp-json\/wp\/v2\/product\/43591","targetHints":{"allow":["GET"]}}],"collection":[{"href":"https:\/\/www.gasia.com.tr\/en\/wp-json\/wp\/v2\/product"}],"about":[{"href":"https:\/\/www.gasia.com.tr\/en\/wp-json\/wp\/v2\/types\/product"}],"replies":[{"embeddable":true,"href":"https:\/\/www.gasia.com.tr\/en\/wp-json\/wp\/v2\/comments?post=43591"}],"version-history":[{"count":3,"href":"https:\/\/www.gasia.com.tr\/en\/wp-json\/wp\/v2\/product\/43591\/revisions"}],"predecessor-version":[{"id":43874,"href":"https:\/\/www.gasia.com.tr\/en\/wp-json\/wp\/v2\/product\/43591\/revisions\/43874"}],"wp:featuredmedia":[{"embeddable":true,"href":"https:\/\/www.gasia.com.tr\/en\/wp-json\/wp\/v2\/media\/43592"}],"wp:attachment":[{"href":"https:\/\/www.gasia.com.tr\/en\/wp-json\/wp\/v2\/media?parent=43591"}],"wp:term":[{"taxonomy":"product_brand","embeddable":true,"href":"https:\/\/www.gasia.com.tr\/en\/wp-json\/wp\/v2\/product_brand?post=43591"},{"taxonomy":"product_cat","embeddable":true,"href":"https:\/\/www.gasia.com.tr\/en\/wp-json\/wp\/v2\/product_cat?post=43591"},{"taxonomy":"product_tag","embeddable":true,"href":"https:\/\/www.gasia.com.tr\/en\/wp-json\/wp\/v2\/product_tag?post=43591"}],"curies":[{"name":"wp","href":"https:\/\/api.w.org\/{rel}","templated":true}]}}