{"id":43594,"date":"2026-05-08T12:44:30","date_gmt":"2026-05-08T09:44:30","guid":{"rendered":"https:\/\/www.gasia.com.tr\/?post_type=product&#038;p=43594"},"modified":"2026-05-08T13:12:00","modified_gmt":"2026-05-08T10:12:00","slug":"minimal-pirlanta-detayli-beyaz-altin-yuzuk","status":"publish","type":"product","link":"https:\/\/www.gasia.com.tr\/en\/collections\/minimal-pirlanta-detayli-beyaz-altin-yuzuk\/","title":{"rendered":"Minimal P\u0131rlanta Detayl\u0131 Beyaz Alt\u0131n Y\u00fcz\u00fck"},"content":{"rendered":"<p>\u0130nce beyaz alt\u0131n formu ve iki u\u00e7ta yer alan p\u0131rlanta k\u00fcmeleriyle \u00f6ne \u00e7\u0131kan bu zarif y\u00fcz\u00fck, modern minimal m\u00fccevher anlay\u0131\u015f\u0131n\u0131 sade ama dikkat \u00e7ekici detaylarla bulu\u015fturuyor. Hafif k\u0131vr\u0131ml\u0131 tasar\u0131m\u0131 sayesinde parmakta ak\u0131c\u0131 ve zarif bir g\u00f6r\u00fcn\u00fcm sunarken, p\u0131rlanta ta\u015flar\u0131n \u0131\u015f\u0131\u011f\u0131 yans\u0131tan yap\u0131s\u0131 tasar\u0131ma canl\u0131 bir \u0131\u015f\u0131lt\u0131 kazand\u0131r\u0131r. G\u00fcnl\u00fck kullan\u0131m i\u00e7in ideal olan y\u00fcz\u00fck, tek ba\u015f\u0131na modern bir g\u00f6r\u00fcn\u00fcm olu\u015ftururken farkl\u0131 y\u00fcz\u00fck kombinleriyle birlikte kullan\u0131ld\u0131\u011f\u0131nda \u015f\u0131k ve \u00e7a\u011fda\u015f bir stil yarat\u0131r.<\/p>","protected":false},"excerpt":{"rendered":"<ul>\n<li>18 Ayar Alt\u0131n<\/li>\n<li>0,15 ct 26 adet P\u0131rlanta<\/li>\n<\/ul>","protected":false},"featured_media":43595,"comment_status":"open","ping_status":"closed","template":"","meta":[],"product_brand":[2718],"product_cat":[247,76],"product_tag":[405,2328,352,1934,578,4229,527,565,4223,654,2926,528,1933,4188,4225,1655,1864,2891,520,4186,1668,518,1639,3458,742,4178,4224,2076,335,4173,4228,4227,579,2046,580,3521,4226,3285,4184,519],"class_list":{"0":"post-43594","1":"product","2":"type-product","3":"status-publish","4":"has-post-thumbnail","6":"product_brand-gasia-casuals","7":"product_cat-hediyelik","8":"product_cat-yuzuk-modelleri","9":"product_tag-artisan-jewelry","10":"product_tag-beyaz-altin-yuzuk","11":"product_tag-contemporary-jewelry","12":"product_tag-contemporary-ring","13":"product_tag-dainty-ring","14":"product_tag-delicate-diamond-ring","15":"product_tag-delicate-ring","16":"product_tag-designer-ring","17":"product_tag-diamond-cluster-ring","18":"product_tag-diamond-ring","19":"product_tag-elegant-jewelry","20":"product_tag-elegant-ring","21":"product_tag-everyday-ring","22":"product_tag-fashion-jewelry","23":"product_tag-fine-diamond-ring","24":"product_tag-fine-jewelry","25":"product_tag-gunluk-yuzuk","26":"product_tag-handmade-jewelry","27":"product_tag-kadin-yuzuk","28":"product_tag-luxury-accessory","29":"product_tag-luxury-jewelry","30":"product_tag-minimal-yuzuk","31":"product_tag-minimalist-jewelry","32":"product_tag-minimalist-yuzuk","33":"product_tag-modern-jewelry","34":"product_tag-modern-luxury-jewelry","35":"product_tag-modern-ring-design","36":"product_tag-ozel-tasarim-yuzuk","37":"product_tag-pirlanta-yuzuk","38":"product_tag-premium-jewelry","39":"product_tag-refined-jewelry","40":"product_tag-stack-ring","41":"product_tag-stackable-ring","42":"product_tag-stylish-ring","43":"product_tag-thin-band-ring","44":"product_tag-unique-ring-design","45":"product_tag-white-gold-diamond-ring","46":"product_tag-white-gold-ring","47":"product_tag-womens-jewelry","48":"product_tag-zarif-yuzuk","49":"pa_cinsiyet-kadin","51":"first","52":"instock","53":"shipping-taxable","54":"purchasable","55":"product-type-simple"},"_links":{"self":[{"href":"https:\/\/www.gasia.com.tr\/en\/wp-json\/wp\/v2\/product\/43594","targetHints":{"allow":["GET"]}}],"collection":[{"href":"https:\/\/www.gasia.com.tr\/en\/wp-json\/wp\/v2\/product"}],"about":[{"href":"https:\/\/www.gasia.com.tr\/en\/wp-json\/wp\/v2\/types\/product"}],"replies":[{"embeddable":true,"href":"https:\/\/www.gasia.com.tr\/en\/wp-json\/wp\/v2\/comments?post=43594"}],"version-history":[{"count":3,"href":"https:\/\/www.gasia.com.tr\/en\/wp-json\/wp\/v2\/product\/43594\/revisions"}],"predecessor-version":[{"id":43615,"href":"https:\/\/www.gasia.com.tr\/en\/wp-json\/wp\/v2\/product\/43594\/revisions\/43615"}],"wp:featuredmedia":[{"embeddable":true,"href":"https:\/\/www.gasia.com.tr\/en\/wp-json\/wp\/v2\/media\/43595"}],"wp:attachment":[{"href":"https:\/\/www.gasia.com.tr\/en\/wp-json\/wp\/v2\/media?parent=43594"}],"wp:term":[{"taxonomy":"product_brand","embeddable":true,"href":"https:\/\/www.gasia.com.tr\/en\/wp-json\/wp\/v2\/product_brand?post=43594"},{"taxonomy":"product_cat","embeddable":true,"href":"https:\/\/www.gasia.com.tr\/en\/wp-json\/wp\/v2\/product_cat?post=43594"},{"taxonomy":"product_tag","embeddable":true,"href":"https:\/\/www.gasia.com.tr\/en\/wp-json\/wp\/v2\/product_tag?post=43594"}],"curies":[{"name":"wp","href":"https:\/\/api.w.org\/{rel}","templated":true}]}}