{"id":43598,"date":"2026-05-08T12:45:41","date_gmt":"2026-05-08T09:45:41","guid":{"rendered":"https:\/\/www.gasia.com.tr\/?post_type=product&#038;p=43598"},"modified":"2026-05-08T13:06:58","modified_gmt":"2026-05-08T10:06:58","slug":"siyah-pirlanta-detayli-nazar-boncuklu-altin-kolye","status":"publish","type":"product","link":"https:\/\/www.gasia.com.tr\/en\/collections\/siyah-pirlanta-detayli-nazar-boncuklu-altin-kolye\/","title":{"rendered":"Siyah P\u0131rlanta Detayl\u0131 Nazar Boncuklu Alt\u0131n Kolye"},"content":{"rendered":"<p>Merkezinde yer alan nazar boncu\u011fu motifi ve \u00e7evresini saran siyah p\u0131rlanta ta\u015flar\u0131yla \u00f6ne \u00e7\u0131kan bu alt\u0131n kolye, g\u00fc\u00e7l\u00fc kontrast\u0131 ve modern g\u00f6r\u00fcn\u00fcm\u00fcyle dikkat \u00e7ekiyor. Minimal yuvarlak formu sayesinde g\u00fcnl\u00fck kullan\u0131ma rahat\u00e7a uyum sa\u011flayan tasar\u0131m, koyu ta\u015flar\u0131n etkileyici \u0131\u015f\u0131lt\u0131s\u0131yla modern m\u00fccevher stiline karakterli bir dokunu\u015f kazand\u0131r\u0131r. \u0130nce alt\u0131n zinciriyle zarif bir g\u00f6r\u00fcn\u00fcm sunan kolye, tek ba\u015f\u0131na g\u00fc\u00e7l\u00fc bir stil olu\u015ftururken katmanl\u0131 kombinlerde de \u015f\u0131k bir tamamlay\u0131c\u0131 olarak \u00f6ne \u00e7\u0131kar.<\/p>","protected":false},"excerpt":{"rendered":"<ul>\n<li>14 Ayar Alt\u0131n<\/li>\n<li>0,22 ct 12 adet Siyah P\u0131rlanta<\/li>\n<li>42 cm uzunlu\u011funda Zincir<\/li>\n<\/ul>","protected":false},"featured_media":43599,"comment_status":"open","ping_status":"closed","template":"","meta":[],"product_brand":[2718,2719],"product_cat":[247,75,198],"product_tag":[278,405,1358,4077,4230,3905,352,2168,633,1637,429,726,4188,1655,322,1606,725,2140,473,325,642,1668,493,1767,742,4178,4220,281,1087,483,4173,729,3153,1352,1743,489,2678,2679,4192,476],"class_list":{"0":"post-43598","1":"product","2":"type-product","3":"status-publish","4":"has-post-thumbnail","6":"product_brand-gasia-casuals","7":"product_brand-gasia-protect","8":"product_cat-hediyelik","9":"product_cat-kolye","10":"product_cat-eye-collection","11":"product_tag-altin-kolye","12":"product_tag-artisan-jewelry","13":"product_tag-black-diamond-necklace","14":"product_tag-black-gemstone-necklace","15":"product_tag-black-stone-pendant","16":"product_tag-collectible-jewelry","17":"product_tag-contemporary-jewelry","18":"product_tag-delicate-necklace","19":"product_tag-designer-necklace","20":"product_tag-elegant-necklace","21":"product_tag-everyday-jewelry","22":"product_tag-evil-eye-necklace","23":"product_tag-fashion-jewelry","24":"product_tag-fine-jewelry","25":"product_tag-gold-necklace","26":"product_tag-gold-pendant-necklace","27":"product_tag-goz-motifli-kolye","28":"product_tag-handmade-necklace","29":"product_tag-kadin-kolye","30":"product_tag-layered-necklace","31":"product_tag-lucky-charm-necklace","32":"product_tag-luxury-jewelry","33":"product_tag-luxury-pendant","34":"product_tag-minimalist-necklace","35":"product_tag-modern-jewelry","36":"product_tag-modern-luxury-jewelry","37":"product_tag-modern-pendant-necklace","38":"product_tag-nazar-boncuklu-kolye","39":"product_tag-nazar-kolyesi","40":"product_tag-ozel-tasarim-kolye","41":"product_tag-premium-jewelry","42":"product_tag-protection-necklace","43":"product_tag-round-pendant-necklace","44":"product_tag-siyah-pirlanta-kolye","45":"product_tag-siyah-tasli-kolye","46":"product_tag-statement-necklace","47":"product_tag-stylish-necklace","48":"product_tag-symbolic-jewelry","49":"product_tag-unique-necklace-design","50":"product_tag-zarif-kolye","51":"pa_cinsiyet-kadin","53":"first","54":"instock","55":"shipping-taxable","56":"purchasable","57":"product-type-simple"},"_links":{"self":[{"href":"https:\/\/www.gasia.com.tr\/en\/wp-json\/wp\/v2\/product\/43598","targetHints":{"allow":["GET"]}}],"collection":[{"href":"https:\/\/www.gasia.com.tr\/en\/wp-json\/wp\/v2\/product"}],"about":[{"href":"https:\/\/www.gasia.com.tr\/en\/wp-json\/wp\/v2\/types\/product"}],"replies":[{"embeddable":true,"href":"https:\/\/www.gasia.com.tr\/en\/wp-json\/wp\/v2\/comments?post=43598"}],"version-history":[{"count":5,"href":"https:\/\/www.gasia.com.tr\/en\/wp-json\/wp\/v2\/product\/43598\/revisions"}],"predecessor-version":[{"id":43614,"href":"https:\/\/www.gasia.com.tr\/en\/wp-json\/wp\/v2\/product\/43598\/revisions\/43614"}],"wp:featuredmedia":[{"embeddable":true,"href":"https:\/\/www.gasia.com.tr\/en\/wp-json\/wp\/v2\/media\/43599"}],"wp:attachment":[{"href":"https:\/\/www.gasia.com.tr\/en\/wp-json\/wp\/v2\/media?parent=43598"}],"wp:term":[{"taxonomy":"product_brand","embeddable":true,"href":"https:\/\/www.gasia.com.tr\/en\/wp-json\/wp\/v2\/product_brand?post=43598"},{"taxonomy":"product_cat","embeddable":true,"href":"https:\/\/www.gasia.com.tr\/en\/wp-json\/wp\/v2\/product_cat?post=43598"},{"taxonomy":"product_tag","embeddable":true,"href":"https:\/\/www.gasia.com.tr\/en\/wp-json\/wp\/v2\/product_tag?post=43598"}],"curies":[{"name":"wp","href":"https:\/\/api.w.org\/{rel}","templated":true}]}}