{"id":43631,"date":"2026-05-09T22:30:54","date_gmt":"2026-05-09T19:30:54","guid":{"rendered":"https:\/\/www.gasia.com.tr\/?post_type=product&#038;p=43631"},"modified":"2026-05-13T11:19:28","modified_gmt":"2026-05-13T08:19:28","slug":"pirlanta-tasli-allah-yazili-beyaz-altin-kolye","status":"publish","type":"product","link":"https:\/\/www.gasia.com.tr\/en\/collections\/pirlanta-tasli-allah-yazili-beyaz-altin-kolye\/","title":{"rendered":"P\u0131rlanta Ta\u015fl\u0131 Allah Yaz\u0131l\u0131 Beyaz Alt\u0131n Kolye"},"content":{"rendered":"<p>Zarif hat sanat\u0131 formunda tasarlanan Allah yaz\u0131s\u0131 ve tamam\u0131n\u0131 \u00e7evreleyen p\u0131rlanta ta\u015f detaylar\u0131yla \u00f6ne \u00e7\u0131kan bu beyaz alt\u0131n kolye, manevi anlam\u0131 modern m\u00fccevher esteti\u011fiyle bulu\u015fturuyor. I\u015f\u0131\u011f\u0131 g\u00fc\u00e7l\u00fc \u015fekilde yans\u0131tan ta\u015f dizilimi sayesinde dikkat \u00e7ekici bir g\u00f6r\u00fcn\u00fcm sunan tasar\u0131m, ince zincir yap\u0131s\u0131yla g\u00fcnl\u00fck kullan\u0131mda zarif bir duru\u015f kazand\u0131r\u0131r. Manevi de\u011feri y\u00fcksek sembolik tasar\u0131m\u0131 ve modern \u00e7izgileriyle hem anlaml\u0131 bir hediye hem de \u00f6zel bir koleksiyon par\u00e7as\u0131 olarak \u00f6ne \u00e7\u0131kar.<\/p>","protected":false},"excerpt":{"rendered":"<ul>\n<li>18 Ayar Alt\u0131n<\/li>\n<li>0,15 ct P\u0131rlanta<\/li>\n<li>43 cm zincir uzunlu\u011fu<\/li>\n<\/ul>","protected":false},"featured_media":43632,"comment_status":"open","ping_status":"closed","template":"","meta":[],"product_brand":[2718,2719],"product_cat":[247,4529,260],"product_tag":[983,976,991,4264,405,2353,3905,633,4260,641,1637,4265,4267,1655,1995,2891,1036,4263,473,4269,1668,493,2897,1767,742,4178,4261,483,276,4173,4262,4266,2593,4268,4060,2679,329,2938,476],"class_list":{"0":"post-43631","1":"product","2":"type-product","3":"status-publish","4":"has-post-thumbnail","6":"product_brand-gasia-casuals","7":"product_brand-gasia-protect","8":"product_cat-hediyelik","9":"product_cat-dini-semboller","10":"product_cat-kadin","11":"product_tag-allah-necklace","12":"product_tag-allah-yazili-kolye","13":"product_tag-arabic-calligraphy-necklace","14":"product_tag-arabic-necklace","15":"product_tag-artisan-jewelry","16":"product_tag-beyaz-altin-kolye","17":"product_tag-collectible-jewelry","18":"product_tag-designer-necklace","19":"product_tag-diamond-allah-pendant","20":"product_tag-diamond-pendant-necklace","21":"product_tag-elegant-necklace","22":"product_tag-faith-jewelry","23":"product_tag-fine-diamond-jewelry","24":"product_tag-fine-jewelry","25":"product_tag-gunluk-kolye","26":"product_tag-handmade-jewelry","27":"product_tag-islamic-jewelry","28":"product_tag-islamic-pendant","29":"product_tag-kadin-kolye","30":"product_tag-luxury-islamic-jewelry","31":"product_tag-luxury-jewelry","32":"product_tag-luxury-pendant","33":"product_tag-meaningful-jewelry","34":"product_tag-minimalist-necklace","35":"product_tag-modern-jewelry","36":"product_tag-modern-luxury-jewelry","37":"product_tag-muslim-necklace","38":"product_tag-ozel-tasarim-kolye","39":"product_tag-pirlanta-kolye","40":"product_tag-premium-jewelry","41":"product_tag-religious-jewelry","42":"product_tag-religious-pendant-necklace","43":"product_tag-spiritual-jewelry","44":"product_tag-spiritual-pendant","45":"product_tag-statement-pendant","46":"product_tag-symbolic-jewelry","47":"product_tag-tasli-kolye","48":"product_tag-white-gold-necklace","49":"product_tag-zarif-kolye","50":"pa_cinsiyet-kadin","52":"first","53":"instock","54":"shipping-taxable","55":"purchasable","56":"product-type-simple"},"_links":{"self":[{"href":"https:\/\/www.gasia.com.tr\/en\/wp-json\/wp\/v2\/product\/43631","targetHints":{"allow":["GET"]}}],"collection":[{"href":"https:\/\/www.gasia.com.tr\/en\/wp-json\/wp\/v2\/product"}],"about":[{"href":"https:\/\/www.gasia.com.tr\/en\/wp-json\/wp\/v2\/types\/product"}],"replies":[{"embeddable":true,"href":"https:\/\/www.gasia.com.tr\/en\/wp-json\/wp\/v2\/comments?post=43631"}],"version-history":[{"count":3,"href":"https:\/\/www.gasia.com.tr\/en\/wp-json\/wp\/v2\/product\/43631\/revisions"}],"predecessor-version":[{"id":43764,"href":"https:\/\/www.gasia.com.tr\/en\/wp-json\/wp\/v2\/product\/43631\/revisions\/43764"}],"wp:featuredmedia":[{"embeddable":true,"href":"https:\/\/www.gasia.com.tr\/en\/wp-json\/wp\/v2\/media\/43632"}],"wp:attachment":[{"href":"https:\/\/www.gasia.com.tr\/en\/wp-json\/wp\/v2\/media?parent=43631"}],"wp:term":[{"taxonomy":"product_brand","embeddable":true,"href":"https:\/\/www.gasia.com.tr\/en\/wp-json\/wp\/v2\/product_brand?post=43631"},{"taxonomy":"product_cat","embeddable":true,"href":"https:\/\/www.gasia.com.tr\/en\/wp-json\/wp\/v2\/product_cat?post=43631"},{"taxonomy":"product_tag","embeddable":true,"href":"https:\/\/www.gasia.com.tr\/en\/wp-json\/wp\/v2\/product_tag?post=43631"}],"curies":[{"name":"wp","href":"https:\/\/api.w.org\/{rel}","templated":true}]}}