{"id":43635,"date":"2026-05-09T22:32:29","date_gmt":"2026-05-09T19:32:29","guid":{"rendered":"https:\/\/www.gasia.com.tr\/?post_type=product&#038;p=43635"},"modified":"2026-05-13T11:30:59","modified_gmt":"2026-05-13T08:30:59","slug":"firuze-tasli-hat-yazili-altin-kolye","status":"publish","type":"product","link":"https:\/\/www.gasia.com.tr\/en\/collections\/firuze-tasli-hat-yazili-altin-kolye\/","title":{"rendered":"Firuze Ta\u015fl\u0131 Hat Yaz\u0131l\u0131 Alt\u0131n Kolye"},"content":{"rendered":"<p>Canl\u0131 firuze ta\u015f y\u00fczeyi \u00fczerine i\u015flenen zarif hat yaz\u0131s\u0131 detay\u0131yla \u00f6ne \u00e7\u0131kan bu alt\u0131n kolye, geleneksel sanat esteti\u011fini modern m\u00fccevher \u00e7izgileriyle bulu\u015fturuyor. Uzun oval formu sayesinde boyunda dikkat \u00e7ekici ve zarif bir duru\u015f sunan tasar\u0131m, firuzenin do\u011fal canl\u0131 tonuyla g\u00fc\u00e7l\u00fc bir renk etkisi olu\u015fturur. Manevi ve sanatsal detaylar\u0131 bir araya getiren kolye, g\u00fcnl\u00fck kullan\u0131mda anlaml\u0131 bir stil tamamlay\u0131c\u0131s\u0131 olurken \u00f6zel koleksiyon par\u00e7alar\u0131 aras\u0131nda da \u00f6ne \u00e7\u0131kar.<\/p>","protected":false},"excerpt":{"rendered":"<p>Canl\u0131 firuze ta\u015f y\u00fczeyi \u00fczerine i\u015flenen zarif hat yaz\u0131s\u0131 detay\u0131yla \u00f6ne \u00e7\u0131kan bu alt\u0131n kolye, geleneksel sanat esteti\u011fini modern m\u00fccevher<\/p>","protected":false},"featured_media":43636,"comment_status":"open","ping_status":"closed","template":"","meta":[],"product_brand":[2718,2719],"product_cat":[4529,247,198],"product_tag":[278,991,4274,405,3200,3173,3905,352,633,1637,1655,1093,4273,322,1672,2140,1494,1036,4263,473,2886,1668,493,981,2897,742,4178,4271,483,4173,2593,4060,2679,4272,1339,4270,1095,3612,4171],"class_list":{"0":"post-43635","1":"product","2":"type-product","3":"status-publish","4":"has-post-thumbnail","6":"product_brand-gasia-casuals","7":"product_brand-gasia-protect","8":"product_cat-dini-semboller","9":"product_cat-hediyelik","10":"product_cat-eye-collection","11":"product_tag-altin-kolye","12":"product_tag-arabic-calligraphy-necklace","13":"product_tag-arabic-pendant-necklace","14":"product_tag-artisan-jewelry","15":"product_tag-artistic-necklace","16":"product_tag-calligraphy-jewelry","17":"product_tag-collectible-jewelry","18":"product_tag-contemporary-jewelry","19":"product_tag-designer-necklace","20":"product_tag-elegant-necklace","21":"product_tag-fine-jewelry","22":"product_tag-firuze-kolye","23":"product_tag-firuze-tasli-taki","24":"product_tag-gold-necklace","25":"product_tag-handcrafted-jewelry","26":"product_tag-handmade-necklace","27":"product_tag-hat-yazili-kolye","28":"product_tag-islamic-jewelry","29":"product_tag-islamic-pendant","30":"product_tag-kadin-kolye","31":"product_tag-long-pendant-necklace","32":"product_tag-luxury-jewelry","33":"product_tag-luxury-pendant","34":"product_tag-manevi-kolye","35":"product_tag-meaningful-jewelry","36":"product_tag-modern-jewelry","37":"product_tag-modern-luxury-jewelry","38":"product_tag-ottoman-style-jewelry","39":"product_tag-ozel-tasarim-kolye","40":"product_tag-premium-jewelry","41":"product_tag-spiritual-jewelry","42":"product_tag-statement-pendant","43":"product_tag-symbolic-jewelry","44":"product_tag-traditional-art-jewelry","45":"product_tag-turkuaz-tasli-kolye","46":"product_tag-turquoise-gemstone-jewelry","47":"product_tag-turquoise-necklace","48":"product_tag-turquoise-pendant","49":"product_tag-unique-pendant-design","50":"pa_cinsiyet-kadin","52":"first","53":"instock","54":"sale","55":"shipping-taxable","56":"purchasable","57":"product-type-simple"},"_links":{"self":[{"href":"https:\/\/www.gasia.com.tr\/en\/wp-json\/wp\/v2\/product\/43635","targetHints":{"allow":["GET"]}}],"collection":[{"href":"https:\/\/www.gasia.com.tr\/en\/wp-json\/wp\/v2\/product"}],"about":[{"href":"https:\/\/www.gasia.com.tr\/en\/wp-json\/wp\/v2\/types\/product"}],"replies":[{"embeddable":true,"href":"https:\/\/www.gasia.com.tr\/en\/wp-json\/wp\/v2\/comments?post=43635"}],"version-history":[{"count":1,"href":"https:\/\/www.gasia.com.tr\/en\/wp-json\/wp\/v2\/product\/43635\/revisions"}],"predecessor-version":[{"id":43637,"href":"https:\/\/www.gasia.com.tr\/en\/wp-json\/wp\/v2\/product\/43635\/revisions\/43637"}],"wp:featuredmedia":[{"embeddable":true,"href":"https:\/\/www.gasia.com.tr\/en\/wp-json\/wp\/v2\/media\/43636"}],"wp:attachment":[{"href":"https:\/\/www.gasia.com.tr\/en\/wp-json\/wp\/v2\/media?parent=43635"}],"wp:term":[{"taxonomy":"product_brand","embeddable":true,"href":"https:\/\/www.gasia.com.tr\/en\/wp-json\/wp\/v2\/product_brand?post=43635"},{"taxonomy":"product_cat","embeddable":true,"href":"https:\/\/www.gasia.com.tr\/en\/wp-json\/wp\/v2\/product_cat?post=43635"},{"taxonomy":"product_tag","embeddable":true,"href":"https:\/\/www.gasia.com.tr\/en\/wp-json\/wp\/v2\/product_tag?post=43635"}],"curies":[{"name":"wp","href":"https:\/\/api.w.org\/{rel}","templated":true}]}}