{"id":43638,"date":"2026-05-09T22:33:49","date_gmt":"2026-05-09T19:33:49","guid":{"rendered":"https:\/\/www.gasia.com.tr\/?post_type=product&#038;p=43638"},"modified":"2026-05-13T11:32:55","modified_gmt":"2026-05-13T08:32:55","slug":"pirlanta-tasli-kelime-i-tevhid-beyaz-altin-kolye","status":"publish","type":"product","link":"https:\/\/www.gasia.com.tr\/en\/collections\/pirlanta-tasli-kelime-i-tevhid-beyaz-altin-kolye\/","title":{"rendered":"P\u0131rlanta Ta\u015fl\u0131 Kelime-i Tevhid Beyaz Alt\u0131n Kolye"},"content":{"rendered":"<p data-start=\"68\" data-end=\"584\">Zarif hat sanat\u0131yla \u015fekillendirilen Kelime-i Tevhid motifi ve tamam\u0131n\u0131 \u00e7evreleyen p\u0131rlanta ta\u015f detaylar\u0131yla \u00f6ne \u00e7\u0131kan bu beyaz alt\u0131n kolye, manevi anlam\u0131 g\u00fc\u00e7l\u00fc bir m\u00fccevher tasar\u0131m\u0131yla bulu\u015fturuyor. I\u015f\u0131\u011f\u0131 etkileyici \u015fekilde yans\u0131tan ta\u015f dizilimi sayesinde dikkat \u00e7ekici bir g\u00f6r\u00fcn\u00fcm sunan tasar\u0131m, ince zincir yap\u0131s\u0131yla g\u00fcnl\u00fck kullan\u0131mda zarif bir duru\u015f kazand\u0131r\u0131r. Manevi de\u011feri y\u00fcksek sembolik yap\u0131s\u0131 ve modern \u00e7izgileriyle hem anlaml\u0131 bir hediye hem de \u00f6zel bir koleksiyon par\u00e7as\u0131 olarak \u00f6ne \u00e7\u0131kar.<\/p>\n<p data-start=\"586\" data-end=\"1349\" data-is-last-node=\"\" data-is-only-node=\"\">","protected":false},"excerpt":{"rendered":"<ul>\n<li>18 Ayar Alt\u0131n<\/li>\n<li>0,60 ct P\u0131rlanta<\/li>\n<li>45 cm Uzunluk<\/li>\n<\/ul>","protected":false},"featured_media":43639,"comment_status":"open","ping_status":"closed","template":"","meta":[],"product_brand":[2718,2719],"product_cat":[4529,247,198],"product_tag":[983,991,4274,405,2353,3905,633,641,1637,4265,4267,1655,1995,2891,1036,4263,473,4275,4269,1668,493,2897,1767,742,4178,4261,483,276,4173,4262,4266,4276,2593,4268,4060,2679,329,2938,476],"class_list":{"0":"post-43638","1":"product","2":"type-product","3":"status-publish","4":"has-post-thumbnail","6":"product_brand-gasia-casuals","7":"product_brand-gasia-protect","8":"product_cat-dini-semboller","9":"product_cat-hediyelik","10":"product_cat-eye-collection","11":"product_tag-allah-necklace","12":"product_tag-arabic-calligraphy-necklace","13":"product_tag-arabic-pendant-necklace","14":"product_tag-artisan-jewelry","15":"product_tag-beyaz-altin-kolye","16":"product_tag-collectible-jewelry","17":"product_tag-designer-necklace","18":"product_tag-diamond-pendant-necklace","19":"product_tag-elegant-necklace","20":"product_tag-faith-jewelry","21":"product_tag-fine-diamond-jewelry","22":"product_tag-fine-jewelry","23":"product_tag-gunluk-kolye","24":"product_tag-handmade-jewelry","25":"product_tag-islamic-jewelry","26":"product_tag-islamic-pendant","27":"product_tag-kadin-kolye","28":"product_tag-kelime-i-tevhid-kolye","29":"product_tag-luxury-islamic-jewelry","30":"product_tag-luxury-jewelry","31":"product_tag-luxury-pendant","32":"product_tag-meaningful-jewelry","33":"product_tag-minimalist-necklace","34":"product_tag-modern-jewelry","35":"product_tag-modern-luxury-jewelry","36":"product_tag-muslim-necklace","37":"product_tag-ozel-tasarim-kolye","38":"product_tag-pirlanta-kolye","39":"product_tag-premium-jewelry","40":"product_tag-religious-jewelry","41":"product_tag-religious-pendant-necklace","42":"product_tag-shahada-necklace","43":"product_tag-spiritual-jewelry","44":"product_tag-spiritual-pendant","45":"product_tag-statement-pendant","46":"product_tag-symbolic-jewelry","47":"product_tag-tasli-kolye","48":"product_tag-white-gold-necklace","49":"product_tag-zarif-kolye","50":"pa_cinsiyet-kadin","52":"first","53":"instock","54":"shipping-taxable","55":"purchasable","56":"product-type-simple"},"_links":{"self":[{"href":"https:\/\/www.gasia.com.tr\/en\/wp-json\/wp\/v2\/product\/43638","targetHints":{"allow":["GET"]}}],"collection":[{"href":"https:\/\/www.gasia.com.tr\/en\/wp-json\/wp\/v2\/product"}],"about":[{"href":"https:\/\/www.gasia.com.tr\/en\/wp-json\/wp\/v2\/types\/product"}],"replies":[{"embeddable":true,"href":"https:\/\/www.gasia.com.tr\/en\/wp-json\/wp\/v2\/comments?post=43638"}],"version-history":[{"count":3,"href":"https:\/\/www.gasia.com.tr\/en\/wp-json\/wp\/v2\/product\/43638\/revisions"}],"predecessor-version":[{"id":43763,"href":"https:\/\/www.gasia.com.tr\/en\/wp-json\/wp\/v2\/product\/43638\/revisions\/43763"}],"wp:featuredmedia":[{"embeddable":true,"href":"https:\/\/www.gasia.com.tr\/en\/wp-json\/wp\/v2\/media\/43639"}],"wp:attachment":[{"href":"https:\/\/www.gasia.com.tr\/en\/wp-json\/wp\/v2\/media?parent=43638"}],"wp:term":[{"taxonomy":"product_brand","embeddable":true,"href":"https:\/\/www.gasia.com.tr\/en\/wp-json\/wp\/v2\/product_brand?post=43638"},{"taxonomy":"product_cat","embeddable":true,"href":"https:\/\/www.gasia.com.tr\/en\/wp-json\/wp\/v2\/product_cat?post=43638"},{"taxonomy":"product_tag","embeddable":true,"href":"https:\/\/www.gasia.com.tr\/en\/wp-json\/wp\/v2\/product_tag?post=43638"}],"curies":[{"name":"wp","href":"https:\/\/api.w.org\/{rel}","templated":true}]}}