{"id":43642,"date":"2026-05-09T22:35:31","date_gmt":"2026-05-09T19:35:31","guid":{"rendered":"https:\/\/www.gasia.com.tr\/?post_type=product&#038;p=43642"},"modified":"2026-05-13T11:32:55","modified_gmt":"2026-05-13T08:32:55","slug":"pirlanta-tasli-elif-vav-rose-altin-kolye","status":"publish","type":"product","link":"https:\/\/www.gasia.com.tr\/en\/collections\/pirlanta-tasli-elif-vav-rose-altin-kolye\/","title":{"rendered":"P\u0131rlanta Ta\u015fl\u0131 Elif Vav Rose Alt\u0131n Kolye"},"content":{"rendered":"<p>Zarif hat sanat\u0131yla tasarlanan Elif Vav motifi ve \u00e7evresini saran p\u0131rlanta ta\u015f detaylar\u0131yla \u00f6ne \u00e7\u0131kan bu rose alt\u0131n kolye, manevi anlam\u0131 modern m\u00fccevher esteti\u011fiyle bulu\u015fturuyor. Ak\u0131c\u0131 formu sayesinde boyunda zarif bir duru\u015f sunan tasar\u0131m, \u0131\u015f\u0131\u011f\u0131 g\u00fc\u00e7l\u00fc \u015fekilde yans\u0131tan ta\u015f dizilimiyle dikkat \u00e7ekici bir g\u00f6r\u00fcn\u00fcm kazan\u0131r. G\u00fcnl\u00fck kullan\u0131mda anlaml\u0131 ve \u015f\u0131k bir tamamlay\u0131c\u0131 olarak \u00f6ne \u00e7\u0131kan kolye, manevi de\u011feri y\u00fcksek sembolik yap\u0131s\u0131yla \u00f6zel hediye alternatifleri aras\u0131nda da dikkat \u00e7eker.<\/p>","protected":false},"excerpt":{"rendered":"<ul>\n<li>18 Ayar Alt\u0131n<\/li>\n<li>0,10 ct P\u0131rlanta<\/li>\n<li>42 cm Uzunlu\u011funda Zincir<\/li>\n<\/ul>","protected":false},"featured_media":43657,"comment_status":"open","ping_status":"closed","template":"","meta":[],"product_brand":[2718,2719],"product_cat":[4529,247,198],"product_tag":[991,4274,405,3905,352,633,641,1637,4277,4278,4265,4267,1655,1995,1672,1036,4263,473,4269,1668,493,981,2897,1767,742,4178,4261,483,276,4173,2138,2139,2593,4268,4060,2678,2679,329,476],"class_list":{"0":"post-43642","1":"product","2":"type-product","3":"status-publish","4":"has-post-thumbnail","6":"product_brand-gasia-casuals","7":"product_brand-gasia-protect","8":"product_cat-dini-semboller","9":"product_cat-hediyelik","10":"product_cat-eye-collection","11":"product_tag-arabic-calligraphy-necklace","12":"product_tag-arabic-pendant-necklace","13":"product_tag-artisan-jewelry","14":"product_tag-collectible-jewelry","15":"product_tag-contemporary-jewelry","16":"product_tag-designer-necklace","17":"product_tag-diamond-pendant-necklace","18":"product_tag-elegant-necklace","19":"product_tag-elif-vav-kolye","20":"product_tag-elif-vav-necklace","21":"product_tag-faith-jewelry","22":"product_tag-fine-diamond-jewelry","23":"product_tag-fine-jewelry","24":"product_tag-gunluk-kolye","25":"product_tag-handcrafted-jewelry","26":"product_tag-islamic-jewelry","27":"product_tag-islamic-pendant","28":"product_tag-kadin-kolye","29":"product_tag-luxury-islamic-jewelry","30":"product_tag-luxury-jewelry","31":"product_tag-luxury-pendant","32":"product_tag-manevi-kolye","33":"product_tag-meaningful-jewelry","34":"product_tag-minimalist-necklace","35":"product_tag-modern-jewelry","36":"product_tag-modern-luxury-jewelry","37":"product_tag-muslim-necklace","38":"product_tag-ozel-tasarim-kolye","39":"product_tag-pirlanta-kolye","40":"product_tag-premium-jewelry","41":"product_tag-rose-altin-kolye","42":"product_tag-rose-gold-necklace","43":"product_tag-spiritual-jewelry","44":"product_tag-spiritual-pendant","45":"product_tag-statement-pendant","46":"product_tag-stylish-necklace","47":"product_tag-symbolic-jewelry","48":"product_tag-tasli-kolye","49":"product_tag-zarif-kolye","50":"pa_cinsiyet-kadin","52":"first","53":"instock","54":"shipping-taxable","55":"purchasable","56":"product-type-simple"},"_links":{"self":[{"href":"https:\/\/www.gasia.com.tr\/en\/wp-json\/wp\/v2\/product\/43642","targetHints":{"allow":["GET"]}}],"collection":[{"href":"https:\/\/www.gasia.com.tr\/en\/wp-json\/wp\/v2\/product"}],"about":[{"href":"https:\/\/www.gasia.com.tr\/en\/wp-json\/wp\/v2\/types\/product"}],"replies":[{"embeddable":true,"href":"https:\/\/www.gasia.com.tr\/en\/wp-json\/wp\/v2\/comments?post=43642"}],"version-history":[{"count":6,"href":"https:\/\/www.gasia.com.tr\/en\/wp-json\/wp\/v2\/product\/43642\/revisions"}],"predecessor-version":[{"id":43890,"href":"https:\/\/www.gasia.com.tr\/en\/wp-json\/wp\/v2\/product\/43642\/revisions\/43890"}],"wp:featuredmedia":[{"embeddable":true,"href":"https:\/\/www.gasia.com.tr\/en\/wp-json\/wp\/v2\/media\/43657"}],"wp:attachment":[{"href":"https:\/\/www.gasia.com.tr\/en\/wp-json\/wp\/v2\/media?parent=43642"}],"wp:term":[{"taxonomy":"product_brand","embeddable":true,"href":"https:\/\/www.gasia.com.tr\/en\/wp-json\/wp\/v2\/product_brand?post=43642"},{"taxonomy":"product_cat","embeddable":true,"href":"https:\/\/www.gasia.com.tr\/en\/wp-json\/wp\/v2\/product_cat?post=43642"},{"taxonomy":"product_tag","embeddable":true,"href":"https:\/\/www.gasia.com.tr\/en\/wp-json\/wp\/v2\/product_tag?post=43642"}],"curies":[{"name":"wp","href":"https:\/\/api.w.org\/{rel}","templated":true}]}}