{"id":43665,"date":"2026-05-09T22:37:42","date_gmt":"2026-05-09T19:37:42","guid":{"rendered":"https:\/\/www.gasia.com.tr\/?post_type=product&#038;p=43665"},"modified":"2026-05-12T17:24:40","modified_gmt":"2026-05-12T14:24:40","slug":"lale-motifli-barok-inci-ve-pirlanta-detayli-altin-kolye","status":"publish","type":"product","link":"https:\/\/www.gasia.com.tr\/en\/collections\/lale-motifli-barok-inci-ve-pirlanta-detayli-altin-kolye\/","title":{"rendered":"Lale Motifli Barok \u0130nci ve P\u0131rlanta Detayl\u0131 Alt\u0131n Kolye"},"content":{"rendered":"<p data-start=\"75\" data-end=\"528\">Do\u011fal barok incinin e\u015fsiz formu \u00fczerine yerle\u015ftirilen lale motifli p\u0131rlanta detay, bu kolyeye zarif ve sanatsal bir karakter kazand\u0131r\u0131yor. I\u015f\u0131\u011f\u0131 yumu\u015fak \u015fekilde yans\u0131tan inci y\u00fczeyi ile alt\u0131n dokunun uyumu, tasar\u0131m\u0131 hem modern hem dikkat \u00e7ekici hale getiriyor. G\u00fcnl\u00fck kullan\u0131mda sade bir \u015f\u0131kl\u0131k sunarken \u00f6zel davetlerde g\u00fc\u00e7l\u00fc bir stil tamamlay\u0131c\u0131s\u0131 olarak \u00f6ne \u00e7\u0131kan bu kolye, do\u011fal ta\u015f esteti\u011fini anlaml\u0131 sembollerle bir araya getiriyor.<\/p>\n<p data-start=\"530\" data-end=\"1375\" data-is-last-node=\"\" data-is-only-node=\"\">","protected":false},"excerpt":{"rendered":"<ul>\n<li>14 Ayar Alt\u0131n<\/li>\n<li>0,02 ct P\u0131rlanta<\/li>\n<li>45 cm Uzunlu\u011funda Zincir<\/li>\n<li>Do\u011fal Barok \u0130nci<\/li>\n<\/ul>","protected":false},"featured_media":43656,"comment_status":"open","ping_status":"closed","template":"","meta":[],"product_brand":[2718],"product_cat":[247,4482],"product_tag":[278,405,3200,2103,2106,3905,352,4282,633,4285,641,2761,1637,4290,1655,4288,4287,3849,1672,4283,473,3601,4279,1668,493,4281,1337,4280,4284,4078,483,2118,2748,276,4173,489,2678,2679,4289,3602,2764,4286,476],"class_list":{"0":"post-43665","1":"product","2":"type-product","3":"status-publish","4":"has-post-thumbnail","6":"product_brand-gasia-casuals","7":"product_cat-hediyelik","8":"product_cat-inci-dunyasi","9":"product_tag-altin-kolye","10":"product_tag-artisan-jewelry","11":"product_tag-artistic-necklace","12":"product_tag-barok-inci-kolye","13":"product_tag-baroque-pearl-necklace","14":"product_tag-collectible-jewelry","15":"product_tag-contemporary-jewelry","16":"product_tag-cultured-pearl-necklace","17":"product_tag-designer-necklace","18":"product_tag-diamond-pearl-necklace","19":"product_tag-diamond-pendant-necklace","20":"product_tag-dogal-inci-kolye","21":"product_tag-elegant-necklace","22":"product_tag-feminine-jewelry","23":"product_tag-fine-jewelry","24":"product_tag-floral-necklace","25":"product_tag-gold-pearl-pendant","26":"product_tag-gunluk-sik-kolye","27":"product_tag-handcrafted-jewelry","28":"product_tag-high-jewelry-necklace","29":"product_tag-kadin-kolye","30":"product_tag-lale-kolye","31":"product_tag-lale-motifli-kolye","32":"product_tag-luxury-jewelry","33":"product_tag-luxury-pendant","34":"product_tag-minimalist-luxury-necklace","35":"product_tag-modern-gold-necklace","36":"product_tag-modern-pearl-jewelry","37":"product_tag-natural-pearl-jewelry","38":"product_tag-organic-pearl-necklace","39":"product_tag-ozel-tasarim-kolye","40":"product_tag-pearl-jewelry","41":"product_tag-pearl-pendant","42":"product_tag-pirlanta-kolye","43":"product_tag-premium-jewelry","44":"product_tag-statement-necklace","45":"product_tag-stylish-necklace","46":"product_tag-symbolic-jewelry","47":"product_tag-tulip-jewelry","48":"product_tag-tulip-necklace","49":"product_tag-unique-pearl-pendant","50":"product_tag-white-pearl-necklace","51":"product_tag-zarif-kolye","52":"pa_cinsiyet-kadin","54":"first","55":"instock","56":"sale","57":"shipping-taxable","58":"purchasable","59":"product-type-simple"},"_links":{"self":[{"href":"https:\/\/www.gasia.com.tr\/en\/wp-json\/wp\/v2\/product\/43665","targetHints":{"allow":["GET"]}}],"collection":[{"href":"https:\/\/www.gasia.com.tr\/en\/wp-json\/wp\/v2\/product"}],"about":[{"href":"https:\/\/www.gasia.com.tr\/en\/wp-json\/wp\/v2\/types\/product"}],"replies":[{"embeddable":true,"href":"https:\/\/www.gasia.com.tr\/en\/wp-json\/wp\/v2\/comments?post=43665"}],"version-history":[{"count":4,"href":"https:\/\/www.gasia.com.tr\/en\/wp-json\/wp\/v2\/product\/43665\/revisions"}],"predecessor-version":[{"id":43885,"href":"https:\/\/www.gasia.com.tr\/en\/wp-json\/wp\/v2\/product\/43665\/revisions\/43885"}],"wp:featuredmedia":[{"embeddable":true,"href":"https:\/\/www.gasia.com.tr\/en\/wp-json\/wp\/v2\/media\/43656"}],"wp:attachment":[{"href":"https:\/\/www.gasia.com.tr\/en\/wp-json\/wp\/v2\/media?parent=43665"}],"wp:term":[{"taxonomy":"product_brand","embeddable":true,"href":"https:\/\/www.gasia.com.tr\/en\/wp-json\/wp\/v2\/product_brand?post=43665"},{"taxonomy":"product_cat","embeddable":true,"href":"https:\/\/www.gasia.com.tr\/en\/wp-json\/wp\/v2\/product_cat?post=43665"},{"taxonomy":"product_tag","embeddable":true,"href":"https:\/\/www.gasia.com.tr\/en\/wp-json\/wp\/v2\/product_tag?post=43665"}],"curies":[{"name":"wp","href":"https:\/\/api.w.org\/{rel}","templated":true}]}}