{"id":43668,"date":"2026-05-09T22:39:04","date_gmt":"2026-05-09T19:39:04","guid":{"rendered":"https:\/\/www.gasia.com.tr\/?post_type=product&#038;p=43668"},"modified":"2026-05-12T13:02:18","modified_gmt":"2026-05-12T10:02:18","slug":"oniks-ve-pirlanta-detayli-rose-altin-modern-kolye","status":"publish","type":"product","link":"https:\/\/www.gasia.com.tr\/en\/collections\/oniks-ve-pirlanta-detayli-rose-altin-modern-kolye\/","title":{"rendered":"Oniks ve P\u0131rlanta Detayl\u0131 Rose Alt\u0131n Modern Kolye"},"content":{"rendered":"<p data-start=\"69\" data-end=\"517\">Parlak siyah oniks ta\u015f\u0131 ve p\u0131rlanta detayl\u0131 zarif sark\u0131t formuyla tasarlanan bu modern kolye, g\u00fc\u00e7l\u00fc ve dengeli g\u00f6r\u00fcn\u00fcm\u00fcyle dikkat \u00e7ekiyor. Rose alt\u0131n\u0131n s\u0131cak tonu ile oniksin derin siyah rengi aras\u0131nda olu\u015fan kontrast, tasar\u0131ma modern ve etkileyici bir karakter kazand\u0131r\u0131yor. G\u00fcnl\u00fck kullan\u0131mda sade bir \u015f\u0131kl\u0131k sunarken gece stilinde g\u00fc\u00e7l\u00fc bir tamamlay\u0131c\u0131 olarak \u00f6ne \u00e7\u0131kan bu kolye, minimal \u00e7izgileri sevenler i\u00e7in \u00f6zel bir se\u00e7imdir.<\/p>\n<p data-start=\"519\" data-end=\"1414\" data-is-last-node=\"\" data-is-only-node=\"\">","protected":false},"excerpt":{"rendered":"<ul>\n<li>18 Ayar Alt\u0131n<\/li>\n<li>0,08 ct P\u0131rlanta<\/li>\n<li>45 cm Zincir Uzunlu\u011fu<\/li>\n<li>25 mm Onyx D\u0131\u015f \u00c7ap<\/li>\n<\/ul>","protected":false},"featured_media":43655,"comment_status":"open","ping_status":"closed","template":"","meta":[],"product_brand":[2718],"product_cat":[247,75],"product_tag":[405,4291,4296,1616,1619,4026,4294,352,4065,3299,641,1637,4188,1655,4185,3849,1672,4295,473,2886,1417,493,4281,1767,1337,1332,4178,4220,1097,4298,1099,483,276,4173,2138,2139,4219,1611,1743,4293,489,2678,4292,491,4297],"class_list":{"0":"post-43668","1":"product","2":"type-product","3":"status-publish","4":"has-post-thumbnail","6":"product_brand-gasia-casuals","7":"product_cat-hediyelik","8":"product_cat-kolye","9":"product_tag-artisan-jewelry","10":"product_tag-black-and-gold-necklace","11":"product_tag-black-jewelry","12":"product_tag-black-onyx-necklace","13":"product_tag-black-stone-necklace","14":"product_tag-chic-necklace","15":"product_tag-circle-pendant-necklace","16":"product_tag-contemporary-jewelry","17":"product_tag-contemporary-pendant","18":"product_tag-designer-jewelry","19":"product_tag-diamond-pendant-necklace","20":"product_tag-elegant-necklace","21":"product_tag-fashion-jewelry","22":"product_tag-fine-jewelry","23":"product_tag-geometric-jewelry","24":"product_tag-gunluk-sik-kolye","25":"product_tag-handcrafted-jewelry","26":"product_tag-high-jewelry-style","27":"product_tag-kadin-kolye","28":"product_tag-long-pendant-necklace","29":"product_tag-luxury-necklace","30":"product_tag-luxury-pendant","31":"product_tag-minimalist-luxury-necklace","32":"product_tag-minimalist-necklace","33":"product_tag-modern-gold-necklace","34":"product_tag-modern-kadin-kolye","35":"product_tag-modern-luxury-jewelry","36":"product_tag-modern-pendant-necklace","37":"product_tag-oniks-kolye","38":"product_tag-onyx-jewelry","39":"product_tag-onyx-necklace","40":"product_tag-ozel-tasarim-kolye","41":"product_tag-pirlanta-kolye","42":"product_tag-premium-jewelry","43":"product_tag-rose-altin-kolye","44":"product_tag-rose-gold-necklace","45":"product_tag-rose-gold-pendant","46":"product_tag-siyah-oniks-kolye","47":"product_tag-siyah-tasli-kolye","48":"product_tag-sleek-necklace","49":"product_tag-statement-necklace","50":"product_tag-stylish-necklace","51":"product_tag-trend-jewelry","52":"product_tag-unique-pendant-necklace","53":"product_tag-urban-jewelry-style","54":"pa_cinsiyet-kadin","56":"first","57":"instock","58":"shipping-taxable","59":"purchasable","60":"product-type-simple"},"_links":{"self":[{"href":"https:\/\/www.gasia.com.tr\/en\/wp-json\/wp\/v2\/product\/43668","targetHints":{"allow":["GET"]}}],"collection":[{"href":"https:\/\/www.gasia.com.tr\/en\/wp-json\/wp\/v2\/product"}],"about":[{"href":"https:\/\/www.gasia.com.tr\/en\/wp-json\/wp\/v2\/types\/product"}],"replies":[{"embeddable":true,"href":"https:\/\/www.gasia.com.tr\/en\/wp-json\/wp\/v2\/comments?post=43668"}],"version-history":[{"count":4,"href":"https:\/\/www.gasia.com.tr\/en\/wp-json\/wp\/v2\/product\/43668\/revisions"}],"predecessor-version":[{"id":43882,"href":"https:\/\/www.gasia.com.tr\/en\/wp-json\/wp\/v2\/product\/43668\/revisions\/43882"}],"wp:featuredmedia":[{"embeddable":true,"href":"https:\/\/www.gasia.com.tr\/en\/wp-json\/wp\/v2\/media\/43655"}],"wp:attachment":[{"href":"https:\/\/www.gasia.com.tr\/en\/wp-json\/wp\/v2\/media?parent=43668"}],"wp:term":[{"taxonomy":"product_brand","embeddable":true,"href":"https:\/\/www.gasia.com.tr\/en\/wp-json\/wp\/v2\/product_brand?post=43668"},{"taxonomy":"product_cat","embeddable":true,"href":"https:\/\/www.gasia.com.tr\/en\/wp-json\/wp\/v2\/product_cat?post=43668"},{"taxonomy":"product_tag","embeddable":true,"href":"https:\/\/www.gasia.com.tr\/en\/wp-json\/wp\/v2\/product_tag?post=43668"}],"curies":[{"name":"wp","href":"https:\/\/api.w.org\/{rel}","templated":true}]}}