{"id":43671,"date":"2026-01-02T00:00:00","date_gmt":"2026-01-01T21:00:00","guid":{"rendered":"https:\/\/www.gasia.com.tr\/?post_type=product&#038;p=43671"},"modified":"2026-05-13T11:32:55","modified_gmt":"2026-05-13T08:32:55","slug":"okside-gumus-altin-ve-pirlanta-detayli-ankh-sembol-kolye","status":"publish","type":"product","link":"https:\/\/www.gasia.com.tr\/en\/collections\/okside-gumus-altin-ve-pirlanta-detayli-ankh-sembol-kolye\/","title":{"rendered":"Okside G\u00fcm\u00fc\u015f, Alt\u0131n ve P\u0131rlanta Detayl\u0131 Ankh Sembol Kolye"},"content":{"rendered":"<p data-start=\"77\" data-end=\"555\">Antik ya\u015fam sembol\u00fc Ankh formundan ilham alan bu \u00f6zel kolye, okside g\u00fcm\u00fc\u015f y\u00fczey, alt\u0131n detaylar ve p\u0131rlanta ta\u015flarla g\u00fc\u00e7l\u00fc bir tasar\u0131m dili sunuyor. Koyu metal dokusunun p\u0131rlantalar\u0131n \u0131\u015f\u0131lt\u0131s\u0131yla olu\u015fturdu\u011fu kontrast, kolyeye modern ve karakterli bir g\u00f6r\u00fcn\u00fcm kazand\u0131r\u0131rken sembolik form tasar\u0131m\u0131 daha etkileyici hale getiriyor. G\u00fcnl\u00fck stilin yan\u0131nda \u00f6zel kombinlerde de dikkat \u00e7eken bu tasar\u0131m, farkl\u0131 ve anlam ta\u015f\u0131yan m\u00fccevher arayanlar i\u00e7in g\u00fc\u00e7l\u00fc bir se\u00e7imdir.<\/p>\n<p data-start=\"557\" data-end=\"1387\" data-is-last-node=\"\" data-is-only-node=\"\">","protected":false},"excerpt":{"rendered":"<ul>\n<li>18 Ayar Alt\u0131n<\/li>\n<li>925 Ayar Okside G\u00fcm\u00fc\u015f<\/li>\n<li>0,24 ct P\u0131rlanta<\/li>\n<li>45 cm uzunlu\u011funda zincir<\/li>\n<\/ul>","protected":false},"featured_media":43654,"comment_status":"open","ping_status":"closed","template":"","meta":[],"product_brand":[2718,2719],"product_cat":[4529,247,198],"product_tag":[4299,4301,4300,405,4291,1358,4296,1619,4026,352,3299,641,4304,4302,1637,4188,1655,4185,3849,1672,4295,473,1417,493,4281,1767,1337,1332,4178,4303,483,4173,2138,2139,4219,1352,1743,4293,2593,489,2678,2679,4176,4292,491,4297],"class_list":{"0":"post-43671","1":"product","2":"type-product","3":"status-publish","4":"has-post-thumbnail","6":"product_brand-gasia-casuals","7":"product_brand-gasia-protect","8":"product_cat-dini-semboller","9":"product_cat-hediyelik","10":"product_cat-eye-collection","11":"product_tag-ankh-kolye","12":"product_tag-ankh-necklace","13":"product_tag-ankh-sembol-kolye","14":"product_tag-artisan-jewelry","15":"product_tag-black-and-gold-necklace","16":"product_tag-black-diamond-necklace","17":"product_tag-black-jewelry","18":"product_tag-black-stone-necklace","19":"product_tag-chic-necklace","20":"product_tag-contemporary-jewelry","21":"product_tag-designer-jewelry","22":"product_tag-diamond-pendant-necklace","23":"product_tag-egyptian-jewelry","24":"product_tag-egyptian-symbol-necklace","25":"product_tag-elegant-necklace","26":"product_tag-fashion-jewelry","27":"product_tag-fine-jewelry","28":"product_tag-geometric-jewelry","29":"product_tag-gunluk-sik-kolye","30":"product_tag-handcrafted-jewelry","31":"product_tag-high-jewelry-style","32":"product_tag-kadin-kolye","33":"product_tag-luxury-necklace","34":"product_tag-luxury-pendant","35":"product_tag-minimalist-luxury-necklace","36":"product_tag-minimalist-necklace","37":"product_tag-modern-gold-necklace","38":"product_tag-modern-kadin-kolye","39":"product_tag-modern-luxury-jewelry","40":"product_tag-mystical-necklace","41":"product_tag-ozel-tasarim-kolye","42":"product_tag-premium-jewelry","43":"product_tag-rose-altin-kolye","44":"product_tag-rose-gold-necklace","45":"product_tag-rose-gold-pendant","46":"product_tag-siyah-pirlanta-kolye","47":"product_tag-siyah-tasli-kolye","48":"product_tag-sleek-necklace","49":"product_tag-spiritual-jewelry","50":"product_tag-statement-necklace","51":"product_tag-stylish-necklace","52":"product_tag-symbolic-jewelry","53":"product_tag-symbolic-pendant","54":"product_tag-trend-jewelry","55":"product_tag-unique-pendant-necklace","56":"product_tag-urban-jewelry-style","57":"pa_cinsiyet-kadin","59":"first","60":"instock","61":"sale","62":"shipping-taxable","63":"purchasable","64":"product-type-simple"},"_links":{"self":[{"href":"https:\/\/www.gasia.com.tr\/en\/wp-json\/wp\/v2\/product\/43671","targetHints":{"allow":["GET"]}}],"collection":[{"href":"https:\/\/www.gasia.com.tr\/en\/wp-json\/wp\/v2\/product"}],"about":[{"href":"https:\/\/www.gasia.com.tr\/en\/wp-json\/wp\/v2\/types\/product"}],"replies":[{"embeddable":true,"href":"https:\/\/www.gasia.com.tr\/en\/wp-json\/wp\/v2\/comments?post=43671"}],"version-history":[{"count":5,"href":"https:\/\/www.gasia.com.tr\/en\/wp-json\/wp\/v2\/product\/43671\/revisions"}],"predecessor-version":[{"id":43674,"href":"https:\/\/www.gasia.com.tr\/en\/wp-json\/wp\/v2\/product\/43671\/revisions\/43674"}],"wp:featuredmedia":[{"embeddable":true,"href":"https:\/\/www.gasia.com.tr\/en\/wp-json\/wp\/v2\/media\/43654"}],"wp:attachment":[{"href":"https:\/\/www.gasia.com.tr\/en\/wp-json\/wp\/v2\/media?parent=43671"}],"wp:term":[{"taxonomy":"product_brand","embeddable":true,"href":"https:\/\/www.gasia.com.tr\/en\/wp-json\/wp\/v2\/product_brand?post=43671"},{"taxonomy":"product_cat","embeddable":true,"href":"https:\/\/www.gasia.com.tr\/en\/wp-json\/wp\/v2\/product_cat?post=43671"},{"taxonomy":"product_tag","embeddable":true,"href":"https:\/\/www.gasia.com.tr\/en\/wp-json\/wp\/v2\/product_tag?post=43671"}],"curies":[{"name":"wp","href":"https:\/\/api.w.org\/{rel}","templated":true}]}}