{"id":43676,"date":"2026-01-02T00:00:00","date_gmt":"2026-01-01T21:00:00","guid":{"rendered":"https:\/\/www.gasia.com.tr\/?post_type=product&#038;p=43676"},"modified":"2026-05-12T22:26:53","modified_gmt":"2026-05-12T19:26:53","slug":"okside-gumus-altin-ve-pirlanta-detayli-fleur-de-lis-hac-kolye","status":"publish","type":"product","link":"https:\/\/www.gasia.com.tr\/en\/collections\/okside-gumus-altin-ve-pirlanta-detayli-fleur-de-lis-hac-kolye\/","title":{"rendered":"Okside G\u00fcm\u00fc\u015f, Alt\u0131n ve P\u0131rlanta Detayl\u0131 Fleur De Lis Ha\u00e7 Kolye"},"content":{"rendered":"<p data-start=\"82\" data-end=\"562\">Fleur De Lis motifleriyle zenginle\u015ftirilen bu g\u00f6steri\u015fli ha\u00e7 kolye, okside g\u00fcm\u00fc\u015f y\u00fczeyi, alt\u0131n zinciri ve p\u0131rlanta detaylar\u0131yla g\u00fc\u00e7l\u00fc bir karakter sunuyor. Koyu metal dokusu ile parlak ta\u015flar\u0131n olu\u015fturdu\u011fu kontrast tasar\u0131ma derinlik katarken, gotik esintili form modern m\u00fccevher \u00e7izgileriyle birle\u015fiyor. G\u00fcnl\u00fck stilin yan\u0131nda \u00f6zel kombinlerde de dikkat \u00e7ekici bir tamamlay\u0131c\u0131 olan bu kolye, sembolik ve g\u00fc\u00e7l\u00fc tasar\u0131mlardan ho\u015flananlar i\u00e7in etkileyici bir se\u00e7imdir.<\/p>\n<p data-start=\"564\" data-end=\"1413\" data-is-last-node=\"\" data-is-only-node=\"\">","protected":false},"excerpt":{"rendered":"<ul>\n<li>18 Ayar Alt\u0131n<\/li>\n<li>925 Ayar Okside G\u00fcm\u00fc\u015f<\/li>\n<li>0,08 ct P\u0131rlanta<\/li>\n<li>44 cm zincir uzunlu\u011fu<\/li>\n<\/ul>","protected":false},"featured_media":43653,"comment_status":"open","ping_status":"closed","template":"","meta":[],"product_brand":[2719,2718],"product_cat":[4529],"product_tag":[1476,405,4309,4315,3905,352,4314,633,4307,1637,481,4188,1655,4316,3472,3476,4310,4306,4177,3853,1672,4295,473,4308,493,4313,4311,742,4178,1365,490,4305,4173,4312,2593,489,2678,2679,491,3027,4297],"class_list":{"0":"post-43676","1":"product","2":"type-product","3":"status-publish","4":"has-post-thumbnail","6":"product_brand-gasia-protect","7":"product_brand-gasia-casuals","8":"product_cat-dini-semboller","9":"product_tag-altin-zincir-kolye","10":"product_tag-artisan-jewelry","11":"product_tag-black-silver-jewelry","12":"product_tag-blackened-silver-jewelry","13":"product_tag-collectible-jewelry","14":"product_tag-contemporary-jewelry","15":"product_tag-dark-luxury-jewelry","16":"product_tag-designer-necklace","17":"product_tag-diamond-cross-necklace","18":"product_tag-elegant-necklace","19":"product_tag-erkek-kolye","20":"product_tag-fashion-jewelry","21":"product_tag-fine-jewelry","22":"product_tag-fleur-de-lis-cross-pendant","23":"product_tag-fleur-de-lis-kolye","24":"product_tag-fleur-de-lis-necklace","25":"product_tag-gold-and-silver-necklace","26":"product_tag-gothic-cross-necklace","27":"product_tag-gothic-pendant","28":"product_tag-hac-kolye","29":"product_tag-handcrafted-jewelry","30":"product_tag-high-jewelry-style","31":"product_tag-kadin-kolye","32":"product_tag-luxury-cross-pendant","33":"product_tag-luxury-pendant","34":"product_tag-medieval-style-jewelry","35":"product_tag-modern-gothic-jewelry","36":"product_tag-modern-jewelry","37":"product_tag-modern-luxury-jewelry","38":"product_tag-okside-gumus-kolye","39":"product_tag-oxidized-silver-necklace","40":"product_tag-pirlanta-hac-kolye","41":"product_tag-premium-jewelry","42":"product_tag-special-design-necklace","43":"product_tag-spiritual-jewelry","44":"product_tag-statement-necklace","45":"product_tag-stylish-necklace","46":"product_tag-symbolic-jewelry","47":"product_tag-unique-pendant-necklace","48":"product_tag-unisex-kolye","49":"product_tag-urban-jewelry-style","50":"pa_cinsiyet-kadin","52":"first","53":"instock","54":"sale","55":"shipping-taxable","56":"purchasable","57":"product-type-simple"},"_links":{"self":[{"href":"https:\/\/www.gasia.com.tr\/en\/wp-json\/wp\/v2\/product\/43676","targetHints":{"allow":["GET"]}}],"collection":[{"href":"https:\/\/www.gasia.com.tr\/en\/wp-json\/wp\/v2\/product"}],"about":[{"href":"https:\/\/www.gasia.com.tr\/en\/wp-json\/wp\/v2\/types\/product"}],"replies":[{"embeddable":true,"href":"https:\/\/www.gasia.com.tr\/en\/wp-json\/wp\/v2\/comments?post=43676"}],"version-history":[{"count":3,"href":"https:\/\/www.gasia.com.tr\/en\/wp-json\/wp\/v2\/product\/43676\/revisions"}],"predecessor-version":[{"id":43779,"href":"https:\/\/www.gasia.com.tr\/en\/wp-json\/wp\/v2\/product\/43676\/revisions\/43779"}],"wp:featuredmedia":[{"embeddable":true,"href":"https:\/\/www.gasia.com.tr\/en\/wp-json\/wp\/v2\/media\/43653"}],"wp:attachment":[{"href":"https:\/\/www.gasia.com.tr\/en\/wp-json\/wp\/v2\/media?parent=43676"}],"wp:term":[{"taxonomy":"product_brand","embeddable":true,"href":"https:\/\/www.gasia.com.tr\/en\/wp-json\/wp\/v2\/product_brand?post=43676"},{"taxonomy":"product_cat","embeddable":true,"href":"https:\/\/www.gasia.com.tr\/en\/wp-json\/wp\/v2\/product_cat?post=43676"},{"taxonomy":"product_tag","embeddable":true,"href":"https:\/\/www.gasia.com.tr\/en\/wp-json\/wp\/v2\/product_tag?post=43676"}],"curies":[{"name":"wp","href":"https:\/\/api.w.org\/{rel}","templated":true}]}}