{"id":43679,"date":"2026-01-02T00:00:00","date_gmt":"2026-01-01T21:00:00","guid":{"rendered":"https:\/\/www.gasia.com.tr\/?post_type=product&#038;p=43679"},"modified":"2026-05-12T22:26:53","modified_gmt":"2026-05-12T19:26:53","slug":"okside-gumus-altin-ve-pirlanta-detayli-ankh-hac-kolye","status":"publish","type":"product","link":"https:\/\/www.gasia.com.tr\/en\/collections\/okside-gumus-altin-ve-pirlanta-detayli-ankh-hac-kolye\/","title":{"rendered":"Okside G\u00fcm\u00fc\u015f, Alt\u0131n ve P\u0131rlanta Detayl\u0131 Ankh Ha\u00e7 Kolye"},"content":{"rendered":"<p data-start=\"74\" data-end=\"549\">Ya\u015fam ve sonsuzluk sembol\u00fc Ankh formundan ilham alan bu \u00f6zel kolye, okside g\u00fcm\u00fc\u015f y\u00fczeyi, alt\u0131n detaylar\u0131 ve p\u0131rlanta ta\u015flar\u0131yla g\u00fc\u00e7l\u00fc bir stil sunuyor. Siyah metal dokusunun parlak ta\u015flarla olu\u015fturdu\u011fu kontrast tasar\u0131ma derinlik katarken, a\u00e7\u0131k form \u00e7izgileri modern ve dikkat \u00e7ekici bir g\u00f6r\u00fcn\u00fcm olu\u015fturuyor. G\u00fcnl\u00fck kullan\u0131mda karakterli bir dokunu\u015f sa\u011flayan bu kolye, sembolik anlam ta\u015f\u0131yan modern m\u00fccevher tasar\u0131mlar\u0131n\u0131 sevenler i\u00e7in etkileyici bir se\u00e7imdir.<\/p>\n<p data-start=\"551\" data-end=\"1378\" data-is-last-node=\"\" data-is-only-node=\"\">","protected":false},"excerpt":{"rendered":"<ul>\n<li>18 Ayar Alt\u0131n<\/li>\n<li>925 Ayar Okside G\u00fcm\u00fc\u015f<\/li>\n<li>0,34 ct P\u0131rlanta<\/li>\n<li>40 cm zincir uzunlu\u011fu<\/li>\n<\/ul>","protected":false},"featured_media":43652,"comment_status":"open","ping_status":"closed","template":"","meta":[],"product_brand":[2718,2719],"product_cat":[4529],"product_tag":[3024,4317,4299,4318,2893,4309,4315,3905,352,3854,4314,3299,294,4302,1637,481,4188,1655,4310,4177,1672,4295,473,1417,493,4311,742,4178,4303,1365,490,276,4173,4312,2593,489,2678,2679,4176,491,3027,4297],"class_list":{"0":"post-43679","1":"product","2":"type-product","3":"status-publish","4":"has-post-thumbnail","6":"product_brand-gasia-casuals","7":"product_brand-gasia-protect","8":"product_cat-dini-semboller","9":"product_tag-altin-detayli-kolye","10":"product_tag-ankh-hac-kolye","11":"product_tag-ankh-kolye","12":"product_tag-ankh-pendant","13":"product_tag-artisan-necklace","14":"product_tag-black-silver-jewelry","15":"product_tag-blackened-silver-jewelry","16":"product_tag-collectible-jewelry","17":"product_tag-contemporary-jewelry","18":"product_tag-cross-necklace","19":"product_tag-dark-luxury-jewelry","20":"product_tag-designer-jewelry","21":"product_tag-diamond-necklace","22":"product_tag-egyptian-symbol-necklace","23":"product_tag-elegant-necklace","24":"product_tag-erkek-kolye","25":"product_tag-fashion-jewelry","26":"product_tag-fine-jewelry","27":"product_tag-gold-and-silver-necklace","28":"product_tag-gothic-pendant","29":"product_tag-handcrafted-jewelry","30":"product_tag-high-jewelry-style","31":"product_tag-kadin-kolye","32":"product_tag-luxury-necklace","33":"product_tag-luxury-pendant","34":"product_tag-modern-gothic-jewelry","35":"product_tag-modern-jewelry","36":"product_tag-modern-luxury-jewelry","37":"product_tag-mystical-necklace","38":"product_tag-okside-gumus-kolye","39":"product_tag-oxidized-silver-necklace","40":"product_tag-pirlanta-kolye","41":"product_tag-premium-jewelry","42":"product_tag-special-design-necklace","43":"product_tag-spiritual-jewelry","44":"product_tag-statement-necklace","45":"product_tag-stylish-necklace","46":"product_tag-symbolic-jewelry","47":"product_tag-symbolic-pendant","48":"product_tag-unique-pendant-necklace","49":"product_tag-unisex-kolye","50":"product_tag-urban-jewelry-style","51":"pa_cinsiyet-kadin","53":"first","54":"instock","55":"sale","56":"shipping-taxable","57":"purchasable","58":"product-type-simple"},"_links":{"self":[{"href":"https:\/\/www.gasia.com.tr\/en\/wp-json\/wp\/v2\/product\/43679","targetHints":{"allow":["GET"]}}],"collection":[{"href":"https:\/\/www.gasia.com.tr\/en\/wp-json\/wp\/v2\/product"}],"about":[{"href":"https:\/\/www.gasia.com.tr\/en\/wp-json\/wp\/v2\/types\/product"}],"replies":[{"embeddable":true,"href":"https:\/\/www.gasia.com.tr\/en\/wp-json\/wp\/v2\/comments?post=43679"}],"version-history":[{"count":3,"href":"https:\/\/www.gasia.com.tr\/en\/wp-json\/wp\/v2\/product\/43679\/revisions"}],"predecessor-version":[{"id":43778,"href":"https:\/\/www.gasia.com.tr\/en\/wp-json\/wp\/v2\/product\/43679\/revisions\/43778"}],"wp:featuredmedia":[{"embeddable":true,"href":"https:\/\/www.gasia.com.tr\/en\/wp-json\/wp\/v2\/media\/43652"}],"wp:attachment":[{"href":"https:\/\/www.gasia.com.tr\/en\/wp-json\/wp\/v2\/media?parent=43679"}],"wp:term":[{"taxonomy":"product_brand","embeddable":true,"href":"https:\/\/www.gasia.com.tr\/en\/wp-json\/wp\/v2\/product_brand?post=43679"},{"taxonomy":"product_cat","embeddable":true,"href":"https:\/\/www.gasia.com.tr\/en\/wp-json\/wp\/v2\/product_cat?post=43679"},{"taxonomy":"product_tag","embeddable":true,"href":"https:\/\/www.gasia.com.tr\/en\/wp-json\/wp\/v2\/product_tag?post=43679"}],"curies":[{"name":"wp","href":"https:\/\/api.w.org\/{rel}","templated":true}]}}