{"id":43682,"date":"2026-05-09T22:46:06","date_gmt":"2026-05-09T19:46:06","guid":{"rendered":"https:\/\/www.gasia.com.tr\/?post_type=product&#038;p=43682"},"modified":"2026-05-12T17:41:56","modified_gmt":"2026-05-12T14:41:56","slug":"sedef-kalp-nazar-boncugu-ve-pirlanta-detayli-altin-kolye","status":"publish","type":"product","link":"https:\/\/www.gasia.com.tr\/en\/collections\/sedef-kalp-nazar-boncugu-ve-pirlanta-detayli-altin-kolye\/","title":{"rendered":"Sedef Kalp, Nazar Boncu\u011fu ve P\u0131rlanta Detayl\u0131 Alt\u0131n Kolye"},"content":{"rendered":"<p data-start=\"77\" data-end=\"505\">Do\u011fal sedefin yumu\u015fak \u0131\u015f\u0131lt\u0131s\u0131yla tasarlanan kalp formu, nazar boncu\u011fu ve p\u0131rlanta detaylar\u0131yla modern bir anlam kazan\u0131yor. Alt\u0131n zincirin s\u0131cak tonu ile sedef y\u00fczeyin do\u011fal parlakl\u0131\u011f\u0131 bir araya gelerek zarif ve dikkat \u00e7ekici bir g\u00f6r\u00fcn\u00fcm olu\u015fturuyor. G\u00fcnl\u00fck kullan\u0131mda romantik ve enerjik bir stil sunan bu \u00f6zel kolye, sembolik detaylar\u0131 sevenler i\u00e7in modern m\u00fccevher anlay\u0131\u015f\u0131n\u0131 estetik bir yorumla bulu\u015fturuyor.<\/p>\n<p data-start=\"507\" data-end=\"1323\" data-is-last-node=\"\" data-is-only-node=\"\">","protected":false},"excerpt":{"rendered":"<ul>\n<li>18 Ayar Alt\u0131n<\/li>\n<li>0,03 Ct P\u0131rlanta<\/li>\n<li>42 cm Uzunlu\u011funda Zincir<\/li>\n<\/ul>","protected":false},"featured_media":43651,"comment_status":"open","ping_status":"closed","template":"","meta":[],"product_brand":[2718,2719],"product_cat":[247,198],"product_tag":[278,2893,4026,3905,352,2168,3299,641,1637,726,4188,4290,1655,322,3849,1672,2115,3841,473,2146,642,4322,1417,493,2897,1332,277,4178,987,4321,281,1087,483,4319,276,4173,3057,977,2678,2679,491,4320],"class_list":{"0":"post-43682","1":"product","2":"type-product","3":"status-publish","4":"has-post-thumbnail","6":"product_brand-gasia-casuals","7":"product_brand-gasia-protect","8":"product_cat-hediyelik","9":"product_cat-eye-collection","10":"product_tag-altin-kolye","11":"product_tag-artisan-necklace","12":"product_tag-chic-necklace","13":"product_tag-collectible-jewelry","14":"product_tag-contemporary-jewelry","15":"product_tag-delicate-necklace","16":"product_tag-designer-jewelry","17":"product_tag-diamond-pendant-necklace","18":"product_tag-elegant-necklace","19":"product_tag-evil-eye-necklace","20":"product_tag-fashion-jewelry","21":"product_tag-feminine-jewelry","22":"product_tag-fine-jewelry","23":"product_tag-gold-necklace","24":"product_tag-gunluk-sik-kolye","25":"product_tag-handcrafted-jewelry","26":"product_tag-heart-necklace","27":"product_tag-heart-pendant-necklace","28":"product_tag-kadin-kolye","29":"product_tag-kalp-kolye","30":"product_tag-lucky-charm-necklace","31":"product_tag-luxury-charm-necklace","32":"product_tag-luxury-necklace","33":"product_tag-luxury-pendant","34":"product_tag-meaningful-jewelry","35":"product_tag-modern-kadin-kolye","36":"product_tag-modern-kolye","37":"product_tag-modern-luxury-jewelry","38":"product_tag-mother-of-pearl-necklace","39":"product_tag-natural-mother-of-pearl","40":"product_tag-nazar-boncuklu-kolye","41":"product_tag-nazar-kolyesi","42":"product_tag-ozel-tasarim-kolye","43":"product_tag-pearl-shell-jewelry","44":"product_tag-pirlanta-kolye","45":"product_tag-premium-jewelry","46":"product_tag-romantic-necklace","47":"product_tag-sedef-kolye","48":"product_tag-stylish-necklace","49":"product_tag-symbolic-jewelry","50":"product_tag-unique-pendant-necklace","51":"product_tag-white-shell-necklace","52":"pa_cinsiyet-kadin","54":"first","55":"instock","56":"sale","57":"shipping-taxable","58":"purchasable","59":"product-type-simple"},"_links":{"self":[{"href":"https:\/\/www.gasia.com.tr\/en\/wp-json\/wp\/v2\/product\/43682","targetHints":{"allow":["GET"]}}],"collection":[{"href":"https:\/\/www.gasia.com.tr\/en\/wp-json\/wp\/v2\/product"}],"about":[{"href":"https:\/\/www.gasia.com.tr\/en\/wp-json\/wp\/v2\/types\/product"}],"replies":[{"embeddable":true,"href":"https:\/\/www.gasia.com.tr\/en\/wp-json\/wp\/v2\/comments?post=43682"}],"version-history":[{"count":3,"href":"https:\/\/www.gasia.com.tr\/en\/wp-json\/wp\/v2\/product\/43682\/revisions"}],"predecessor-version":[{"id":43777,"href":"https:\/\/www.gasia.com.tr\/en\/wp-json\/wp\/v2\/product\/43682\/revisions\/43777"}],"wp:featuredmedia":[{"embeddable":true,"href":"https:\/\/www.gasia.com.tr\/en\/wp-json\/wp\/v2\/media\/43651"}],"wp:attachment":[{"href":"https:\/\/www.gasia.com.tr\/en\/wp-json\/wp\/v2\/media?parent=43682"}],"wp:term":[{"taxonomy":"product_brand","embeddable":true,"href":"https:\/\/www.gasia.com.tr\/en\/wp-json\/wp\/v2\/product_brand?post=43682"},{"taxonomy":"product_cat","embeddable":true,"href":"https:\/\/www.gasia.com.tr\/en\/wp-json\/wp\/v2\/product_cat?post=43682"},{"taxonomy":"product_tag","embeddable":true,"href":"https:\/\/www.gasia.com.tr\/en\/wp-json\/wp\/v2\/product_tag?post=43682"}],"curies":[{"name":"wp","href":"https:\/\/api.w.org\/{rel}","templated":true}]}}