{"id":43685,"date":"2026-05-09T22:47:17","date_gmt":"2026-05-09T19:47:17","guid":{"rendered":"https:\/\/www.gasia.com.tr\/?post_type=product&#038;p=43685"},"modified":"2026-05-11T14:39:55","modified_gmt":"2026-05-11T11:39:55","slug":"sedef-kalp-ugur-bocegi-ve-nazar-boncugu-detayli-altin-kolye","status":"publish","type":"product","link":"https:\/\/www.gasia.com.tr\/en\/collections\/sedef-kalp-ugur-bocegi-ve-nazar-boncugu-detayli-altin-kolye\/","title":{"rendered":"Sedef Kalp, U\u011fur B\u00f6ce\u011fi ve Nazar Boncu\u011fu Detayl\u0131 Alt\u0131n Kolye"},"content":{"rendered":"<p data-start=\"80\" data-end=\"562\">Do\u011fal sedef y\u00fczey \u00fczerine yerle\u015ftirilen u\u011fur b\u00f6ce\u011fi ve nazar boncu\u011fu detaylar\u0131yla tasarlanan bu \u00f6zel kolye, enerjik ve anlam ta\u015f\u0131yan sembolleri modern m\u00fccevher esteti\u011fiyle bulu\u015fturuyor. Alt\u0131n ve p\u0131rlanta detaylar\u0131n zarif dokunu\u015fu, sedefin do\u011fal parlakl\u0131\u011f\u0131yla birle\u015ferek kolyeye canl\u0131 ve dikkat \u00e7ekici bir g\u00f6r\u00fcn\u00fcm kazand\u0131r\u0131yor. G\u00fcnl\u00fck stilin yan\u0131nda \u00f6zel kombinlerde de farkl\u0131 bir karakter yaratan tasar\u0131m, \u015fans ve pozitif enerji sembollerini \u015f\u0131k bir yorumla sunuyor.<\/p>\n<p data-start=\"564\" data-end=\"1401\" data-is-last-node=\"\" data-is-only-node=\"\">","protected":false},"excerpt":{"rendered":"<ul>\n<li>18 Ayar Alt\u0131n<\/li>\n<li>0,05 ct P\u0131rlanta<\/li>\n<li>45 cm Uzunlu\u011funda Zincir<\/li>\n<\/ul>","protected":false},"featured_media":43650,"comment_status":"open","ping_status":"closed","template":"","meta":[],"product_brand":[2718,2719],"product_cat":[247,75,198],"product_tag":[278,2893,4026,3905,352,2168,3299,641,1637,726,4188,4290,1655,322,4323,3849,1672,2115,473,2146,4324,3825,642,1417,493,2897,1332,277,4178,987,4321,281,1087,483,4325,4173,3057,977,2678,2679,3824,491,4320],"class_list":{"0":"post-43685","1":"product","2":"type-product","3":"status-publish","4":"has-post-thumbnail","6":"product_brand-gasia-casuals","7":"product_brand-gasia-protect","8":"product_cat-hediyelik","9":"product_cat-kolye","10":"product_cat-eye-collection","11":"product_tag-altin-kolye","12":"product_tag-artisan-necklace","13":"product_tag-chic-necklace","14":"product_tag-collectible-jewelry","15":"product_tag-contemporary-jewelry","16":"product_tag-delicate-necklace","17":"product_tag-designer-jewelry","18":"product_tag-diamond-pendant-necklace","19":"product_tag-elegant-necklace","20":"product_tag-evil-eye-necklace","21":"product_tag-fashion-jewelry","22":"product_tag-feminine-jewelry","23":"product_tag-fine-jewelry","24":"product_tag-gold-necklace","25":"product_tag-good-luck-jewelry","26":"product_tag-gunluk-sik-kolye","27":"product_tag-handcrafted-jewelry","28":"product_tag-heart-necklace","29":"product_tag-kadin-kolye","30":"product_tag-kalp-kolye","31":"product_tag-ladybug-charm-necklace","32":"product_tag-ladybug-necklace","33":"product_tag-lucky-charm-necklace","34":"product_tag-luxury-necklace","35":"product_tag-luxury-pendant","36":"product_tag-meaningful-jewelry","37":"product_tag-modern-kadin-kolye","38":"product_tag-modern-kolye","39":"product_tag-modern-luxury-jewelry","40":"product_tag-mother-of-pearl-necklace","41":"product_tag-natural-mother-of-pearl","42":"product_tag-nazar-boncuklu-kolye","43":"product_tag-nazar-kolyesi","44":"product_tag-ozel-tasarim-kolye","45":"product_tag-positive-energy-jewelry","46":"product_tag-premium-jewelry","47":"product_tag-romantic-necklace","48":"product_tag-sedef-kolye","49":"product_tag-stylish-necklace","50":"product_tag-symbolic-jewelry","51":"product_tag-ugur-bocegi-kolye","52":"product_tag-unique-pendant-necklace","53":"product_tag-white-shell-necklace","54":"pa_cinsiyet-kadin","56":"first","57":"instock","58":"sale","59":"shipping-taxable","60":"purchasable","61":"product-type-simple"},"_links":{"self":[{"href":"https:\/\/www.gasia.com.tr\/en\/wp-json\/wp\/v2\/product\/43685","targetHints":{"allow":["GET"]}}],"collection":[{"href":"https:\/\/www.gasia.com.tr\/en\/wp-json\/wp\/v2\/product"}],"about":[{"href":"https:\/\/www.gasia.com.tr\/en\/wp-json\/wp\/v2\/types\/product"}],"replies":[{"embeddable":true,"href":"https:\/\/www.gasia.com.tr\/en\/wp-json\/wp\/v2\/comments?post=43685"}],"version-history":[{"count":3,"href":"https:\/\/www.gasia.com.tr\/en\/wp-json\/wp\/v2\/product\/43685\/revisions"}],"predecessor-version":[{"id":43771,"href":"https:\/\/www.gasia.com.tr\/en\/wp-json\/wp\/v2\/product\/43685\/revisions\/43771"}],"wp:featuredmedia":[{"embeddable":true,"href":"https:\/\/www.gasia.com.tr\/en\/wp-json\/wp\/v2\/media\/43650"}],"wp:attachment":[{"href":"https:\/\/www.gasia.com.tr\/en\/wp-json\/wp\/v2\/media?parent=43685"}],"wp:term":[{"taxonomy":"product_brand","embeddable":true,"href":"https:\/\/www.gasia.com.tr\/en\/wp-json\/wp\/v2\/product_brand?post=43685"},{"taxonomy":"product_cat","embeddable":true,"href":"https:\/\/www.gasia.com.tr\/en\/wp-json\/wp\/v2\/product_cat?post=43685"},{"taxonomy":"product_tag","embeddable":true,"href":"https:\/\/www.gasia.com.tr\/en\/wp-json\/wp\/v2\/product_tag?post=43685"}],"curies":[{"name":"wp","href":"https:\/\/api.w.org\/{rel}","templated":true}]}}